{"id":424,"date":"2025-03-06T08:37:11","date_gmt":"2025-03-06T07:37:11","guid":{"rendered":"https:\/\/new.guidedelcervino.com\/panier\/"},"modified":"2025-06-19T09:01:08","modified_gmt":"2025-06-19T07:01:08","slug":"panier","status":"publish","type":"page","link":"https:\/\/www.guidedelcervino.com\/fr\/panier\/","title":{"rendered":"Panier"},"content":{"rendered":"\r\n<div data-block-name=\"woocommerce\/cart\" class=\"wp-block-woocommerce-cart alignwide is-loading\">\r\n<div data-block-name=\"woocommerce\/filled-cart-block\" class=\"wp-block-woocommerce-filled-cart-block\">\r\n<div data-block-name=\"woocommerce\/cart-items-block\" class=\"wp-block-woocommerce-cart-items-block\">\r\n<div data-block-name=\"woocommerce\/cart-line-items-block\" class=\"wp-block-woocommerce-cart-line-items-block\">\u00a0<\/div>\r\n\r\n\r\n\r\n<div data-block-name=\"woocommerce\/cart-cross-sells-block\" class=\"wp-block-woocommerce-cart-cross-sells-block\">\r\n<h2 class=\"wp-block-heading has-large-font-size\">Potresti essere interessato anche a\u2026<\/h2>\r\n\r\n\r\n\r\n<div data-block-name=\"woocommerce\/cart-cross-sells-products-block\" class=\"wp-block-woocommerce-cart-cross-sells-products-block\">\u00a0<\/div>\r\n<\/div>\r\n<\/div>\r\n\r\n\r\n\r\n<div data-block-name=\"woocommerce\/cart-totals-block\" class=\"wp-block-woocommerce-cart-totals-block\">\r\n<div data-block-name=\"woocommerce\/cart-order-summary-block\" class=\"wp-block-woocommerce-cart-order-summary-block\">\r\n<div data-block-name=\"woocommerce\/cart-order-summary-heading-block\" class=\"wp-block-woocommerce-cart-order-summary-heading-block\">\u00a0<\/div>\r\n\r\n\r\n\r\n<div data-block-name=\"woocommerce\/cart-order-summary-coupon-form-block\" class=\"wp-block-woocommerce-cart-order-summary-coupon-form-block\">\u00a0<\/div>\r\n\r\n\r\n\r\n\r\n\r\n\r\n\r\n\r\n\r\n\r\n\r\n\r\n\r\n\r\n\r\n\r\n\r\n\r\n\r\n<div data-block-name=\"woocommerce\/cart-order-summary-totals-block\" class=\"wp-block-woocommerce-cart-order-summary-totals-block\">\n<div data-block-name=\"woocommerce\/cart-order-summary-subtotal-block\" class=\"wp-block-woocommerce-cart-order-summary-subtotal-block\">\u00a0<\/div>\n<div data-block-name=\"woocommerce\/cart-order-summary-discount-block\" class=\"wp-block-woocommerce-cart-order-summary-discount-block\">\u00a0<\/div>\n<div data-block-name=\"woocommerce\/cart-order-summary-fee-block\" class=\"wp-block-woocommerce-cart-order-summary-fee-block\">\u00a0<\/div>\n<div data-block-name=\"woocommerce\/cart-order-summary-shipping-block\" class=\"wp-block-woocommerce-cart-order-summary-shipping-block\">\u00a0<\/div>\n<div data-block-name=\"woocommerce\/cart-order-summary-taxes-block\" class=\"wp-block-woocommerce-cart-order-summary-taxes-block\">\u00a0<\/div><\/div>\r\n<\/div>\r\n\r\n\r\n\r\n<div data-block-name=\"woocommerce\/cart-express-payment-block\" class=\"wp-block-woocommerce-cart-express-payment-block\">\u00a0<\/div>\r\n\r\n\r\n\r\n<div data-block-name=\"woocommerce\/proceed-to-checkout-block\" class=\"wp-block-woocommerce-proceed-to-checkout-block\">\u00a0<\/div>\r\n\r\n\r\n\r\n<div data-block-name=\"woocommerce\/cart-accepted-payment-methods-block\" class=\"wp-block-woocommerce-cart-accepted-payment-methods-block\">\u00a0<\/div>\r\n<\/div>\r\n<\/div>\r\n\r\n\r\n\r\n<div data-block-name=\"woocommerce\/empty-cart-block\" class=\"wp-block-woocommerce-empty-cart-block\">\r\n<h2 class=\"wp-block-heading has-text-align-center with-empty-cart-icon wc-block-cart__empty-cart__title\">Il tuo carrello \u00e8 attualmente vuoto!<\/h2>\r\n\r\n\r\n<hr class=\"wp-block-separator has-alpha-channel-opacity is-style-dots\" \/>\r\n\r\n\r\n<h2 class=\"wp-block-heading has-text-align-center\">Novit\u00e0 in negozio<\/h2>\r\n\r\n\r\n<div data-block-name=\"woocommerce\/product-new\" data-columns=\"4\" data-rows=\"1\" class=\"wc-block-grid wp-block-product-new wp-block-woocommerce-product-new wc-block-product-new has-4-columns\"><ul class=\"wc-block-grid__products\"><li class=\"wc-block-grid__product\">\n\t\t\t\t<a href=\"https:\/\/www.guidedelcervino.com\/fr\/attivita\/derniere-minute\/salita-di-gruppo-al-gran-paradiso-sci-alpinismo\/\" class=\"wc-block-grid__product-link\">\n\t\t\t\t\t\n\t\t\t\t\t<div class=\"wc-block-grid__product-image\"><img loading=\"lazy\" decoding=\"async\" width=\"300\" height=\"300\" src=\"https:\/\/www.guidedelcervino.com\/wp-content\/uploads\/2026\/03\/20240424_121210-300x300.jpg\" class=\"attachment-woocommerce_thumbnail size-woocommerce_thumbnail\" alt=\"Salita di gruppo al Gran Paradiso sci alpinismo\" srcset=\"https:\/\/www.guidedelcervino.com\/wp-content\/uploads\/2026\/03\/20240424_121210-300x300.jpg 300w, https:\/\/www.guidedelcervino.com\/wp-content\/uploads\/2026\/03\/20240424_121210-256x256.jpg 256w, https:\/\/www.guidedelcervino.com\/wp-content\/uploads\/2026\/03\/20240424_121210-128x128.jpg 128w, https:\/\/www.guidedelcervino.com\/wp-content\/uploads\/2026\/03\/20240424_121210-384x384.jpg 384w, https:\/\/www.guidedelcervino.com\/wp-content\/uploads\/2026\/03\/20240424_121210-512x512.jpg 512w, https:\/\/www.guidedelcervino.com\/wp-content\/uploads\/2026\/03\/20240424_121210-100x100.jpg 100w\" sizes=\"auto, (max-width: 300px) 100vw, 300px\" \/><\/div>\n\t\t\t\t\t<div class=\"wc-block-grid__product-title\">Salita di gruppo al Gran Paradiso sci alpinismo<\/div>\n\t\t\t\t<\/a>\n\t\t\t\t<div class=\"wc-block-grid__product-price price\"><span class=\"woocommerce-Price-amount amount\">350,00&nbsp;<span class=\"woocommerce-Price-currencySymbol\">&euro;<\/span><\/span><\/div>\n\t\t\t\t\n\t\t\t\t<div class=\"wp-block-button wc-block-grid__product-add-to-cart\"><a href=\"https:\/\/www.guidedelcervino.com\/fr\/attivita\/derniere-minute\/salita-di-gruppo-al-gran-paradiso-sci-alpinismo\/\" aria-label=\"S\u00e9lectionner les options pour &ldquo;Salita di gruppo al Gran Paradiso sci alpinismo&rdquo;\" data-quantity=\"1\" data-product_id=\"24688\" data-product_sku=\"\" data-price=\"0\" rel=\"nofollow\" class=\"wp-block-button__link wp-element-button add_to_cart_button\">Lire la suite<\/a><\/div>\n\t\t\t<\/li><li class=\"wc-block-grid__product\">\n\t\t\t\t<a href=\"https:\/\/www.guidedelcervino.com\/fr\/attivita\/derniere-minute\/salita-di-gruppo-alla-capanna-margherita-con-gli-sc\/\" class=\"wc-block-grid__product-link\">\n\t\t\t\t\t\n\t\t\t\t\t<div class=\"wc-block-grid__product-image\"><img loading=\"lazy\" decoding=\"async\" width=\"300\" height=\"300\" src=\"https:\/\/www.guidedelcervino.com\/wp-content\/uploads\/2025\/05\/capanna-margherita-4554m-il-rifugio-piu-alto-deuropa-001-300x300.jpg\" class=\"attachment-woocommerce_thumbnail size-woocommerce_thumbnail\" alt=\"Salita di Gruppo alla Capanna Margherita sci alpinismo\" srcset=\"https:\/\/www.guidedelcervino.com\/wp-content\/uploads\/2025\/05\/capanna-margherita-4554m-il-rifugio-piu-alto-deuropa-001-300x300.jpg 300w, https:\/\/www.guidedelcervino.com\/wp-content\/uploads\/2025\/05\/capanna-margherita-4554m-il-rifugio-piu-alto-deuropa-001-256x256.jpg 256w, https:\/\/www.guidedelcervino.com\/wp-content\/uploads\/2025\/05\/capanna-margherita-4554m-il-rifugio-piu-alto-deuropa-001-128x128.jpg 128w, https:\/\/www.guidedelcervino.com\/wp-content\/uploads\/2025\/05\/capanna-margherita-4554m-il-rifugio-piu-alto-deuropa-001-384x384.jpg 384w, https:\/\/www.guidedelcervino.com\/wp-content\/uploads\/2025\/05\/capanna-margherita-4554m-il-rifugio-piu-alto-deuropa-001-512x512.jpg 512w, https:\/\/www.guidedelcervino.com\/wp-content\/uploads\/2025\/05\/capanna-margherita-4554m-il-rifugio-piu-alto-deuropa-001-100x100.jpg 100w\" sizes=\"auto, (max-width: 300px) 100vw, 300px\" \/><\/div>\n\t\t\t\t\t<div class=\"wc-block-grid__product-title\">Salita di Gruppo alla Capanna Margherita sci alpinismo<\/div>\n\t\t\t\t<\/a>\n\t\t\t\t<div class=\"wc-block-grid__product-price price\"><span class=\"woocommerce-Price-amount amount\">350,00&nbsp;<span class=\"woocommerce-Price-currencySymbol\">&euro;<\/span><\/span><\/div>\n\t\t\t\t\n\t\t\t\t<div class=\"wp-block-button wc-block-grid__product-add-to-cart\"><a href=\"https:\/\/www.guidedelcervino.com\/fr\/attivita\/derniere-minute\/salita-di-gruppo-alla-capanna-margherita-con-gli-sc\/\" aria-label=\"S\u00e9lectionner les options pour &ldquo;Salita di Gruppo alla Capanna Margherita sci alpinismo&rdquo;\" data-quantity=\"1\" data-product_id=\"24662\" data-product_sku=\"\" data-price=\"0\" rel=\"nofollow\" class=\"wp-block-button__link wp-element-button add_to_cart_button\">Lire la suite<\/a><\/div>\n\t\t\t<\/li><li class=\"wc-block-grid__product\">\n\t\t\t\t<a href=\"https:\/\/www.guidedelcervino.com\/fr\/attivita\/cours\/stage-descalade-sur-glace\/\" class=\"wc-block-grid__product-link\">\n\t\t\t\t\t\n\t\t\t\t\t<div class=\"wc-block-grid__product-image\"><img loading=\"lazy\" decoding=\"async\" width=\"300\" height=\"300\" src=\"https:\/\/www.guidedelcervino.com\/wp-content\/uploads\/2025\/05\/ice-park-di-perreres-battesimo-del-ghiaccio-001-300x300.jpg\" class=\"attachment-woocommerce_thumbnail size-woocommerce_thumbnail\" alt=\"Stage d&#039;escalade sur glace\" srcset=\"https:\/\/www.guidedelcervino.com\/wp-content\/uploads\/2025\/05\/ice-park-di-perreres-battesimo-del-ghiaccio-001-300x300.jpg 300w, https:\/\/www.guidedelcervino.com\/wp-content\/uploads\/2025\/05\/ice-park-di-perreres-battesimo-del-ghiaccio-001-256x256.jpg 256w, https:\/\/www.guidedelcervino.com\/wp-content\/uploads\/2025\/05\/ice-park-di-perreres-battesimo-del-ghiaccio-001-128x128.jpg 128w, https:\/\/www.guidedelcervino.com\/wp-content\/uploads\/2025\/05\/ice-park-di-perreres-battesimo-del-ghiaccio-001-384x384.jpg 384w, https:\/\/www.guidedelcervino.com\/wp-content\/uploads\/2025\/05\/ice-park-di-perreres-battesimo-del-ghiaccio-001-512x512.jpg 512w, https:\/\/www.guidedelcervino.com\/wp-content\/uploads\/2025\/05\/ice-park-di-perreres-battesimo-del-ghiaccio-001-100x100.jpg 100w\" sizes=\"auto, (max-width: 300px) 100vw, 300px\" \/><\/div>\n\t\t\t\t\t<div class=\"wc-block-grid__product-title\">Stage d'escalade sur glace<\/div>\n\t\t\t\t<\/a>\n\t\t\t\t<div class=\"wc-block-grid__product-price price\"><span class=\"woocommerce-Price-amount amount\">200,00&nbsp;<span class=\"woocommerce-Price-currencySymbol\">&euro;<\/span><\/span><\/div>\n\t\t\t\t\n\t\t\t\t<div class=\"wp-block-button wc-block-grid__product-add-to-cart\"><a href=\"https:\/\/www.guidedelcervino.com\/fr\/attivita\/cours\/stage-descalade-sur-glace\/\" aria-label=\"S\u00e9lectionner les options pour &ldquo;Stage d&#039;escalade sur glace&rdquo;\" data-quantity=\"1\" data-product_id=\"13505\" data-product_sku=\"\" data-price=\"0\" rel=\"nofollow\" class=\"wp-block-button__link wp-element-button add_to_cart_button\">Lire la suite<\/a><\/div>\n\t\t\t<\/li><li class=\"wc-block-grid__product\">\n\t\t\t\t<a href=\"https:\/\/www.guidedelcervino.com\/fr\/attivita\/cours\/stage-avance-de-ski-de-randonnee\/\" class=\"wc-block-grid__product-link\">\n\t\t\t\t\t\n\t\t\t\t\t<div class=\"wc-block-grid__product-image\"><img loading=\"lazy\" decoding=\"async\" width=\"300\" height=\"300\" src=\"https:\/\/www.guidedelcervino.com\/wp-content\/uploads\/2025\/11\/Guide-Cervino_Millet_PH-Stefano-Jeantet-41-scaled-e1763571644111-300x300.jpg\" class=\"attachment-woocommerce_thumbnail size-woocommerce_thumbnail\" alt=\"Stage avanc\u00e9 de ski de randonn\u00e9e\" srcset=\"https:\/\/www.guidedelcervino.com\/wp-content\/uploads\/2025\/11\/Guide-Cervino_Millet_PH-Stefano-Jeantet-41-scaled-e1763571644111-300x300.jpg 300w, https:\/\/www.guidedelcervino.com\/wp-content\/uploads\/2025\/11\/Guide-Cervino_Millet_PH-Stefano-Jeantet-41-scaled-e1763571644111-256x256.jpg 256w, https:\/\/www.guidedelcervino.com\/wp-content\/uploads\/2025\/11\/Guide-Cervino_Millet_PH-Stefano-Jeantet-41-scaled-e1763571644111-128x128.jpg 128w, https:\/\/www.guidedelcervino.com\/wp-content\/uploads\/2025\/11\/Guide-Cervino_Millet_PH-Stefano-Jeantet-41-scaled-e1763571644111-384x384.jpg 384w, https:\/\/www.guidedelcervino.com\/wp-content\/uploads\/2025\/11\/Guide-Cervino_Millet_PH-Stefano-Jeantet-41-scaled-e1763571644111-512x512.jpg 512w, https:\/\/www.guidedelcervino.com\/wp-content\/uploads\/2025\/11\/Guide-Cervino_Millet_PH-Stefano-Jeantet-41-scaled-e1763571644111-100x100.jpg 100w\" sizes=\"auto, (max-width: 300px) 100vw, 300px\" \/><\/div>\n\t\t\t\t\t<div class=\"wc-block-grid__product-title\">Stage avanc\u00e9 de ski de randonn\u00e9e<\/div>\n\t\t\t\t<\/a>\n\t\t\t\t<div class=\"wc-block-grid__product-price price\"><span class=\"woocommerce-Price-amount amount\">450,00&nbsp;<span class=\"woocommerce-Price-currencySymbol\">&euro;<\/span><\/span><\/div>\n\t\t\t\t\n\t\t\t\t<div class=\"wp-block-button wc-block-grid__product-add-to-cart\"><a href=\"https:\/\/www.guidedelcervino.com\/fr\/attivita\/cours\/stage-avance-de-ski-de-randonnee\/\" aria-label=\"S\u00e9lectionner les options pour &ldquo;Stage avanc\u00e9 de ski de randonn\u00e9e&rdquo;\" data-quantity=\"1\" data-product_id=\"13495\" data-product_sku=\"\" data-price=\"0\" rel=\"nofollow\" class=\"wp-block-button__link wp-element-button add_to_cart_button\">Lire la suite<\/a><\/div>\n\t\t\t<\/li><\/ul><\/div><\/div>\r\n<\/div>\r\n","protected":false},"excerpt":{"rendered":"","protected":false},"author":1,"featured_media":0,"parent":0,"menu_order":41,"comment_status":"closed","ping_status":"closed","template":"","meta":{"_acf_changed":false,"footnotes":""},"class_list":["post-424","page","type-page","status-publish","hentry"],"acf":[],"_links":{"self":[{"href":"https:\/\/www.guidedelcervino.com\/fr\/wp-json\/wp\/v2\/pages\/424","targetHints":{"allow":["GET"]}}],"collection":[{"href":"https:\/\/www.guidedelcervino.com\/fr\/wp-json\/wp\/v2\/pages"}],"about":[{"href":"https:\/\/www.guidedelcervino.com\/fr\/wp-json\/wp\/v2\/types\/page"}],"author":[{"embeddable":true,"href":"https:\/\/www.guidedelcervino.com\/fr\/wp-json\/wp\/v2\/users\/1"}],"replies":[{"embeddable":true,"href":"https:\/\/www.guidedelcervino.com\/fr\/wp-json\/wp\/v2\/comments?post=424"}],"version-history":[{"count":1,"href":"https:\/\/www.guidedelcervino.com\/fr\/wp-json\/wp\/v2\/pages\/424\/revisions"}],"predecessor-version":[{"id":13157,"href":"https:\/\/www.guidedelcervino.com\/fr\/wp-json\/wp\/v2\/pages\/424\/revisions\/13157"}],"wp:attachment":[{"href":"https:\/\/www.guidedelcervino.com\/fr\/wp-json\/wp\/v2\/media?parent=424"}],"curies":[{"name":"wp","href":"https:\/\/api.w.org\/{rel}","templated":true}]}}