{"id":629,"date":"2025-03-06T09:32:55","date_gmt":"2025-03-06T08:32:55","guid":{"rendered":"https:\/\/new.guidedelcervino.com\/il-museo\/"},"modified":"2025-09-22T10:03:42","modified_gmt":"2025-09-22T08:03:42","slug":"le-musee","status":"publish","type":"page","link":"https:\/\/www.guidedelcervino.com\/fr\/le-musee\/","title":{"rendered":"Le mus\u00e9e"},"content":{"rendered":"<p>Le mus\u00e9e des guides de montagne du Cervin se trouve dans la salle Franco Oberti, au premier \u00e9tage du si\u00e8ge de la Soci\u00e9t\u00e9 des guides de montagne.<br \/>\nCr\u00e9\u00e9 avec la contribution du Club Amici del Cervino (Club des Amis du Cervin), il pr\u00e9sente le contenu du livre consacr\u00e9 \u00e0 l'histoire des guides de montagne du Cervin dans un cadre mus\u00e9al, en relatant leurs exploits depuis 1865 et en se tournant vers l'avenir.<br \/>\nDes vid\u00e9os sont disponibles et il est possible de visiter la cabane Luigi Amedeo di Savoia situ\u00e9e \u00e0 l'ext\u00e9rieur.<\/p>\n","protected":false},"excerpt":{"rendered":"<p>Le mus\u00e9e des guides de montagne du Cervin se trouve dans la salle Franco Oberti, au premier \u00e9tage du si\u00e8ge de la Soci\u00e9t\u00e9 des guides de montagne. Cr\u00e9\u00e9 avec la contribution du Club Amici del Cervino (Club des Amis du Cervin), il pr\u00e9sente le contenu du livre consacr\u00e9 \u00e0 l'histoire des guides de montagne du [&hellip;]<\/p>\n","protected":false},"author":1,"featured_media":0,"parent":0,"menu_order":7,"comment_status":"closed","ping_status":"closed","template":"","meta":{"_acf_changed":false,"footnotes":""},"class_list":["post-629","page","type-page","status-publish","hentry"],"acf":[],"_links":{"self":[{"href":"https:\/\/www.guidedelcervino.com\/fr\/wp-json\/wp\/v2\/pages\/629","targetHints":{"allow":["GET"]}}],"collection":[{"href":"https:\/\/www.guidedelcervino.com\/fr\/wp-json\/wp\/v2\/pages"}],"about":[{"href":"https:\/\/www.guidedelcervino.com\/fr\/wp-json\/wp\/v2\/types\/page"}],"author":[{"embeddable":true,"href":"https:\/\/www.guidedelcervino.com\/fr\/wp-json\/wp\/v2\/users\/1"}],"replies":[{"embeddable":true,"href":"https:\/\/www.guidedelcervino.com\/fr\/wp-json\/wp\/v2\/comments?post=629"}],"version-history":[{"count":2,"href":"https:\/\/www.guidedelcervino.com\/fr\/wp-json\/wp\/v2\/pages\/629\/revisions"}],"predecessor-version":[{"id":12810,"href":"https:\/\/www.guidedelcervino.com\/fr\/wp-json\/wp\/v2\/pages\/629\/revisions\/12810"}],"wp:attachment":[{"href":"https:\/\/www.guidedelcervino.com\/fr\/wp-json\/wp\/v2\/media?parent=629"}],"curies":[{"name":"wp","href":"https:\/\/api.w.org\/{rel}","templated":true}]}}