{"id":643,"date":"2025-03-06T09:33:29","date_gmt":"2025-03-06T08:33:29","guid":{"rendered":"https:\/\/new.guidedelcervino.com\/il-club\/"},"modified":"2025-09-22T10:09:00","modified_gmt":"2025-09-22T08:09:00","slug":"le-club","status":"publish","type":"page","link":"https:\/\/www.guidedelcervino.com\/fr\/le-club\/","title":{"rendered":"Le club"},"content":{"rendered":"<p>Le club Amici del Cervino a \u00e9t\u00e9 fond\u00e9 en 1965 \u00e0 l\u2019occasion des manifestations organis\u00e9es \u00e0 l\u2019occasion des c\u00e9l\u00e9brations du 1er centenaire de la conqu\u00eate du Cervin.<\/p>\n<p>Fond\u00e9 par le comte Guido Monzino, pr\u00e9sident d\u2019honneur et par Jean Bich, pr\u00e9sident des Guides de l\u2019\u00e9poque, dans le but d\u2019unir id\u00e9alement tous ceux qui ont fait l\u2019ascension du Cervin avec un guide de la compagnie, en communiquant aux autres la passion, les efforts et les satisfactions \u00e0 faire cette ascension.<\/p>\n<p>Le Club Amici del Cervino est une association libre, sans but politique ni but lucratif, qui s\u2019adresse \u00e0 tous ceux qui souhaitent nourrir les liens d\u2019amiti\u00e9 et de solidarit\u00e9 de l\u2019alpinisme en collaborant avec la Soci\u00e9t\u00e9 des Guides du Cervin, en promouvant et en soutenant les initiatives, en diffusant le savoir et en valorisant son activit\u00e9 et son histoire.<\/p>\n<p>En 1999, gr\u00e2ce au pr\u00e9sident de la Soci\u00e9t\u00e9 des Guides Andrea Perron, un rassemblement de tous les membres connus est organis\u00e9 dans le but de les impliquer dans le projet de construction du si\u00e8ge officiel du club Amici del Cervino.<\/p>\n<p>En 2002, le pr\u00e9sident Walter Cazzanelli et l\u2019ex-pr\u00e9sident des guides Rinaldo Carrel, avec la contribution de l\u2019administration municipale de Valtournenche, en la personne du maire Giorgio Pession, organisent une assembl\u00e9e g\u00e9n\u00e9rale des membres, o\u00f9 les lignes sont \u00e9tablies pour la r\u00e9daction et l\u2019approbation d\u2019un statut r\u00e9el.<\/p>\n<p>Apr\u00e8s des ann\u00e9es d\u2019activit\u00e9 intense et laborieuse, le nouveau si\u00e8ge des Guides du Cervin a \u00e9t\u00e9 officiellement inaugur\u00e9 en 2009, gr\u00e2ce \u00e0 la disponibilit\u00e9 de la soci\u00e9t\u00e9 Cervino SpA, propri\u00e9taire du terrain et du b\u00e2timent \u00e0 reconstruire, \u00e0 l\u2019Office du Tourisme r\u00e9gional, au sacrifice des guides \u00e9m\u00e9rites et les guides en activit\u00e9, dirig\u00e9s par le pr\u00e9sident Lucio Trucco, soutenus par les amis de Franco Oberti, le comte Franco Grandi et sa fille Allegra, le guide Giovanni Herin, \u00e0 Mme Rita Ajmone Cat, le guide Rinaldo Carrel, \u00e0 Mme Gisella Alberti, au professeur Giovanni Zanetti (pr\u00e9sident actuel du Club Amici), aux guides Antonio Carrel et Luigi Pession, \u00e0 la m\u00e9moire de l\u2019avocat Vittorino Chiusano, de Signora Trabaldo et de la mythique secr\u00e9taire des guides Adriana Pession \u2026 pour ne citer que quelques-uns des plus proches, qui sont constamment en contact avec les guides et leurs amis.<\/p>\n<p>Au d\u00e9but des ann\u00e9es 2000, le club a coordonn\u00e9 plusieurs initiatives de diffusion au moyen de conf\u00e9rences, de projections et d\u2019\u00e9v\u00e9nements.<\/p>\n<p>De nombreux jeunes aspirants ont exprim\u00e9 leur volont\u00e9 d\u2019exercer le m\u00e9tier de guide de haute montagne. Pour cette raison, le Club et la Soci\u00e9t\u00e9 des guides ont organis\u00e9 le premier cours pr\u00e9paratoire au cours de guide, dirig\u00e9 par les guides Marco Barmasse et Luigi Pession. Tous les participants \u00e0 l\u2019initiative exercent encore la profession.<\/p>\n<p><strong>Conna\u00eetre et respecter l\u2019histoire du Cervin et de ses guides doit contribuer \u00e0 transmettre une nouvelle vie pour un avenir plein d\u2019espoir et d\u2019activit\u00e9 pour les nouvelles g\u00e9n\u00e9rations.<\/strong><\/p>\n<p>\u00c0 ce jour, les membres du club repr\u00e9sentent plus de six cents unit\u00e9s.<\/p>\n","protected":false},"excerpt":{"rendered":"<p>Le club Amici del Cervino a \u00e9t\u00e9 fond\u00e9 en 1965 \u00e0 l\u2019occasion des manifestations organis\u00e9es \u00e0 l\u2019occasion des c\u00e9l\u00e9brations du 1er centenaire de la conqu\u00eate du Cervin. Fond\u00e9 par le comte Guido Monzino, pr\u00e9sident d\u2019honneur et par Jean Bich, pr\u00e9sident des Guides de l\u2019\u00e9poque, dans le but d\u2019unir id\u00e9alement tous ceux qui ont fait l\u2019ascension [&hellip;]<\/p>\n","protected":false},"author":1,"featured_media":0,"parent":0,"menu_order":14,"comment_status":"closed","ping_status":"closed","template":"","meta":{"_acf_changed":false,"footnotes":""},"class_list":["post-643","page","type-page","status-publish","hentry"],"acf":[],"_links":{"self":[{"href":"https:\/\/www.guidedelcervino.com\/fr\/wp-json\/wp\/v2\/pages\/643","targetHints":{"allow":["GET"]}}],"collection":[{"href":"https:\/\/www.guidedelcervino.com\/fr\/wp-json\/wp\/v2\/pages"}],"about":[{"href":"https:\/\/www.guidedelcervino.com\/fr\/wp-json\/wp\/v2\/types\/page"}],"author":[{"embeddable":true,"href":"https:\/\/www.guidedelcervino.com\/fr\/wp-json\/wp\/v2\/users\/1"}],"replies":[{"embeddable":true,"href":"https:\/\/www.guidedelcervino.com\/fr\/wp-json\/wp\/v2\/comments?post=643"}],"version-history":[{"count":2,"href":"https:\/\/www.guidedelcervino.com\/fr\/wp-json\/wp\/v2\/pages\/643\/revisions"}],"predecessor-version":[{"id":12957,"href":"https:\/\/www.guidedelcervino.com\/fr\/wp-json\/wp\/v2\/pages\/643\/revisions\/12957"}],"wp:attachment":[{"href":"https:\/\/www.guidedelcervino.com\/fr\/wp-json\/wp\/v2\/media?parent=643"}],"curies":[{"name":"wp","href":"https:\/\/api.w.org\/{rel}","templated":true}]}}