{"id":661,"date":"2025-03-06T09:34:39","date_gmt":"2025-03-06T08:34:39","guid":{"rendered":"https:\/\/new.guidedelcervino.com\/condizioni-di-vendita\/"},"modified":"2025-12-01T15:59:28","modified_gmt":"2025-12-01T14:59:28","slug":"conditions-de-vente","status":"publish","type":"page","link":"https:\/\/www.guidedelcervino.com\/fr\/conditions-de-vente\/","title":{"rendered":"Conditions de vente"},"content":{"rendered":"<p class=\"p1\"><b>Conditions \u00c9conomiques et de Vente<\/b><\/p>\n<p class=\"p2\"><b>Conditions \u00c9conomiques<\/b><\/p>\n<ul class=\"ul1\">\n<li class=\"li4\"><b>Prix et Tarifs :<\/b> Les prix indiqu\u00e9s se r\u00e9f\u00e8rent uniquement aux honoraires du Guide et ne comprennent pas, sauf indication contraire dans l'offre, d'autres frais \u00e9ventuels tels que la nourriture et l'h\u00e9bergement dans les refuges, bars, h\u00f4tels, les frais de remont\u00e9es m\u00e9caniques, les frais de transfert, etc.<\/li>\n<li class=\"li4\"><b>Frais Suppl\u00e9mentaires :<\/b> Les frais suppl\u00e9mentaires du guide et les d\u00e9penses personnelles (nourriture, h\u00e9bergement dans les refuges, bars, h\u00f4tels, etc. ; remont\u00e9es m\u00e9caniques ; transferts...) sont \u00e0 la charge des participants et seront r\u00e9partis \u00e9quitablement entre eux.<\/li>\n<li class=\"li5\"><b>Mat\u00e9riel Personnel :<\/b> Pour certaines activit\u00e9s, l'utilisation de mat\u00e9riel personnel (baudriers, casques, piolets, crampons, DVA\/ARVA, etc.) est requise et n\u00e9cessaire. En nous contactant, il sera possible d'obtenir des informations plus d\u00e9taill\u00e9es et de v\u00e9rifier la possibilit\u00e9 de location aupr\u00e8s de nous, si celle-ci n'est pas incluse dans l'offre.<\/li>\n<\/ul>\n<p class=\"p2\"><b>Conditions de Vente<\/b><\/p>\n<ul class=\"ul1\">\n<li class=\"li4\"><b>Acompte :<\/b> Un acompte \u00e9gal \u00e0 <b>50% du montant des honoraires<\/b> doit \u00eatre vers\u00e9 au moment de la r\u00e9servation, suite aux accords avec le secr\u00e9tariat (sauf accords diff\u00e9rents entre l'organisateur et le client).<\/li>\n<li class=\"li4\"><b>R\u00e9servation tardive :<\/b> Si la r\u00e9servation a lieu dans les <b>3 jours pr\u00e9c\u00e9dant l'excursion<\/b>, le paiement anticip\u00e9 de la totalit\u00e9 du montant est requis.<\/li>\n<li class=\"li7\"><b>Confirmation :<\/b> <b>Seule la R\u00c9CEPTION DE L'ACOMPTE CONFIRMERA LA R\u00c9SERVATION.<\/b><b><\/b><\/li>\n<\/ul>\n<p class=\"p8\"><b>Modalit\u00e9s de Paiement :<\/b><\/p>\n<p class=\"p9\">Il est possible de payer :<\/p>\n<ul class=\"ul1\">\n<li class=\"li10\"><b>Par virement bancaire :<\/b><b><\/b>\n<ul class=\"ul1\">\n<li class=\"li10\">SOC. COOPERATIVA GUIDE DEL CERVINO<\/li>\n<li class=\"li10\">IBAN: IT 37 M 03069 31671 1000 0001 8221<\/li>\n<li class=\"li10\">BIC: BCITITMM<\/li>\n<li class=\"li10\">INTESA SANPAOLO S.P.A.<\/li>\n<li class=\"li10\">Via E. Chanoux, 88 - 11027 \u2013 Saint Vincent \u2013 AO<\/li>\n<\/ul>\n<\/li>\n<li class=\"li10\"><b>Par carte de cr\u00e9dit<\/b><b><\/b><\/li>\n<li class=\"li9\"><b>Directement aupr\u00e8s du Bureau des Guides du Cervin.<\/b><b><\/b><\/li>\n<\/ul>\n<p class=\"p2\"><b>R\u00e9siliation et Annulation<\/b><\/p>\n<table class=\"t1\" cellspacing=\"0\" cellpadding=\"0\">\n<tbody>\n<tr>\n<td class=\"td1\" valign=\"top\">\n<p class=\"p9\"><b>D\u00e9lai de R\u00e9siliation par le Client<\/b><b><\/b><\/p>\n<\/td>\n<td class=\"td1\" valign=\"top\">\n<p class=\"p9\"><b>Montant Retenu (de l'Acompte)<\/b><b><\/b><\/p>\n<\/td>\n<td class=\"td1\" valign=\"top\">\n<p class=\"p9\"><b>Montant Retenu (du Tarif Total)<\/b><b><\/b><\/p>\n<\/td>\n<\/tr>\n<tr>\n<td class=\"td2\" valign=\"top\">\n<p class=\"p9\">Plus de 20 jours avant l'activit\u00e9<\/p>\n<\/td>\n<td class=\"td2\" valign=\"top\">\n<p class=\"p9\">5% de l'acompte<\/p>\n<\/td>\n<td class=\"td2\" valign=\"top\">\n<p class=\"p9\">2,5% du tarif<\/p>\n<\/td>\n<\/tr>\n<tr>\n<td class=\"td1\" valign=\"top\">\n<p class=\"p9\">Entre 20 et 10 jours avant l'activit\u00e9<\/p>\n<\/td>\n<td class=\"td1\" valign=\"top\">\n<p class=\"p9\">50% de l'acompte<\/p>\n<\/td>\n<td class=\"td1\" valign=\"top\">\n<p class=\"p9\">25% du tarif<\/p>\n<\/td>\n<\/tr>\n<tr>\n<td class=\"td1\" valign=\"top\">\n<p class=\"p9\">Entre 10 et 3 jours avant l'activit\u00e9<\/p>\n<\/td>\n<td class=\"td1\" valign=\"top\">\n<p class=\"p9\">L'int\u00e9gralit\u00e9 de l'acompte<\/p>\n<\/td>\n<td class=\"td1\" valign=\"top\">\n<p class=\"p9\">50% du tarif<\/p>\n<\/td>\n<\/tr>\n<tr>\n<td class=\"td3\" valign=\"top\">\n<p class=\"p9\">Dans les 3 jours pr\u00e9c\u00e9dant l'excursion<\/p>\n<\/td>\n<td class=\"td3\" valign=\"top\">\n<p class=\"p9\">Le client est tenu au <b>paiement de la totalit\u00e9<\/b> du montant de la prestation.<\/p>\n<\/td>\n<td class=\"td3\" valign=\"top\">\n<p class=\"p9\">Le client est tenu au <b>paiement de la totalit\u00e9<\/b> du montant de la prestation.<\/p>\n<\/td>\n<\/tr>\n<\/tbody>\n<\/table>\n<ul class=\"ul1\">\n<li class=\"li10\"><b>Annulation par l'Organisateur :<\/b> En cas d'annulation par l'organisateur, le client pourra choisir de :\n<ul class=\"ul1\">\n<li class=\"li10\">B\u00e9n\u00e9ficier de la m\u00eame offre \u00e0 une p\u00e9riode ult\u00e9rieure ;<\/li>\n<li class=\"li10\">B\u00e9n\u00e9ficier d'une offre du m\u00eame prix ;<\/li>\n<li class=\"li10\">B\u00e9n\u00e9ficier d'une offre de prix inf\u00e9rieur (avec restitution de la diff\u00e9rence) ;<\/li>\n<li class=\"li9\">R\u00e9soudre le contrat sans frais suppl\u00e9mentaires, en obtenant le remboursement de l'acompte vers\u00e9.<\/li>\n<\/ul>\n<\/li>\n<\/ul>\n<p class=\"p2\"><b>Modifications de Programme pendant l'Activit\u00e9<\/b><\/p>\n<ul class=\"ul1\">\n<li class=\"li10\"><b>Pouvoir du Guide :<\/b> Le Guide responsable a la pleine facult\u00e9 de modifier ou d'annuler le programme pour des motifs justifi\u00e9s (conditions m\u00e9t\u00e9orologiques, conditions de la montagne, condition physique des participants, raisons de s\u00e9curit\u00e9, etc.).<\/li>\n<li class=\"li10\"><b>Alternatives :<\/b> Le Guide pourra proposer des solutions alternatives en indiquant les \u00e9ventuels co\u00fbts suppl\u00e9mentaires \u00e0 la charge des clients. Les clients sont libres d'accepter ou de refuser ces alternatives.<\/li>\n<li class=\"li9\"><b>Remboursement :<\/b> S'il y a une diff\u00e9rence entre les prestations convenues et celles effectivement fournies, l'organisateur proc\u00e9dera au remboursement du client dans les limites de cette diff\u00e9rence.<\/li>\n<\/ul>\n<p class=\"p2\"><b>Nombre Minimum de Participants<\/b><\/p>\n<ul class=\"ul1\">\n<li class=\"li4\">Les activit\u00e9s de groupe requi\u00e8rent un nombre minimum de participants pour \u00eatre confirm\u00e9es, tel qu'indiqu\u00e9 sur la page d\u00e9di\u00e9e \u00e0 l'activit\u00e9.<\/li>\n<li class=\"li4\"><b>Si le nombre minimum n'est pas atteint :<\/b> L'activit\u00e9 pourra \u00eatre annul\u00e9e ou il sera possible de :\n<ul class=\"ul1\">\n<li class=\"li4\">Payer un suppl\u00e9ment pour b\u00e9n\u00e9ficier d'un Guide de Montagne priv\u00e9 ;<\/li>\n<li class=\"li4\">D\u00e9placer la r\u00e9servation \u00e0 une autre date.<\/li>\n<\/ul>\n<\/li>\n<li class=\"li5\"><b>Remboursement :<\/b> Si aucune des options n'est r\u00e9alisable, les inscrits seront rembours\u00e9s.<\/li>\n<\/ul>\n<p class=\"p13\"><b>Couverture d'Assurance<\/b><\/p>\n<ul class=\"ul1\">\n<li class=\"li4\"><b>Assurance RCT :<\/b> Pendant le d\u00e9roulement des activit\u00e9s, chaque participant est couvert par l'assurance Responsabilit\u00e9 Civile (RC) du Guide responsable. Cette police couvre les clients pour les dommages \u00e9ventuels subis suite \u00e0 une n\u00e9gligence av\u00e9r\u00e9e du Guide.<\/li>\n<li class=\"li4\"><b>Recherche et Sauvetage :<\/b> Les frais de recherche, de sauvetage et\/ou de r\u00e9cup\u00e9ration sont \u00e9galement couverts.<\/li>\n<li class=\"li5\"><b>Conseil :<\/b> Il est conseill\u00e9 d'avoir une assurance personnelle contre les accidents.<\/li>\n<\/ul>\n<p class=\"p13\"><b>Location de Mat\u00e9riel<\/b><\/p>\n<ul class=\"ul1\">\n<li class=\"li4\"><b>Dommages :<\/b> Les \u00e9ventuels frais de r\u00e9paration du mat\u00e9riel lou\u00e9, r\u00e9sultant de dommages non dus \u00e0 l'usure normale, sont \u00e0 la charge du participant.<\/li>\n<li class=\"li4\"><b>Perte :<\/b> Le mat\u00e9riel perdu doit \u00eatre rembours\u00e9.<\/li>\n<li class=\"li4\"><b>Activation ABS :<\/b> Le co\u00fbt pour l'activation, m\u00eame involontaire, de nos sacs ABS sera factur\u00e9.<\/li>\n<li class=\"li5\"><b>Responsabilit\u00e9 :<\/b> La Societ\u00e0 Guide del Cervino n'est pas responsable des accidents caus\u00e9s par l'utilisation du mat\u00e9riel lou\u00e9.<\/li>\n<\/ul>\n<p class=\"p13\"><b>Droit \u00e0 l'Image<\/b><\/p>\n<p class=\"p7\">La Societ\u00e0 Guide del Cervino pourra utiliser, \u00e0 des fins promotionnelles, des photos prises pendant l'activit\u00e9. Les participants qui ne souhaitent pas appara\u00eetre sur les photos ou vid\u00e9os doivent le communiquer au Bureau des Guides ou au Guide en charge avant le d\u00e9but de l'activit\u00e9.<\/p>\n","protected":false},"excerpt":{"rendered":"<p>Conditions \u00c9conomiques et de Vente Conditions \u00c9conomiques Prix et Tarifs : Les prix indiqu\u00e9s se r\u00e9f\u00e8rent uniquement aux honoraires du Guide et ne comprennent pas, sauf indication contraire dans l'offre, d'autres frais \u00e9ventuels tels que la nourriture et l'h\u00e9bergement dans les refuges, bars, h\u00f4tels, les frais de remont\u00e9es m\u00e9caniques, les frais de transfert, etc. Frais [&hellip;]<\/p>\n","protected":false},"author":1,"featured_media":0,"parent":0,"menu_order":28,"comment_status":"closed","ping_status":"closed","template":"","meta":{"_acf_changed":false,"footnotes":""},"class_list":["post-661","page","type-page","status-publish","hentry"],"acf":[],"_links":{"self":[{"href":"https:\/\/www.guidedelcervino.com\/fr\/wp-json\/wp\/v2\/pages\/661","targetHints":{"allow":["GET"]}}],"collection":[{"href":"https:\/\/www.guidedelcervino.com\/fr\/wp-json\/wp\/v2\/pages"}],"about":[{"href":"https:\/\/www.guidedelcervino.com\/fr\/wp-json\/wp\/v2\/types\/page"}],"author":[{"embeddable":true,"href":"https:\/\/www.guidedelcervino.com\/fr\/wp-json\/wp\/v2\/users\/1"}],"replies":[{"embeddable":true,"href":"https:\/\/www.guidedelcervino.com\/fr\/wp-json\/wp\/v2\/comments?post=661"}],"version-history":[{"count":3,"href":"https:\/\/www.guidedelcervino.com\/fr\/wp-json\/wp\/v2\/pages\/661\/revisions"}],"predecessor-version":[{"id":19736,"href":"https:\/\/www.guidedelcervino.com\/fr\/wp-json\/wp\/v2\/pages\/661\/revisions\/19736"}],"wp:attachment":[{"href":"https:\/\/www.guidedelcervino.com\/fr\/wp-json\/wp\/v2\/media?parent=661"}],"curies":[{"name":"wp","href":"https:\/\/api.w.org\/{rel}","templated":true}]}}