{"id":13207,"date":"2025-05-24T14:46:12","date_gmt":"2025-05-24T12:46:12","guid":{"rendered":"https:\/\/new.guidedelcervino.com\/attivita\/non%20class\u00e9\/vie-di-arrampicata-al-paretone-di-arnad\/"},"modified":"2025-12-14T15:04:01","modified_gmt":"2025-12-14T14:04:01","slug":"les-voies-descalade-de-la-haute-muraille-darnad","status":"publish","type":"product","link":"https:\/\/www.guidedelcervino.com\/fr\/attivita\/itineraires-classiques\/les-voies-descalade-de-la-haute-muraille-darnad\/","title":{"rendered":"Les voies d'escalade d'Arnad"},"content":{"rendered":"<p><strong>Une Journ\u00e9e d'Escalade sur de magnifiques parois avec les Guides du Cervin.<\/strong><\/p>\n<p>Pour ceux qui aiment le <b>rocher solide, le soleil et les grandes dalles<\/b>, la basse Vall\u00e9e d'Aoste offre des sc\u00e9narios id\u00e9aux : du c\u00e9l\u00e8bre <b>Paretone d'Arnad<\/b> aux nombreuses falaises et voies longues qui pars\u00e8ment la vall\u00e9e.<\/p>\n<p>Avec les <b>Guides du Cervin<\/b>, vous pouvez vivre une journ\u00e9e d'escalade sur des voies classiques ou modernes, en adaptant le choix de l'itin\u00e9raire \u00e0 votre niveau et \u00e0 vos objectifs.<\/p>\n<p>Les voies de cette zone se d\u00e9veloppent principalement sur de l'<b>excellent gneiss ou du granite compact<\/b>, avec des difficult\u00e9s variables : des dalles inclin\u00e9es parfaites pour ceux qui veulent progresser en toute s\u00e9curit\u00e9, jusqu'aux itin\u00e9raires verticaux et techniques pour grimpeurs exp\u00e9riment\u00e9s.<\/p>\n<p><strong>Nos Suggestions:<\/strong><\/p>\n<p><b>Paretone d'Arnad<\/b><\/p>\n<p>Le \"classique\" de l'escalade en Vall\u00e9e d'Aoste :<\/p>\n<ul>\n<li>Voies historiques comme la \"<b>Bucce d'Arancia<\/b>\" (Peaux d'Orange), la \"<b>Topo pazzo<\/b>\"<\/li>\n<li>Difficult\u00e9s de <b>IV \u00e0 6a+<\/b><\/li>\n<li>D\u00e9veloppement vertical jusqu'\u00e0 <b>300 m\u00e8tres<\/b>, dans un environnement ensoleill\u00e9 et accessible<\/li>\n<li>Excellente \u00e9cole pour apprendre la gestion de la cord\u00e9e sur les voies longues<\/li>\n<\/ul>\n<p><b>Autres voies dans la zone<\/b><\/p>\n<ul>\n<li><b>Placca di Oriana<\/b> (Dalle d'Oriana), parfaite pour des approches plus tranquilles.<\/li>\n<li><b>Pilastro Lomasti<\/b> (Pilier Lomasti) avec des voies modernes d'une grande beaut\u00e9, \u00e0 partir du <b>6b<\/b>.<\/li>\n<li><b>Montestrutto<\/b>, id\u00e9ales pour des voies plus courtes et techniques.<\/li>\n<\/ul>\n","protected":false},"excerpt":{"rendered":"<p>Une Journ\u00e9e d'Escalade sur de magnifiques parois avec les Guides du Cervin. Pour ceux qui aiment le rocher solide, le soleil et les grandes dalles, la basse Vall\u00e9e d'Aoste offre des sc\u00e9narios id\u00e9aux : du c\u00e9l\u00e8bre Paretone d'Arnad aux nombreuses falaises et voies longues qui pars\u00e8ment la vall\u00e9e. Avec les Guides du Cervin, vous pouvez [&hellip;]<\/p>\n","protected":false},"featured_media":11681,"template":"","meta":{"_acf_changed":false},"product_brand":[],"product_cat":[133],"product_tag":[202],"class_list":{"0":"post-13207","1":"product","2":"type-product","3":"status-publish","4":"has-post-thumbnail","6":"product_cat-itineraires-classiques","7":"product_tag-ete","9":"first","10":"instock","11":"shipping-taxable","12":"product-type-simple"},"acf":[],"_links":{"self":[{"href":"https:\/\/www.guidedelcervino.com\/fr\/wp-json\/wp\/v2\/product\/13207","targetHints":{"allow":["GET"]}}],"collection":[{"href":"https:\/\/www.guidedelcervino.com\/fr\/wp-json\/wp\/v2\/product"}],"about":[{"href":"https:\/\/www.guidedelcervino.com\/fr\/wp-json\/wp\/v2\/types\/product"}],"wp:featuredmedia":[{"embeddable":true,"href":"https:\/\/www.guidedelcervino.com\/fr\/wp-json\/wp\/v2\/media\/11681"}],"wp:attachment":[{"href":"https:\/\/www.guidedelcervino.com\/fr\/wp-json\/wp\/v2\/media?parent=13207"}],"wp:term":[{"taxonomy":"product_brand","embeddable":true,"href":"https:\/\/www.guidedelcervino.com\/fr\/wp-json\/wp\/v2\/product_brand?post=13207"},{"taxonomy":"product_cat","embeddable":true,"href":"https:\/\/www.guidedelcervino.com\/fr\/wp-json\/wp\/v2\/product_cat?post=13207"},{"taxonomy":"product_tag","embeddable":true,"href":"https:\/\/www.guidedelcervino.com\/fr\/wp-json\/wp\/v2\/product_tag?post=13207"}],"curies":[{"name":"wp","href":"https:\/\/api.w.org\/{rel}","templated":true}]}}