{"id":13253,"date":"2025-05-24T14:42:56","date_gmt":"2025-05-24T12:42:56","guid":{"rendered":"https:\/\/new.guidedelcervino.com\/attivita\/non%20class\u00e9\/vie-di-arrampicata-ai-satelliti-del-mont-blanc-du-tacul\/"},"modified":"2025-11-16T17:28:36","modified_gmt":"2025-11-16T16:28:36","slug":"voies-descalade-aux-satellites-du-mont-blanc-du-tacul","status":"publish","type":"product","link":"https:\/\/www.guidedelcervino.com\/fr\/attivita\/itineraires-classiques\/voies-descalade-aux-satellites-du-mont-blanc-du-tacul\/","title":{"rendered":"Voies d'escalade aux satellites du Mont Blanc du Tacul"},"content":{"rendered":"<p><b>Voies d'escalade aux satellites du Mont Blanc du Tacul.<\/b><\/p>\n<p><b>Granit parfait, haute altitude et voies l\u00e9gendaires avec les Guides du Cervin<\/b><\/p>\n<p>Au c\u0153ur du <b>massif du Mont-Blanc<\/b>, suspendus entre glaciers et ciel, s'\u00e9l\u00e8vent \u00e9l\u00e9gants et verticaux les c\u00e9l\u00e8bres <b>Satellites du Tacul<\/b> : des structures de <b>granit rouge<\/b> sculpt\u00e9es par le temps, qui offrent parmi les plus belles escalades de <b>haute altitude<\/b> des Alpes. Avec les <b>Guides du Cervin<\/b>, vous pourrez vivre une exp\u00e9rience unique sur ces parois l\u00e9gendaires, en abordant des voies rocheuses dans un sc\u00e9nario majestueux et incomparable.<\/p>\n<p><strong>Parmi les sommets les plus embl\u00e9matiques :<\/strong><\/p>\n<ul>\n<li><b>Grand Capucin<\/b> \u2013 La reine du granit, avec des lignes historiques comme la <b>Bonatti-Ghigo<\/b> ou la <b>Via degli Svizzeri<\/b> (<i>Voie des Suisses<\/i>).<\/li>\n<li><b>Petit Capucin<\/b> \u2013 Comme le grand mais en miniature, id\u00e9al pour s'initier.<\/li>\n<li><b>Pyramide du Tacul et Pic Adolphe<\/b> \u2013 Itin\u00e9raires \u00e9l\u00e9gants sur roche compacte, fissures et di\u00e8dres parfaits.<\/li>\n<\/ul>\n","protected":false},"excerpt":{"rendered":"<p>Voies d'escalade aux satellites du Mont Blanc du Tacul. Granit parfait, haute altitude et voies l\u00e9gendaires avec les Guides du Cervin Au c\u0153ur du massif du Mont-Blanc, suspendus entre glaciers et ciel, s'\u00e9l\u00e8vent \u00e9l\u00e9gants et verticaux les c\u00e9l\u00e8bres Satellites du Tacul : des structures de granit rouge sculpt\u00e9es par le temps, qui offrent parmi les [&hellip;]<\/p>\n","protected":false},"featured_media":13523,"template":"","meta":{"_acf_changed":false},"product_brand":[],"product_cat":[133],"product_tag":[202],"class_list":{"0":"post-13253","1":"product","2":"type-product","3":"status-publish","4":"has-post-thumbnail","6":"product_cat-itineraires-classiques","7":"product_tag-ete","9":"first","10":"instock","11":"shipping-taxable","12":"product-type-simple"},"acf":[],"_links":{"self":[{"href":"https:\/\/www.guidedelcervino.com\/fr\/wp-json\/wp\/v2\/product\/13253","targetHints":{"allow":["GET"]}}],"collection":[{"href":"https:\/\/www.guidedelcervino.com\/fr\/wp-json\/wp\/v2\/product"}],"about":[{"href":"https:\/\/www.guidedelcervino.com\/fr\/wp-json\/wp\/v2\/types\/product"}],"wp:featuredmedia":[{"embeddable":true,"href":"https:\/\/www.guidedelcervino.com\/fr\/wp-json\/wp\/v2\/media\/13523"}],"wp:attachment":[{"href":"https:\/\/www.guidedelcervino.com\/fr\/wp-json\/wp\/v2\/media?parent=13253"}],"wp:term":[{"taxonomy":"product_brand","embeddable":true,"href":"https:\/\/www.guidedelcervino.com\/fr\/wp-json\/wp\/v2\/product_brand?post=13253"},{"taxonomy":"product_cat","embeddable":true,"href":"https:\/\/www.guidedelcervino.com\/fr\/wp-json\/wp\/v2\/product_cat?post=13253"},{"taxonomy":"product_tag","embeddable":true,"href":"https:\/\/www.guidedelcervino.com\/fr\/wp-json\/wp\/v2\/product_tag?post=13253"}],"curies":[{"name":"wp","href":"https:\/\/api.w.org\/{rel}","templated":true}]}}