{"id":13254,"date":"2025-05-24T14:18:39","date_gmt":"2025-05-24T12:18:39","guid":{"rendered":"https:\/\/new.guidedelcervino.com\/attivita\/non%20class\u00e9\/giro-del-monte-rosa\/"},"modified":"2025-11-16T17:04:30","modified_gmt":"2025-11-16T16:04:30","slug":"tour-du-mont-rose","status":"publish","type":"product","link":"https:\/\/www.guidedelcervino.com\/fr\/attivita\/trekking-fr\/tour-du-mont-rose\/","title":{"rendered":"Tour du Mont Rose"},"content":{"rendered":"<p><strong>Un grand voyage \u00e0 pied entre l'Italie et la Suisse, au c\u0153ur des Alpes valaisannes.<\/strong><\/p>\n<p>Le <b>Tour du Mont Rose<\/b> est l'un des treks en boucle les plus spectaculaires des Alpes : un voyage \u00e0 travers des vall\u00e9es sauvages, des villages de bois, des glaciers \u00e9ternels et des cols de haute altitude. Accompagn\u00e9 par les <b>Guides du Cervin<\/b>, vous traverserez deux nations, six vall\u00e9es, en gardant toujours les yeux tourn\u00e9s vers les sommets l\u00e9gendaires du massif du Mont Rose : Dufour, Lyskamm, Castor, Breithorn... jusqu'au Cervin (Matterhorn).<\/p>\n<p>Avec un d\u00e9part et une arriv\u00e9e \u00e0 <b>Cervinia<\/b>, cet itin\u00e9raire touche des lieux historiques tels que <b>Zermatt, Saas Fee, Macugnaga<\/b> et <b>Alagna<\/b>, offrant une immersion totale dans la culture alpine entre refuges, sentiers suspendus et hospitalit\u00e9 montagnarde.<\/p>\n","protected":false},"excerpt":{"rendered":"<p>Un grand voyage \u00e0 pied entre l'Italie et la Suisse, au c\u0153ur des Alpes valaisannes. Le Tour du Mont Rose est l'un des treks en boucle les plus spectaculaires des Alpes : un voyage \u00e0 travers des vall\u00e9es sauvages, des villages de bois, des glaciers \u00e9ternels et des cols de haute altitude. Accompagn\u00e9 par les [&hellip;]<\/p>\n","protected":false},"featured_media":12108,"template":"","meta":{"_acf_changed":false},"product_brand":[],"product_cat":[131],"product_tag":[202],"class_list":{"0":"post-13254","1":"product","2":"type-product","3":"status-publish","4":"has-post-thumbnail","6":"product_cat-trekking-fr","7":"product_tag-ete","9":"first","10":"instock","11":"shipping-taxable","12":"product-type-simple"},"acf":[],"_links":{"self":[{"href":"https:\/\/www.guidedelcervino.com\/fr\/wp-json\/wp\/v2\/product\/13254","targetHints":{"allow":["GET"]}}],"collection":[{"href":"https:\/\/www.guidedelcervino.com\/fr\/wp-json\/wp\/v2\/product"}],"about":[{"href":"https:\/\/www.guidedelcervino.com\/fr\/wp-json\/wp\/v2\/types\/product"}],"wp:featuredmedia":[{"embeddable":true,"href":"https:\/\/www.guidedelcervino.com\/fr\/wp-json\/wp\/v2\/media\/12108"}],"wp:attachment":[{"href":"https:\/\/www.guidedelcervino.com\/fr\/wp-json\/wp\/v2\/media?parent=13254"}],"wp:term":[{"taxonomy":"product_brand","embeddable":true,"href":"https:\/\/www.guidedelcervino.com\/fr\/wp-json\/wp\/v2\/product_brand?post=13254"},{"taxonomy":"product_cat","embeddable":true,"href":"https:\/\/www.guidedelcervino.com\/fr\/wp-json\/wp\/v2\/product_cat?post=13254"},{"taxonomy":"product_tag","embeddable":true,"href":"https:\/\/www.guidedelcervino.com\/fr\/wp-json\/wp\/v2\/product_tag?post=13254"}],"curies":[{"name":"wp","href":"https:\/\/api.w.org\/{rel}","templated":true}]}}