{"id":13263,"date":"2025-05-24T14:37:10","date_gmt":"2025-05-24T12:37:10","guid":{"rendered":"https:\/\/new.guidedelcervino.com\/attivita\/non%20class\u00e9\/punta-tzan-3320m-lallenamento-per-il-cervino\/"},"modified":"2025-12-14T15:01:30","modified_gmt":"2025-12-14T14:01:30","slug":"punta-tzan-3320m-entrainement-pour-le-cervin","status":"publish","type":"product","link":"https:\/\/www.guidedelcervino.com\/fr\/attivita\/itineraires-classiques\/punta-tzan-3320m-entrainement-pour-le-cervin\/","title":{"rendered":"Punta Tzan (3320m), entra\u00eenement pour le Cervin."},"content":{"rendered":"<p><b>Un \u00e9l\u00e9gant 3000 panoramique au-dessus de la Valtournenche<\/b><\/p>\n<p>La <b>Punta Tzan<\/b>, situ\u00e9e entre la Valtournenche et la Vall\u00e9e de Saint-Barth\u00e9lemy, est un sommet fascinant et peu fr\u00e9quent\u00e9, parfait pour ceux qui recherchent une ascension alpine dans un environnement <b>sauvage et pr\u00e9serv\u00e9<\/b>.<\/p>\n<p>Avec les <b>Guides du Cervin<\/b>, nous proposons cette ascension \u00e0 la journ\u00e9e au d\u00e9part de Torgnon avec une approche en voiture tout-terrain jusqu'aux alpages sup\u00e9rieurs, <b>raccourcissant ainsi le parcours<\/b> et rendant l'exp\u00e9rience accessible aux <b>bons marcheurs<\/b>.<\/p>\n<p>Depuis le sommet, la <b>vue est spectaculaire<\/b> : elle domine toute la Valtournenche et permet d'admirer de pr\u00e8s le majestueux <b>Cervin<\/b>, ainsi que des vues sur le <b>Mont Rose<\/b>, le <b>Grand Combin<\/b> et la cha\u00eene du <b>Mont Blanc<\/b>.<\/p>\n","protected":false},"excerpt":{"rendered":"<p>Un \u00e9l\u00e9gant 3000 panoramique au-dessus de la Valtournenche La Punta Tzan, situ\u00e9e entre la Valtournenche et la Vall\u00e9e de Saint-Barth\u00e9lemy, est un sommet fascinant et peu fr\u00e9quent\u00e9, parfait pour ceux qui recherchent une ascension alpine dans un environnement sauvage et pr\u00e9serv\u00e9. Avec les Guides du Cervin, nous proposons cette ascension \u00e0 la journ\u00e9e au d\u00e9part [&hellip;]<\/p>\n","protected":false},"featured_media":13525,"template":"","meta":{"_acf_changed":false},"product_brand":[],"product_cat":[133],"product_tag":[202],"class_list":{"0":"post-13263","1":"product","2":"type-product","3":"status-publish","4":"has-post-thumbnail","6":"product_cat-itineraires-classiques","7":"product_tag-ete","9":"first","10":"instock","11":"shipping-taxable","12":"product-type-simple"},"acf":[],"_links":{"self":[{"href":"https:\/\/www.guidedelcervino.com\/fr\/wp-json\/wp\/v2\/product\/13263","targetHints":{"allow":["GET"]}}],"collection":[{"href":"https:\/\/www.guidedelcervino.com\/fr\/wp-json\/wp\/v2\/product"}],"about":[{"href":"https:\/\/www.guidedelcervino.com\/fr\/wp-json\/wp\/v2\/types\/product"}],"wp:featuredmedia":[{"embeddable":true,"href":"https:\/\/www.guidedelcervino.com\/fr\/wp-json\/wp\/v2\/media\/13525"}],"wp:attachment":[{"href":"https:\/\/www.guidedelcervino.com\/fr\/wp-json\/wp\/v2\/media?parent=13263"}],"wp:term":[{"taxonomy":"product_brand","embeddable":true,"href":"https:\/\/www.guidedelcervino.com\/fr\/wp-json\/wp\/v2\/product_brand?post=13263"},{"taxonomy":"product_cat","embeddable":true,"href":"https:\/\/www.guidedelcervino.com\/fr\/wp-json\/wp\/v2\/product_cat?post=13263"},{"taxonomy":"product_tag","embeddable":true,"href":"https:\/\/www.guidedelcervino.com\/fr\/wp-json\/wp\/v2\/product_tag?post=13263"}],"curies":[{"name":"wp","href":"https:\/\/api.w.org\/{rel}","templated":true}]}}