{"id":13268,"date":"2025-05-22T15:41:29","date_gmt":"2025-05-22T13:41:29","guid":{"rendered":"https:\/\/new.guidedelcervino.com\/attivita\/non%20class\u00e9\/cervin-4478m-voie-normale\/"},"modified":"2025-12-14T15:06:56","modified_gmt":"2025-12-14T14:06:56","slug":"cervin-4478m-voie-normale","status":"publish","type":"product","link":"https:\/\/www.guidedelcervino.com\/fr\/attivita\/le-cervin\/cervin-4478m-voie-normale\/","title":{"rendered":"Cervin (4478m) Voie normale"},"content":{"rendered":"<p><strong>Avec les guides du Cervin - L'exp\u00e9rience d'une vie, avec ceux qui l'ont connue toute leur vie.<\/strong><\/p>\n<p>Gravir le <strong>Cervin<\/strong>, c'est bien plus qu'atteindre un sommet : c'est <strong>toucher un symbole, vivre un r\u00eave<\/strong>.<br \/>\nC'est une montagne qui ne laisse aucune place \u00e0 l'improvisation, o\u00f9 chaque pas compte et o\u00f9 chaque d\u00e9tail doit \u00eatre connu.<br \/>\nC'est pourquoi, affronter cette ascension <strong>en compagnie d'un guide du Cervin<\/strong> n'est pas seulement un choix de s\u00e9curit\u00e9, mais un <strong>privil\u00e8ge unique<\/strong>.<\/p>\n<p>Nous sommes les guides de la maison, \u00e9lev\u00e9s \u00e0 l'ombre de cette pyramide parfaite. Nous connaissons chaque rocher, chaque tron\u00e7on, chaque changement de temps.<br \/>\nNotre histoire est inextricablement li\u00e9e au <strong>Cervin<\/strong> depuis les premi\u00e8res ascensions, et nous l'accompagnons chaque jour avec la m\u00eame passion et le m\u00eame respect.<\/p>\n<p>La Normale Italienne ou Cr\u00eate du Lion est la voie par laquelle ont grimp\u00e9 les premiers alpinistes, les premiers guides de la soci\u00e9t\u00e9, conduits par Jean-Antoine Carrel dit Il Bersagliere, qui, entre autres, avait comme partenaire d'escalade le c\u00e9l\u00e8bre abb\u00e9 et historien Am\u00e9 Gorret.<br \/>\nUne fois au refuge Oriond\u00e9\/Duca degli Abruzzi (la Croix Carrel se trouve \u00e0 proximit\u00e9), la voie monte par une longue s\u00e9rie de dalles jusqu'au Colle del Leone, o\u00f9 commence l'ascension vers le sommet. Une halte \u00e0 l'atmosph\u00e9rique cabane Carrel permet de reprendre des forces pour le lendemain o\u00f9, \u00e0 l'aube, le guide et son client, via le Pic Tyndall et ses vues vertigineuses sur l'\u00e9chelle du Jourdain, atteindront le sommet et toucheront ensemble la Croix \u00e9rig\u00e9e en 1902.<br \/>\nLes trois autres ar\u00eates sont toutes aussi praticables.<br \/>\nL'ar\u00eate du H\u00f6rnli est la voie suisse normale par laquelle Edward Whymper et ses guides sont mont\u00e9s pour la premi\u00e8re fois. Les ar\u00eates Furggen et Zmutt, moins fr\u00e9quent\u00e9es, regorgent de passages difficiles.<\/p>\n","protected":false},"excerpt":{"rendered":"<p>Avec les guides du Cervin - L'exp\u00e9rience d'une vie, avec ceux qui l'ont connue toute leur vie. Gravir le Cervin, c'est bien plus qu'atteindre un sommet : c'est toucher un symbole, vivre un r\u00eave. C'est une montagne qui ne laisse aucune place \u00e0 l'improvisation, o\u00f9 chaque pas compte et o\u00f9 chaque d\u00e9tail doit \u00eatre connu. [&hellip;]<\/p>\n","protected":false},"featured_media":11986,"template":"","meta":{"_acf_changed":false},"product_brand":[],"product_cat":[119],"product_tag":[202],"class_list":{"0":"post-13268","1":"product","2":"type-product","3":"status-publish","4":"has-post-thumbnail","6":"product_cat-le-cervin","7":"product_tag-ete","9":"first","10":"instock","11":"shipping-taxable","12":"product-type-simple"},"acf":[],"_links":{"self":[{"href":"https:\/\/www.guidedelcervino.com\/fr\/wp-json\/wp\/v2\/product\/13268","targetHints":{"allow":["GET"]}}],"collection":[{"href":"https:\/\/www.guidedelcervino.com\/fr\/wp-json\/wp\/v2\/product"}],"about":[{"href":"https:\/\/www.guidedelcervino.com\/fr\/wp-json\/wp\/v2\/types\/product"}],"wp:featuredmedia":[{"embeddable":true,"href":"https:\/\/www.guidedelcervino.com\/fr\/wp-json\/wp\/v2\/media\/11986"}],"wp:attachment":[{"href":"https:\/\/www.guidedelcervino.com\/fr\/wp-json\/wp\/v2\/media?parent=13268"}],"wp:term":[{"taxonomy":"product_brand","embeddable":true,"href":"https:\/\/www.guidedelcervino.com\/fr\/wp-json\/wp\/v2\/product_brand?post=13268"},{"taxonomy":"product_cat","embeddable":true,"href":"https:\/\/www.guidedelcervino.com\/fr\/wp-json\/wp\/v2\/product_cat?post=13268"},{"taxonomy":"product_tag","embeddable":true,"href":"https:\/\/www.guidedelcervino.com\/fr\/wp-json\/wp\/v2\/product_tag?post=13268"}],"curies":[{"name":"wp","href":"https:\/\/api.w.org\/{rel}","templated":true}]}}