{"id":13269,"date":"2025-05-24T14:24:28","date_gmt":"2025-05-24T12:24:28","guid":{"rendered":"https:\/\/new.guidedelcervino.com\/attivita\/non%20class\u00e9\/glacier-trekking-monte-rosa-hutte\/"},"modified":"2025-11-19T13:06:08","modified_gmt":"2025-11-19T12:06:08","slug":"randonnee-sur-le-glacier-du-massif-du-mont-rose-monte-rosa-hutte","status":"publish","type":"product","link":"https:\/\/www.guidedelcervino.com\/fr\/attivita\/trekking-fr\/randonnee-sur-le-glacier-du-massif-du-mont-rose-monte-rosa-hutte\/","title":{"rendered":"Randonn\u00e9e sur le glacier du massif du Mont Rose ( Monte Rosa Hutte)"},"content":{"rendered":"<p><b>Deux jours entre roche et glace au c\u0153ur du massif du Mont Rose<\/b><\/p>\n<p>Une excursion inoubliable au c\u0153ur de la haute montagne, entre panoramas majestueux, glaciers scintillants et sentiers suspendus dans le silence de la haute altitude. Le trekking \u00e0 la cabane du Mont Rose (refuge), accompagn\u00e9s par les <b>Guides du Cervin<\/b>, est une aventure compl\u00e8te, adapt\u00e9e \u00e0 ceux qui veulent vivre la vraie montagne en toute s\u00e9curit\u00e9 et avec \u00e9motion.<\/p>\n<p>Au d\u00e9part de <b>Cervinia<\/b> avec les remont\u00e9es m\u00e9caniques jusqu'\u00e0 <b>Zermatt<\/b>, puis avec le petit train caract\u00e9ristique jusqu'\u00e0 <b>Rotenboden<\/b>, nous traverserons l'extraordinaire <b>Glacier du Gorner<\/b>, l'un des plus impressionnants des Alpes. Crampons aux pieds et le guide ouvrant la marche, nous progresserons encord\u00e9s, jusqu'\u00e0 atteindre le refuge moderne et panoramique <b>Monte Rosa H\u00fctte (2.883 m)<\/b>, nich\u00e9 dans un paysage de roche et de glace vraiment unique.<\/p>\n<p>Le jour suivant, nous retournerons \u00e0 <b>Zermatt<\/b> par un parcours diff\u00e9rent, bouclant ainsi un circuit vari\u00e9 et spectaculaire. De l\u00e0, nous reprendrons les remont\u00e9es m\u00e9caniques pour rentrer \u00e0 <b>Cervinia<\/b>.<\/p>\n","protected":false},"excerpt":{"rendered":"<p>Deux jours entre roche et glace au c\u0153ur du massif du Mont Rose Une excursion inoubliable au c\u0153ur de la haute montagne, entre panoramas majestueux, glaciers scintillants et sentiers suspendus dans le silence de la haute altitude. Le trekking \u00e0 la cabane du Mont Rose (refuge), accompagn\u00e9s par les Guides du Cervin, est une aventure [&hellip;]<\/p>\n","protected":false},"featured_media":15280,"template":"","meta":{"_acf_changed":false},"product_brand":[],"product_cat":[131],"product_tag":[202],"class_list":{"0":"post-13269","1":"product","2":"type-product","3":"status-publish","4":"has-post-thumbnail","6":"product_cat-trekking-fr","7":"product_tag-ete","9":"first","10":"instock","11":"shipping-taxable","12":"product-type-simple"},"acf":[],"_links":{"self":[{"href":"https:\/\/www.guidedelcervino.com\/fr\/wp-json\/wp\/v2\/product\/13269","targetHints":{"allow":["GET"]}}],"collection":[{"href":"https:\/\/www.guidedelcervino.com\/fr\/wp-json\/wp\/v2\/product"}],"about":[{"href":"https:\/\/www.guidedelcervino.com\/fr\/wp-json\/wp\/v2\/types\/product"}],"wp:featuredmedia":[{"embeddable":true,"href":"https:\/\/www.guidedelcervino.com\/fr\/wp-json\/wp\/v2\/media\/15280"}],"wp:attachment":[{"href":"https:\/\/www.guidedelcervino.com\/fr\/wp-json\/wp\/v2\/media?parent=13269"}],"wp:term":[{"taxonomy":"product_brand","embeddable":true,"href":"https:\/\/www.guidedelcervino.com\/fr\/wp-json\/wp\/v2\/product_brand?post=13269"},{"taxonomy":"product_cat","embeddable":true,"href":"https:\/\/www.guidedelcervino.com\/fr\/wp-json\/wp\/v2\/product_cat?post=13269"},{"taxonomy":"product_tag","embeddable":true,"href":"https:\/\/www.guidedelcervino.com\/fr\/wp-json\/wp\/v2\/product_tag?post=13269"}],"curies":[{"name":"wp","href":"https:\/\/api.w.org\/{rel}","templated":true}]}}