{"id":13270,"date":"2025-05-24T14:32:45","date_gmt":"2025-05-24T12:32:45","guid":{"rendered":"https:\/\/new.guidedelcervino.com\/attivita\/non%20class\u00e9\/monte-pancherot-cresta-bertazzi\/"},"modified":"2025-12-14T15:02:24","modified_gmt":"2025-12-14T14:02:24","slug":"mont-pancherot-crete-bertazzi","status":"publish","type":"product","link":"https:\/\/www.guidedelcervino.com\/fr\/attivita\/itineraires-classiques\/mont-pancherot-crete-bertazzi\/","title":{"rendered":"Mont Pancherot  cr\u00eate Bertazzi"},"content":{"rendered":"<p><b>Une cr\u00eate \u00e9l\u00e9gante et panoramique, \u00e0 la d\u00e9couverte d'un coin secret de Valtournenche<\/b><\/p>\n<p>Parmi les nombreuses perles cach\u00e9es de <b>Valtournenche<\/b>, la <b>Cr\u00eate Bertazzi<\/b> au <b>Mont Pancherot (2 611 m)<\/b> est un itin\u00e9raire peu connu mais d'un grand charme. C'est une ascension facile et peu fr\u00e9quent\u00e9e, id\u00e9ale pour ceux qui souhaitent vivre une v\u00e9ritable exp\u00e9rience d'alpinisme loin de la foule, dans un environnement sauvage et authentique.<\/p>\n<p>Accompagn\u00e9s par les <b>Guides du Cervin<\/b>, vous parcourrez une cr\u00eate de difficult\u00e9 technique moyenne mais tr\u00e8s satisfaisante, avec des passages amusants sur du rocher solide, de courts tron\u00e7ons expos\u00e9s et une vue surprenante sur les sommets de la Vall\u00e9e d'Aoste et le versant sud du <b>Cervin<\/b>.<\/p>\n","protected":false},"excerpt":{"rendered":"<p>Une cr\u00eate \u00e9l\u00e9gante et panoramique, \u00e0 la d\u00e9couverte d'un coin secret de Valtournenche Parmi les nombreuses perles cach\u00e9es de Valtournenche, la Cr\u00eate Bertazzi au Mont Pancherot (2 611 m) est un itin\u00e9raire peu connu mais d'un grand charme. C'est une ascension facile et peu fr\u00e9quent\u00e9e, id\u00e9ale pour ceux qui souhaitent vivre une v\u00e9ritable exp\u00e9rience d'alpinisme [&hellip;]<\/p>\n","protected":false},"featured_media":11702,"template":"","meta":{"_acf_changed":false},"product_brand":[],"product_cat":[133],"product_tag":[202],"class_list":{"0":"post-13270","1":"product","2":"type-product","3":"status-publish","4":"has-post-thumbnail","6":"product_cat-itineraires-classiques","7":"product_tag-ete","9":"first","10":"instock","11":"shipping-taxable","12":"product-type-simple"},"acf":[],"_links":{"self":[{"href":"https:\/\/www.guidedelcervino.com\/fr\/wp-json\/wp\/v2\/product\/13270","targetHints":{"allow":["GET"]}}],"collection":[{"href":"https:\/\/www.guidedelcervino.com\/fr\/wp-json\/wp\/v2\/product"}],"about":[{"href":"https:\/\/www.guidedelcervino.com\/fr\/wp-json\/wp\/v2\/types\/product"}],"wp:featuredmedia":[{"embeddable":true,"href":"https:\/\/www.guidedelcervino.com\/fr\/wp-json\/wp\/v2\/media\/11702"}],"wp:attachment":[{"href":"https:\/\/www.guidedelcervino.com\/fr\/wp-json\/wp\/v2\/media?parent=13270"}],"wp:term":[{"taxonomy":"product_brand","embeddable":true,"href":"https:\/\/www.guidedelcervino.com\/fr\/wp-json\/wp\/v2\/product_brand?post=13270"},{"taxonomy":"product_cat","embeddable":true,"href":"https:\/\/www.guidedelcervino.com\/fr\/wp-json\/wp\/v2\/product_cat?post=13270"},{"taxonomy":"product_tag","embeddable":true,"href":"https:\/\/www.guidedelcervino.com\/fr\/wp-json\/wp\/v2\/product_tag?post=13270"}],"curies":[{"name":"wp","href":"https:\/\/api.w.org\/{rel}","templated":true}]}}