{"id":13271,"date":"2025-05-24T14:29:32","date_gmt":"2025-05-24T12:29:32","guid":{"rendered":"https:\/\/new.guidedelcervino.com\/attivita\/non%20class\u00e9\/becca-daran-arrampicata-multi-tiri\/"},"modified":"2025-11-16T17:16:38","modified_gmt":"2025-11-16T16:16:38","slug":"becca-daran-escalade-en-grandes-voies","status":"publish","type":"product","link":"https:\/\/www.guidedelcervino.com\/fr\/attivita\/itineraires-classiques\/becca-daran-escalade-en-grandes-voies\/","title":{"rendered":"Becca d'Aran : Escalade en grandes voies"},"content":{"rendered":"<p><b>Escalader dans le c\u0153ur sauvage de la Valtournenche<\/b><\/p>\n<p>La <b>Becca d\u2019Aran<\/b> (2 952 m) est un sommet \u00e9l\u00e9gant et panoramique situ\u00e9 dans la partie sup\u00e9rieure de la <b>Valtournenche<\/b>, dans un environnement d'une beaut\u00e9 rare et encore peu fr\u00e9quent\u00e9. On y trouve des voies d'escalade historiques, parfaites pour ceux qui recherchent une ascension alpine authentique, parmi des parois compactes, des di\u00e8dres propres et des ar\u00eates effil\u00e9es.<\/p>\n<p>Avec les Guides du Cervin, vous pouvez choisir parmi plusieurs itin\u00e9raires classiques, tous parfaits pour une journ\u00e9e de rocher en altitude, loin de la foule et en pleine nature.<\/p>\n","protected":false},"excerpt":{"rendered":"<p>Escalader dans le c\u0153ur sauvage de la Valtournenche La Becca d\u2019Aran (2 952 m) est un sommet \u00e9l\u00e9gant et panoramique situ\u00e9 dans la partie sup\u00e9rieure de la Valtournenche, dans un environnement d'une beaut\u00e9 rare et encore peu fr\u00e9quent\u00e9. On y trouve des voies d'escalade historiques, parfaites pour ceux qui recherchent une ascension alpine authentique, parmi [&hellip;]<\/p>\n","protected":false},"featured_media":11708,"template":"","meta":{"_acf_changed":false},"product_brand":[],"product_cat":[133],"product_tag":[202],"class_list":{"0":"post-13271","1":"product","2":"type-product","3":"status-publish","4":"has-post-thumbnail","6":"product_cat-itineraires-classiques","7":"product_tag-ete","9":"first","10":"instock","11":"shipping-taxable","12":"product-type-simple"},"acf":[],"_links":{"self":[{"href":"https:\/\/www.guidedelcervino.com\/fr\/wp-json\/wp\/v2\/product\/13271","targetHints":{"allow":["GET"]}}],"collection":[{"href":"https:\/\/www.guidedelcervino.com\/fr\/wp-json\/wp\/v2\/product"}],"about":[{"href":"https:\/\/www.guidedelcervino.com\/fr\/wp-json\/wp\/v2\/types\/product"}],"wp:featuredmedia":[{"embeddable":true,"href":"https:\/\/www.guidedelcervino.com\/fr\/wp-json\/wp\/v2\/media\/11708"}],"wp:attachment":[{"href":"https:\/\/www.guidedelcervino.com\/fr\/wp-json\/wp\/v2\/media?parent=13271"}],"wp:term":[{"taxonomy":"product_brand","embeddable":true,"href":"https:\/\/www.guidedelcervino.com\/fr\/wp-json\/wp\/v2\/product_brand?post=13271"},{"taxonomy":"product_cat","embeddable":true,"href":"https:\/\/www.guidedelcervino.com\/fr\/wp-json\/wp\/v2\/product_cat?post=13271"},{"taxonomy":"product_tag","embeddable":true,"href":"https:\/\/www.guidedelcervino.com\/fr\/wp-json\/wp\/v2\/product_tag?post=13271"}],"curies":[{"name":"wp","href":"https:\/\/api.w.org\/{rel}","templated":true}]}}