{"id":13272,"date":"2025-05-24T14:14:05","date_gmt":"2025-05-24T12:14:05","guid":{"rendered":"https:\/\/new.guidedelcervino.com\/attivita\/non%20class\u00e9\/il-giro-del-cervino\/"},"modified":"2025-11-16T17:02:08","modified_gmt":"2025-11-16T16:02:08","slug":"le-tour-du-cervin","status":"publish","type":"product","link":"https:\/\/www.guidedelcervino.com\/fr\/attivita\/trekking-fr\/le-tour-du-cervin\/","title":{"rendered":"Le tour du Cervin"},"content":{"rendered":"<p><b>Tour du Cervin :Trekking Alpin en 5 jours<\/b><\/p>\n<p><b>Avec les Guides du Cervin, explorez le c\u00f4t\u00e9 sauvage de la montagne symbole des Alpes<\/b><\/p>\n<p>Un voyage \u00e0 pied autour de l'une des montagnes les plus embl\u00e9matiques du monde. Cinq jours de marche, de d\u00e9couverte et d'aventure, traversant des vallons recul\u00e9s, des glaciers scintillants, des sentiers et des cr\u00eates spectaculaires.<\/p>\n<p>Ce Tour du Cervin est une <b>variante exclusive<\/b>, con\u00e7ue pour les randonneurs exp\u00e9riment\u00e9s et les amoureux de la montagne authentique : plus sauvage, technique et moins fr\u00e9quent\u00e9e. Un parcours en boucle qui embrasse la montagne sous tous ses angles, guid\u00e9s par ceux qui la connaissent profond\u00e9ment : les <b>Guides du Cervin<\/b>.<\/p>\n","protected":false},"excerpt":{"rendered":"<p>Tour du Cervin :Trekking Alpin en 5 jours Avec les Guides du Cervin, explorez le c\u00f4t\u00e9 sauvage de la montagne symbole des Alpes Un voyage \u00e0 pied autour de l'une des montagnes les plus embl\u00e9matiques du monde. Cinq jours de marche, de d\u00e9couverte et d'aventure, traversant des vallons recul\u00e9s, des glaciers scintillants, des sentiers et [&hellip;]<\/p>\n","protected":false},"featured_media":12031,"template":"","meta":{"_acf_changed":false},"product_brand":[],"product_cat":[131],"product_tag":[202],"class_list":{"0":"post-13272","1":"product","2":"type-product","3":"status-publish","4":"has-post-thumbnail","6":"product_cat-trekking-fr","7":"product_tag-ete","9":"first","10":"instock","11":"shipping-taxable","12":"product-type-simple"},"acf":[],"_links":{"self":[{"href":"https:\/\/www.guidedelcervino.com\/fr\/wp-json\/wp\/v2\/product\/13272","targetHints":{"allow":["GET"]}}],"collection":[{"href":"https:\/\/www.guidedelcervino.com\/fr\/wp-json\/wp\/v2\/product"}],"about":[{"href":"https:\/\/www.guidedelcervino.com\/fr\/wp-json\/wp\/v2\/types\/product"}],"wp:featuredmedia":[{"embeddable":true,"href":"https:\/\/www.guidedelcervino.com\/fr\/wp-json\/wp\/v2\/media\/12031"}],"wp:attachment":[{"href":"https:\/\/www.guidedelcervino.com\/fr\/wp-json\/wp\/v2\/media?parent=13272"}],"wp:term":[{"taxonomy":"product_brand","embeddable":true,"href":"https:\/\/www.guidedelcervino.com\/fr\/wp-json\/wp\/v2\/product_brand?post=13272"},{"taxonomy":"product_cat","embeddable":true,"href":"https:\/\/www.guidedelcervino.com\/fr\/wp-json\/wp\/v2\/product_cat?post=13272"},{"taxonomy":"product_tag","embeddable":true,"href":"https:\/\/www.guidedelcervino.com\/fr\/wp-json\/wp\/v2\/product_tag?post=13272"}],"curies":[{"name":"wp","href":"https:\/\/api.w.org\/{rel}","templated":true}]}}