{"id":13274,"date":"2025-05-24T14:02:39","date_gmt":"2025-05-24T12:02:39","guid":{"rendered":"https:\/\/new.guidedelcervino.com\/attivita\/non%20class\u00e9\/tour-di-sci-alpinismo-in-valgrisenche\/"},"modified":"2025-11-30T17:20:02","modified_gmt":"2025-11-30T16:20:02","slug":"tour-de-ski-alpinisme-en-valgrisenche","status":"publish","type":"product","link":"https:\/\/www.guidedelcervino.com\/fr\/attivita\/ski-de-randonnee\/tour-de-ski-alpinisme-en-valgrisenche\/","title":{"rendered":"Tour de Ski Alpinisme en Valgrisenche"},"content":{"rendered":"<p><strong>Un coin sauvage des Alpes \u00e0 explorer, skis aux pieds<\/strong><\/p>\n<p>La Valgrisenche, nich\u00e9e au c\u0153ur du versant occidental du Val d'Aoste, est l'une des destinations les plus <b>authentiques et isol\u00e9es<\/b> pour le ski alpinisme. Peu de remont\u00e9es m\u00e9caniques, aucune foule, beaucoup d'espace et une neige souvent exceptionnelle : c'est l'environnement id\u00e9al pour un tour de plusieurs jours en compagnie des Guides du Cervin.<\/p>\n<p>Gr\u00e2ce \u00e0 sa morphologie, cette vall\u00e9e offre une <b>vari\u00e9t\u00e9 incroyable d'itin\u00e9raires<\/b>, des pentes douces aux couloirs plus techniques, dans un d\u00e9cor domin\u00e9 par de grands sommets. Nous utiliserons le <b>Refuge Giasson<\/b> comme camp de base, une structure accueillante et strat\u00e9giquement positionn\u00e9e pour acc\u00e9der \u00e0 de nombreuses ascensions de la r\u00e9gion. Un lieu o\u00f9 respirer le silence de la montagne, r\u00e9cup\u00e9rer les \u00e9nergies et partager le plaisir de l'aventure.<\/p>\n","protected":false},"excerpt":{"rendered":"<p>Un coin sauvage des Alpes \u00e0 explorer, skis aux pieds La Valgrisenche, nich\u00e9e au c\u0153ur du versant occidental du Val d'Aoste, est l'une des destinations les plus authentiques et isol\u00e9es pour le ski alpinisme. Peu de remont\u00e9es m\u00e9caniques, aucune foule, beaucoup d'espace et une neige souvent exceptionnelle : c'est l'environnement id\u00e9al pour un tour de [&hellip;]<\/p>\n","protected":false},"featured_media":12004,"template":"","meta":{"_acf_changed":false},"product_brand":[],"product_cat":[123],"product_tag":[204],"class_list":{"0":"post-13274","1":"product","2":"type-product","3":"status-publish","4":"has-post-thumbnail","6":"product_cat-ski-de-randonnee","7":"product_tag-hiver","9":"first","10":"instock","11":"shipping-taxable","12":"product-type-simple"},"acf":[],"_links":{"self":[{"href":"https:\/\/www.guidedelcervino.com\/fr\/wp-json\/wp\/v2\/product\/13274","targetHints":{"allow":["GET"]}}],"collection":[{"href":"https:\/\/www.guidedelcervino.com\/fr\/wp-json\/wp\/v2\/product"}],"about":[{"href":"https:\/\/www.guidedelcervino.com\/fr\/wp-json\/wp\/v2\/types\/product"}],"wp:featuredmedia":[{"embeddable":true,"href":"https:\/\/www.guidedelcervino.com\/fr\/wp-json\/wp\/v2\/media\/12004"}],"wp:attachment":[{"href":"https:\/\/www.guidedelcervino.com\/fr\/wp-json\/wp\/v2\/media?parent=13274"}],"wp:term":[{"taxonomy":"product_brand","embeddable":true,"href":"https:\/\/www.guidedelcervino.com\/fr\/wp-json\/wp\/v2\/product_brand?post=13274"},{"taxonomy":"product_cat","embeddable":true,"href":"https:\/\/www.guidedelcervino.com\/fr\/wp-json\/wp\/v2\/product_cat?post=13274"},{"taxonomy":"product_tag","embeddable":true,"href":"https:\/\/www.guidedelcervino.com\/fr\/wp-json\/wp\/v2\/product_tag?post=13274"}],"curies":[{"name":"wp","href":"https:\/\/api.w.org\/{rel}","templated":true}]}}