{"id":13276,"date":"2025-05-24T13:54:17","date_gmt":"2025-05-24T11:54:17","guid":{"rendered":"https:\/\/new.guidedelcervino.com\/attivita\/non%20class\u00e9\/sci-alpinismo-in-alta-montagna-punta-dufour-4634m\/"},"modified":"2025-11-16T16:43:24","modified_gmt":"2025-11-16T15:43:24","slug":"ski-alpinisme-en-haute-montagne-pointe-dufour-4634m","status":"publish","type":"product","link":"https:\/\/www.guidedelcervino.com\/fr\/attivita\/ski-de-randonnee\/ski-alpinisme-en-haute-montagne-pointe-dufour-4634m\/","title":{"rendered":"Ski Alpinisme en Haute Montagne : Pointe Dufour (4634m)"},"content":{"rendered":"<p><b>Pointe Dufour (4634 m) ou Nordend (4609 m) \u00e0 ski<\/b><\/p>\n<p>Une aventure en haute altitude au c\u0153ur du Mont Rose, entre majest\u00e9 et silences \u00e9ternels.<\/p>\n<p>Pour ceux qui recherchent une <b>exp\u00e9rience de ski alpinisme authentique, immersive et de haut niveau<\/b>, l'ascension de la Pointe Dufour \u2013 le plus haut sommet de Suisse \u2013 ou du Nordend, son \u00e9l\u00e9gant voisin, est un r\u00eave \u00e0 vivre le c\u0153ur battant et les skis aux pieds.<\/p>\n<p>Avec les Guides du Cervin, vous pourrez affronter cette grande travers\u00e9e en <b>toute s\u00e9curit\u00e9<\/b> et avec le soutien de <b>professionnels exp\u00e9riment\u00e9s<\/b> de la r\u00e9gion. Le d\u00e9part se fait c\u00f4t\u00e9 italien, depuis le Petit Cervin, pour traverser les glaciers du Mont Rose, dormir \u00e0 la pittoresque Cabane du Mont Rose (<i>Monte Rosa H\u00fctte<\/i>), et tenter l'ascension de l'un des deux sommets principaux avant de redescendre \u00e0 Zermatt. Une aventure compl\u00e8te, sauvage et spectaculaire.<\/p>\n","protected":false},"excerpt":{"rendered":"<p>Pointe Dufour (4634 m) ou Nordend (4609 m) \u00e0 ski Une aventure en haute altitude au c\u0153ur du Mont Rose, entre majest\u00e9 et silences \u00e9ternels. Pour ceux qui recherchent une exp\u00e9rience de ski alpinisme authentique, immersive et de haut niveau, l'ascension de la Pointe Dufour \u2013 le plus haut sommet de Suisse \u2013 ou du [&hellip;]<\/p>\n","protected":false},"featured_media":11711,"template":"","meta":{"_acf_changed":false},"product_brand":[],"product_cat":[123],"product_tag":[204],"class_list":{"0":"post-13276","1":"product","2":"type-product","3":"status-publish","4":"has-post-thumbnail","6":"product_cat-ski-de-randonnee","7":"product_tag-hiver","9":"first","10":"instock","11":"shipping-taxable","12":"product-type-simple"},"acf":[],"_links":{"self":[{"href":"https:\/\/www.guidedelcervino.com\/fr\/wp-json\/wp\/v2\/product\/13276","targetHints":{"allow":["GET"]}}],"collection":[{"href":"https:\/\/www.guidedelcervino.com\/fr\/wp-json\/wp\/v2\/product"}],"about":[{"href":"https:\/\/www.guidedelcervino.com\/fr\/wp-json\/wp\/v2\/types\/product"}],"wp:featuredmedia":[{"embeddable":true,"href":"https:\/\/www.guidedelcervino.com\/fr\/wp-json\/wp\/v2\/media\/11711"}],"wp:attachment":[{"href":"https:\/\/www.guidedelcervino.com\/fr\/wp-json\/wp\/v2\/media?parent=13276"}],"wp:term":[{"taxonomy":"product_brand","embeddable":true,"href":"https:\/\/www.guidedelcervino.com\/fr\/wp-json\/wp\/v2\/product_brand?post=13276"},{"taxonomy":"product_cat","embeddable":true,"href":"https:\/\/www.guidedelcervino.com\/fr\/wp-json\/wp\/v2\/product_cat?post=13276"},{"taxonomy":"product_tag","embeddable":true,"href":"https:\/\/www.guidedelcervino.com\/fr\/wp-json\/wp\/v2\/product_tag?post=13276"}],"curies":[{"name":"wp","href":"https:\/\/api.w.org\/{rel}","templated":true}]}}