{"id":13280,"date":"2025-05-24T13:45:39","date_gmt":"2025-05-24T11:45:39","guid":{"rendered":"https:\/\/new.guidedelcervino.com\/attivita\/non%20class\u00e9\/sci-alpinismo-in-alta-montagna-capanna-margherita-4554m\/"},"modified":"2025-11-30T17:54:52","modified_gmt":"2025-11-30T16:54:52","slug":"ski-de-randonnee-en-haute-montagne-capanna-margherita-4554m","status":"publish","type":"product","link":"https:\/\/www.guidedelcervino.com\/fr\/attivita\/ski-de-randonnee\/ski-de-randonnee-en-haute-montagne-capanna-margherita-4554m\/","title":{"rendered":"Ski de randonn\u00e9e en haute montagne: Capanna Margherita (4554m)"},"content":{"rendered":"<p>Un classique de la haute altitude, accompagn\u00e9 par les <b>Guides du Cervin<\/b>.<\/p>\n<p>La <b>Capanna Margherita<\/b>, avec ses 4 554 m\u00e8tres, est le refuge le plus haut d'Europe et une destination embl\u00e9matique pour tout passionn\u00e9 de <b>ski de randonn\u00e9e.<\/b>\u00a0Situ\u00e9e sur la <b>Punta Gnifetti<\/b>, dans le massif du <b>Mont Rose<\/b>, elle offre une exp\u00e9rience unique : une ascension immerg\u00e9e dans l'environnement majestueux de la haute montagne, avec des panoramas qui s'\u00e9tendent jusqu'au <b>Mont Blanc<\/b>, au <b>Cervin<\/b> et au c\u0153ur des Alpes.<\/p>\n<p>Avec les <b>Guides du Cervin<\/b>, vous pourrez affronter cette aventure en toute <b>s\u00e9curit\u00e9<\/b> et <b>s\u00e9r\u00e9nit\u00e9<\/b>, en vous fiant \u00e0 des professionnels experts de la haute altitude et de profonds connaisseurs de la r\u00e9gion.<\/p>\n","protected":false},"excerpt":{"rendered":"<p>Un classique de la haute altitude, accompagn\u00e9 par les Guides du Cervin. La Capanna Margherita, avec ses 4 554 m\u00e8tres, est le refuge le plus haut d'Europe et une destination embl\u00e9matique pour tout passionn\u00e9 de ski de randonn\u00e9e.\u00a0Situ\u00e9e sur la Punta Gnifetti, dans le massif du Mont Rose, elle offre une exp\u00e9rience unique : une [&hellip;]<\/p>\n","protected":false},"featured_media":11723,"template":"","meta":{"_acf_changed":false},"product_brand":[],"product_cat":[123],"product_tag":[204],"class_list":{"0":"post-13280","1":"product","2":"type-product","3":"status-publish","4":"has-post-thumbnail","6":"product_cat-ski-de-randonnee","7":"product_tag-hiver","9":"first","10":"instock","11":"shipping-taxable","12":"product-type-simple"},"acf":[],"_links":{"self":[{"href":"https:\/\/www.guidedelcervino.com\/fr\/wp-json\/wp\/v2\/product\/13280","targetHints":{"allow":["GET"]}}],"collection":[{"href":"https:\/\/www.guidedelcervino.com\/fr\/wp-json\/wp\/v2\/product"}],"about":[{"href":"https:\/\/www.guidedelcervino.com\/fr\/wp-json\/wp\/v2\/types\/product"}],"wp:featuredmedia":[{"embeddable":true,"href":"https:\/\/www.guidedelcervino.com\/fr\/wp-json\/wp\/v2\/media\/11723"}],"wp:attachment":[{"href":"https:\/\/www.guidedelcervino.com\/fr\/wp-json\/wp\/v2\/media?parent=13280"}],"wp:term":[{"taxonomy":"product_brand","embeddable":true,"href":"https:\/\/www.guidedelcervino.com\/fr\/wp-json\/wp\/v2\/product_brand?post=13280"},{"taxonomy":"product_cat","embeddable":true,"href":"https:\/\/www.guidedelcervino.com\/fr\/wp-json\/wp\/v2\/product_cat?post=13280"},{"taxonomy":"product_tag","embeddable":true,"href":"https:\/\/www.guidedelcervino.com\/fr\/wp-json\/wp\/v2\/product_tag?post=13280"}],"curies":[{"name":"wp","href":"https:\/\/api.w.org\/{rel}","templated":true}]}}