{"id":13282,"date":"2025-05-22T16:19:31","date_gmt":"2025-05-22T14:19:31","guid":{"rendered":"https:\/\/new.guidedelcervino.com\/attivita\/non%20class\u00e9\/giornata-di-sci-alpinismo\/"},"modified":"2025-12-01T10:13:12","modified_gmt":"2025-12-01T09:13:12","slug":"journee-de-ski-de-randonnee","status":"publish","type":"product","link":"https:\/\/www.guidedelcervino.com\/fr\/attivita\/ski-de-randonnee\/journee-de-ski-de-randonnee\/","title":{"rendered":"Journ\u00e9e de Ski de randonn\u00e9e"},"content":{"rendered":"<p><strong>Journ\u00e9e de ski de randonn\u00e9e en Valtournenche et Vall\u00e9e d\u2019Aoste<\/strong><\/p>\n<p><b>Une exp\u00e9rience authentique en montagne, entre nature, silence et grands panoramas<\/b><\/p>\n<p>Le ski alpinisme est la mani\u00e8re la plus compl\u00e8te et la plus fascinante de vivre la montagne en hiver. Monter par ses propres moyens, plong\u00e9 dans le <b>silence de la nature enneig\u00e9e<\/b>, puis profiter d'une descente en toute libert\u00e9 sur des pentes vierges : une journ\u00e9e de ski alpinisme avec les Guides du Cervin, c'est cela et bien plus encore.<\/p>\n<p>La Valtournenche et toute la Vall\u00e9e d\u2019Aoste offrent des <b>possibilit\u00e9s infinies<\/b>, avec des itin\u00e9raires qui vont des sorties panoramiques et douces aux ascensions techniques et exigeantes, toujours entour\u00e9es de <b>paysages \u00e0 couper le souffle<\/b>.<\/p>\n","protected":false},"excerpt":{"rendered":"<p>Journ\u00e9e de ski de randonn\u00e9e en Valtournenche et Vall\u00e9e d\u2019Aoste Une exp\u00e9rience authentique en montagne, entre nature, silence et grands panoramas Le ski alpinisme est la mani\u00e8re la plus compl\u00e8te et la plus fascinante de vivre la montagne en hiver. Monter par ses propres moyens, plong\u00e9 dans le silence de la nature enneig\u00e9e, puis profiter [&hellip;]<\/p>\n","protected":false},"featured_media":11729,"template":"","meta":{"_acf_changed":false},"product_brand":[],"product_cat":[123],"product_tag":[204],"class_list":{"0":"post-13282","1":"product","2":"type-product","3":"status-publish","4":"has-post-thumbnail","6":"product_cat-ski-de-randonnee","7":"product_tag-hiver","9":"first","10":"outofstock","11":"shipping-taxable","12":"product-type-variable"},"acf":[],"_links":{"self":[{"href":"https:\/\/www.guidedelcervino.com\/fr\/wp-json\/wp\/v2\/product\/13282","targetHints":{"allow":["GET"]}}],"collection":[{"href":"https:\/\/www.guidedelcervino.com\/fr\/wp-json\/wp\/v2\/product"}],"about":[{"href":"https:\/\/www.guidedelcervino.com\/fr\/wp-json\/wp\/v2\/types\/product"}],"wp:featuredmedia":[{"embeddable":true,"href":"https:\/\/www.guidedelcervino.com\/fr\/wp-json\/wp\/v2\/media\/11729"}],"wp:attachment":[{"href":"https:\/\/www.guidedelcervino.com\/fr\/wp-json\/wp\/v2\/media?parent=13282"}],"wp:term":[{"taxonomy":"product_brand","embeddable":true,"href":"https:\/\/www.guidedelcervino.com\/fr\/wp-json\/wp\/v2\/product_brand?post=13282"},{"taxonomy":"product_cat","embeddable":true,"href":"https:\/\/www.guidedelcervino.com\/fr\/wp-json\/wp\/v2\/product_cat?post=13282"},{"taxonomy":"product_tag","embeddable":true,"href":"https:\/\/www.guidedelcervino.com\/fr\/wp-json\/wp\/v2\/product_tag?post=13282"}],"curies":[{"name":"wp","href":"https:\/\/api.w.org\/{rel}","templated":true}]}}