{"id":13284,"date":"2025-05-22T16:29:22","date_gmt":"2025-05-22T14:29:22","guid":{"rendered":"https:\/\/new.guidedelcervino.com\/attivita\/non%20class\u00e9\/la-traversata-del-furggen-con-gli-sci\/"},"modified":"2026-03-02T10:59:51","modified_gmt":"2026-03-02T09:59:51","slug":"la-traversee-du-furggen-a-ski","status":"publish","type":"product","link":"https:\/\/www.guidedelcervino.com\/fr\/attivita\/ski-et-snowboard-hors-piste\/la-traversee-du-furggen-a-ski\/","title":{"rendered":"La Travers\u00e9e du Furggen \u00e0 ski"},"content":{"rendered":"<p><b>La Travers\u00e9e du Furggen \u00e0 ski \u2013 Aventure en haute altitude entre cr\u00eates, via ferrata et descente spectaculaire<\/b><\/p>\n<p>Un itin\u00e9raire alpin et panoramique au c\u0153ur du massif du Cervin, avec les Guides du Cervin.<\/p>\n<p>La Travers\u00e9e du Furggen est l'une des exp\u00e9riences les plus <b>enthousiasmantes<\/b> et <b>compl\u00e8tes<\/b> pour les passionn\u00e9s de ski alpinisme en milieu alpin. On part du Plateau Rosa (3 500 m), on parcourt la <b>suggestive cr\u00eate \u00e9quip\u00e9e du Furggen<\/b>, avec des passages de type via ferrata, et l'on conclut par une descente spectaculaire et sauvage sur neige fra\u00eeche jusqu'\u00e0 Cervinia.<\/p>\n<p>Un m\u00e9lange parfait d'alpinisme, de ski et d'adr\u00e9naline, immerg\u00e9 dans un <b>paysage \u00e0 couper le souffle<\/b>, sous l'imposante face Sud du Cervin.<\/p>\n<p>&nbsp;<\/p>\n","protected":false},"excerpt":{"rendered":"<p>La Travers\u00e9e du Furggen \u00e0 ski \u2013 Aventure en haute altitude entre cr\u00eates, via ferrata et descente spectaculaire Un itin\u00e9raire alpin et panoramique au c\u0153ur du massif du Cervin, avec les Guides du Cervin. La Travers\u00e9e du Furggen est l'une des exp\u00e9riences les plus enthousiasmantes et compl\u00e8tes pour les passionn\u00e9s de ski alpinisme en milieu [&hellip;]<\/p>\n","protected":false},"featured_media":11741,"template":"","meta":{"_acf_changed":false},"product_brand":[],"product_cat":[115],"product_tag":[204],"class_list":{"0":"post-13284","1":"product","2":"type-product","3":"status-publish","4":"has-post-thumbnail","6":"product_cat-ski-et-snowboard-hors-piste","7":"product_tag-hiver","9":"first","10":"instock","11":"shipping-taxable","12":"purchasable","13":"product-type-simple"},"acf":[],"_links":{"self":[{"href":"https:\/\/www.guidedelcervino.com\/fr\/wp-json\/wp\/v2\/product\/13284","targetHints":{"allow":["GET"]}}],"collection":[{"href":"https:\/\/www.guidedelcervino.com\/fr\/wp-json\/wp\/v2\/product"}],"about":[{"href":"https:\/\/www.guidedelcervino.com\/fr\/wp-json\/wp\/v2\/types\/product"}],"wp:featuredmedia":[{"embeddable":true,"href":"https:\/\/www.guidedelcervino.com\/fr\/wp-json\/wp\/v2\/media\/11741"}],"wp:attachment":[{"href":"https:\/\/www.guidedelcervino.com\/fr\/wp-json\/wp\/v2\/media?parent=13284"}],"wp:term":[{"taxonomy":"product_brand","embeddable":true,"href":"https:\/\/www.guidedelcervino.com\/fr\/wp-json\/wp\/v2\/product_brand?post=13284"},{"taxonomy":"product_cat","embeddable":true,"href":"https:\/\/www.guidedelcervino.com\/fr\/wp-json\/wp\/v2\/product_cat?post=13284"},{"taxonomy":"product_tag","embeddable":true,"href":"https:\/\/www.guidedelcervino.com\/fr\/wp-json\/wp\/v2\/product_tag?post=13284"}],"curies":[{"name":"wp","href":"https:\/\/api.w.org\/{rel}","templated":true}]}}