{"id":13289,"date":"2025-05-22T16:08:04","date_gmt":"2025-05-22T14:08:04","guid":{"rendered":"https:\/\/new.guidedelcervino.com\/attivita\/non%20class\u00e9\/la-traversata-del-cervino\/"},"modified":"2025-12-14T15:08:38","modified_gmt":"2025-12-14T14:08:38","slug":"la-traversee-du-cervin","status":"publish","type":"product","link":"https:\/\/www.guidedelcervino.com\/fr\/attivita\/le-cervin\/la-traversee-du-cervin\/","title":{"rendered":"La travers\u00e9e du Cervin"},"content":{"rendered":"<p><strong>L'Exp\u00e9rience d'une Vie, avec ceux qui le connaissent depuis toujours<\/strong><\/p>\n<p>Monter le Cervin est bien plus qu'atteindre un sommet : c'est toucher un symbole, vivre un r\u00eave. C'est une montagne qui ne laisse aucune place \u00e0 l'improvisation, o\u00f9 chaque pas compte et chaque d\u00e9tail doit \u00eatre connu.<\/p>\n<p>Pour cela, affronter cette ascension avec un <b>Guide du Cervin<\/b> n'est pas seulement un choix de s\u00e9curit\u00e9, c'est un privil\u00e8ge unique. Nous sommes les guides de la maison, ceux qui ont grandi \u00e0 l'ombre de cette pyramide parfaite. Nous connaissons chaque rocher, chaque passage, chaque changement de temps.<\/p>\n<p>Notre histoire est indissolublement li\u00e9e au Cervin depuis les premi\u00e8res ascensions, et encore aujourd'hui, nous l'accompagnons chaque jour avec la m\u00eame passion et le m\u00eame respect.<\/p>\n<p><strong>Les Voies d'Ascension<\/strong><\/p>\n<p>La <b>voie normale italienne, ou ar\u00eate du Lion<\/b>, est le chemin emprunt\u00e9 par les premiers grimpeurs, les premiers guides de la soci\u00e9t\u00e9, men\u00e9s par <b>Jean-Antoine Carrel<\/b>, surnomm\u00e9 <i>Il Bersagliere<\/i>, qui comptait parmi ses compagnons de cord\u00e9e le c\u00e9l\u00e8bre abb\u00e9 et historien <b>Am\u00e9 Gorret<\/b>.<\/p>\n<p>Une fois arriv\u00e9s au refuge <b>Oriond\u00e9\/Duca degli Abruzzi<\/b> (la Croix Carrel se trouve \u00e0 proximit\u00e9), la voie s'\u00e9l\u00e8ve le long d'une longue s\u00e9rie de dalles jusqu'au <b>Col du Lion<\/b>, o\u00f9 commence l'escalade vers le sommet. L'arr\u00eat au charmant <b>refuge Carrel<\/b> permet de reprendre des forces pour le lendemain. \u00c0 l'aube, le guide et son client, passant par le <b>Pic Tyndall<\/b> et les vues vertigineuses de l'\u00e9chelle Jordan, atteindront le sommet et toucheront ensemble la Croix \u00e9rig\u00e9e en 1902.<\/p>\n<p>Les trois autres ar\u00eates sont tout aussi praticables :<\/p>\n<ul>\n<li>L'<b>ar\u00eate de l'H\u00f6rnli<\/b> est la voie normale suisse, celle par laquelle <b>Edward Whymper<\/b> est mont\u00e9 en premier avec ses guides.<\/li>\n<li>Les ar\u00eates de <b>Furggen<\/b> et de <b>Zmutt<\/b>, moins fr\u00e9quent\u00e9es, sont riches en passages exigeants.<\/li>\n<\/ul>\n","protected":false},"excerpt":{"rendered":"<p>L'Exp\u00e9rience d'une Vie, avec ceux qui le connaissent depuis toujours Monter le Cervin est bien plus qu'atteindre un sommet : c'est toucher un symbole, vivre un r\u00eave. C'est une montagne qui ne laisse aucune place \u00e0 l'improvisation, o\u00f9 chaque pas compte et chaque d\u00e9tail doit \u00eatre connu. Pour cela, affronter cette ascension avec un Guide [&hellip;]<\/p>\n","protected":false},"featured_media":13530,"template":"","meta":{"_acf_changed":false},"product_brand":[],"product_cat":[119],"product_tag":[202],"class_list":{"0":"post-13289","1":"product","2":"type-product","3":"status-publish","4":"has-post-thumbnail","6":"product_cat-le-cervin","7":"product_tag-ete","9":"first","10":"instock","11":"shipping-taxable","12":"product-type-simple"},"acf":[],"_links":{"self":[{"href":"https:\/\/www.guidedelcervino.com\/fr\/wp-json\/wp\/v2\/product\/13289","targetHints":{"allow":["GET"]}}],"collection":[{"href":"https:\/\/www.guidedelcervino.com\/fr\/wp-json\/wp\/v2\/product"}],"about":[{"href":"https:\/\/www.guidedelcervino.com\/fr\/wp-json\/wp\/v2\/types\/product"}],"wp:featuredmedia":[{"embeddable":true,"href":"https:\/\/www.guidedelcervino.com\/fr\/wp-json\/wp\/v2\/media\/13530"}],"wp:attachment":[{"href":"https:\/\/www.guidedelcervino.com\/fr\/wp-json\/wp\/v2\/media?parent=13289"}],"wp:term":[{"taxonomy":"product_brand","embeddable":true,"href":"https:\/\/www.guidedelcervino.com\/fr\/wp-json\/wp\/v2\/product_brand?post=13289"},{"taxonomy":"product_cat","embeddable":true,"href":"https:\/\/www.guidedelcervino.com\/fr\/wp-json\/wp\/v2\/product_cat?post=13289"},{"taxonomy":"product_tag","embeddable":true,"href":"https:\/\/www.guidedelcervino.com\/fr\/wp-json\/wp\/v2\/product_tag?post=13289"}],"curies":[{"name":"wp","href":"https:\/\/api.w.org\/{rel}","templated":true}]}}