{"id":13291,"date":"2025-05-22T16:00:35","date_gmt":"2025-05-22T14:00:35","guid":{"rendered":"https:\/\/new.guidedelcervino.com\/attivita\/non%20class\u00e9\/stage-cervino-il-miglior-modo-per-salire-il-cervino\/"},"modified":"2026-05-02T17:33:31","modified_gmt":"2026-05-02T15:33:31","slug":"stage-cervin-la-meilleure-facon-de-gravir-le-cervin","status":"publish","type":"product","link":"https:\/\/www.guidedelcervino.com\/fr\/attivita\/le-cervin\/stage-cervin-la-meilleure-facon-de-gravir-le-cervin\/","title":{"rendered":"Stage Cervin : La meilleure fa\u00e7on de gravir le Cervin"},"content":{"rendered":"<p><strong>Stage Cervin : La meilleure fa\u00e7on de gravir le Cervin<\/strong><\/p>\n<p style=\"text-align: left\"><b>S'entra\u00eener, conna\u00eetre la montagne et gravir le Cervin avec conscience et s\u00e9curit\u00e9.<\/b><\/p>\n<p style=\"text-align: left\">Affronter le Cervin (4478 m) est un r\u00eave pour de nombreux alpinistes. Mais ce n'est pas une montagne comme les autres : c'est un symbole, un d\u00e9fi technique, physique et \u00e9motionnel.<\/p>\n<p style=\"text-align: left\">C'est pourquoi nous avons con\u00e7u un <b>Stage structur\u00e9 et progressif<\/b>, id\u00e9al pour ceux qui veulent aborder cette ascension de la mani\u00e8re la plus s\u00e9rieuse et la plus s\u00fbre, en vivant une semaine compl\u00e8te avec les Guides du Cervin, en pr\u00e9paration \u00e0 l'ascension finale.<\/p>\n<p><strong>Qu'est-ce que le Stage Cervin ?<\/strong><\/p>\n<p>Le Stage Cervin est un parcours con\u00e7u pour :<\/p>\n<ul>\n<li><b>Am\u00e9liorer la forme physique et l'acclimatation.<\/b><\/li>\n<li><b>\u00c9valuer et affiner les capacit\u00e9s techniques<\/b> (mouvement sur rocher, utilisation de la corde, gestion de l'exposition).<\/li>\n<li><b>Cr\u00e9er une relation de confiance et de synergie entre le client et le guide<\/b>, fondamentale pour une ascension exigeante.<\/li>\n<\/ul>\n<p>Pendant le stage, nous gravissons des sommets choisis en fonction du niveau et des conditions, avec des caract\u00e9ristiques similaires \u00e0 celles du Cervin, jusqu'\u00e0 affronter, comme point culminant, l'ascension du sommet par la voie la plus appropri\u00e9e.<\/p>\n","protected":false},"excerpt":{"rendered":"<p>Stage Cervin : La meilleure fa\u00e7on de gravir le Cervin S'entra\u00eener, conna\u00eetre la montagne et gravir le Cervin avec conscience et s\u00e9curit\u00e9. Affronter le Cervin (4478 m) est un r\u00eave pour de nombreux alpinistes. Mais ce n'est pas une montagne comme les autres : c'est un symbole, un d\u00e9fi technique, physique et \u00e9motionnel. C'est pourquoi [&hellip;]<\/p>\n","protected":false},"featured_media":11962,"template":"","meta":{"_acf_changed":false},"product_brand":[],"product_cat":[119],"product_tag":[202],"class_list":{"0":"post-13291","1":"product","2":"type-product","3":"status-publish","4":"has-post-thumbnail","6":"product_cat-le-cervin","7":"product_tag-ete","9":"first","10":"instock","11":"shipping-taxable","12":"product-type-simple"},"acf":[],"_links":{"self":[{"href":"https:\/\/www.guidedelcervino.com\/fr\/wp-json\/wp\/v2\/product\/13291","targetHints":{"allow":["GET"]}}],"collection":[{"href":"https:\/\/www.guidedelcervino.com\/fr\/wp-json\/wp\/v2\/product"}],"about":[{"href":"https:\/\/www.guidedelcervino.com\/fr\/wp-json\/wp\/v2\/types\/product"}],"wp:featuredmedia":[{"embeddable":true,"href":"https:\/\/www.guidedelcervino.com\/fr\/wp-json\/wp\/v2\/media\/11962"}],"wp:attachment":[{"href":"https:\/\/www.guidedelcervino.com\/fr\/wp-json\/wp\/v2\/media?parent=13291"}],"wp:term":[{"taxonomy":"product_brand","embeddable":true,"href":"https:\/\/www.guidedelcervino.com\/fr\/wp-json\/wp\/v2\/product_brand?post=13291"},{"taxonomy":"product_cat","embeddable":true,"href":"https:\/\/www.guidedelcervino.com\/fr\/wp-json\/wp\/v2\/product_cat?post=13291"},{"taxonomy":"product_tag","embeddable":true,"href":"https:\/\/www.guidedelcervino.com\/fr\/wp-json\/wp\/v2\/product_tag?post=13291"}],"curies":[{"name":"wp","href":"https:\/\/api.w.org\/{rel}","templated":true}]}}