{"id":13293,"date":"2025-05-22T15:35:25","date_gmt":"2025-05-22T13:35:25","guid":{"rendered":"https:\/\/new.guidedelcervino.com\/attivita\/non%20class\u00e9\/cervino-4478m-altre-creste-o-pareti\/"},"modified":"2025-11-17T15:15:49","modified_gmt":"2025-11-17T14:15:49","slug":"cervin-4478m-autres-aretes-ou-faces","status":"publish","type":"product","link":"https:\/\/www.guidedelcervino.com\/fr\/attivita\/le-cervin\/cervin-4478m-autres-aretes-ou-faces\/","title":{"rendered":"Cervin (4478m) - Autres ar\u00eates ou faces"},"content":{"rendered":"<p><strong>Cervin \u2013 Voies alternatives, ar\u00eates et faces avec les Guides du Cervin<\/strong><\/p>\n<p><b>Alpinisme authentique sur la montagne embl\u00e9matique des Alpes<\/b><\/p>\n<p>Au-del\u00e0 de la c\u00e9l\u00e8bre voie normale italienne et suisse, le Cervin (4478 m) rec\u00e8le des itin\u00e9raires moins fr\u00e9quent\u00e9s, plus techniques et solitaires, r\u00e9serv\u00e9s aux alpinistes exp\u00e9riment\u00e9s \u00e0 la recherche de grandes ascensions en haute montagne. Les ar\u00eates et les faces secondaires du Cervin repr\u00e9sentent la v\u00e9ritable essence de l'alpinisme classique : terrain mixte, exposition, isolement et un lien profond entre le guide et le client.<\/p>\n<p>Ces ascensions exigent un <b>excellent niveau technique<\/b>, une adaptation \u00e0 l'environnement de haute altitude et une <b>confiance mutuelle profonde<\/b>. Pour cette raison, elles ne sont g\u00e9n\u00e9ralement propos\u00e9es qu'\u00e0 des clients d\u00e9j\u00e0 connus de nos guides ou apr\u00e8s une \u00e9valuation sur des terrains similaires les jours pr\u00e9c\u00e9dents.<\/p>\n","protected":false},"excerpt":{"rendered":"<p>Cervin \u2013 Voies alternatives, ar\u00eates et faces avec les Guides du Cervin Alpinisme authentique sur la montagne embl\u00e9matique des Alpes Au-del\u00e0 de la c\u00e9l\u00e8bre voie normale italienne et suisse, le Cervin (4478 m) rec\u00e8le des itin\u00e9raires moins fr\u00e9quent\u00e9s, plus techniques et solitaires, r\u00e9serv\u00e9s aux alpinistes exp\u00e9riment\u00e9s \u00e0 la recherche de grandes ascensions en haute montagne. [&hellip;]<\/p>\n","protected":false},"featured_media":13527,"template":"","meta":{"_acf_changed":false},"product_brand":[],"product_cat":[119],"product_tag":[202],"class_list":{"0":"post-13293","1":"product","2":"type-product","3":"status-publish","4":"has-post-thumbnail","6":"product_cat-le-cervin","7":"product_tag-ete","9":"first","10":"instock","11":"shipping-taxable","12":"product-type-simple"},"acf":[],"_links":{"self":[{"href":"https:\/\/www.guidedelcervino.com\/fr\/wp-json\/wp\/v2\/product\/13293","targetHints":{"allow":["GET"]}}],"collection":[{"href":"https:\/\/www.guidedelcervino.com\/fr\/wp-json\/wp\/v2\/product"}],"about":[{"href":"https:\/\/www.guidedelcervino.com\/fr\/wp-json\/wp\/v2\/types\/product"}],"wp:featuredmedia":[{"embeddable":true,"href":"https:\/\/www.guidedelcervino.com\/fr\/wp-json\/wp\/v2\/media\/13527"}],"wp:attachment":[{"href":"https:\/\/www.guidedelcervino.com\/fr\/wp-json\/wp\/v2\/media?parent=13293"}],"wp:term":[{"taxonomy":"product_brand","embeddable":true,"href":"https:\/\/www.guidedelcervino.com\/fr\/wp-json\/wp\/v2\/product_brand?post=13293"},{"taxonomy":"product_cat","embeddable":true,"href":"https:\/\/www.guidedelcervino.com\/fr\/wp-json\/wp\/v2\/product_cat?post=13293"},{"taxonomy":"product_tag","embeddable":true,"href":"https:\/\/www.guidedelcervino.com\/fr\/wp-json\/wp\/v2\/product_tag?post=13293"}],"curies":[{"name":"wp","href":"https:\/\/api.w.org\/{rel}","templated":true}]}}