{"id":13295,"date":"2025-05-22T15:27:51","date_gmt":"2025-05-22T13:27:51","guid":{"rendered":"https:\/\/new.guidedelcervino.com\/attivita\/non%20class\u00e9\/heliski-sul-monte-rosa\/"},"modified":"2026-01-07T15:51:17","modified_gmt":"2026-01-07T14:51:17","slug":"heliski-sur-le-mont-rose","status":"publish","type":"product","link":"https:\/\/www.guidedelcervino.com\/fr\/attivita\/ski-et-snowboard-hors-piste\/heliski-sur-le-mont-rose\/","title":{"rendered":"H\u00e9liski sur le Mont Rose"},"content":{"rendered":"<p><strong>Une exp\u00e9rience de ski exclusive en haute altitude<\/strong>, entre 4 000 m\u00e8tres et les glaciers du Mont Rose.<\/p>\n<p>Vivez l'\u00e9motion pure de l'h\u00e9liski aux pieds de la <b>Pointe Dufour (4 634 m)<\/b>, au c\u0153ur du massif du Mont Rose, accompagn\u00e9 par les Guides du Cervin avec l'h\u00e9licopt\u00e8re Air Zermatt.<\/p>\n<p>Un vol spectaculaire du Plateau Rosa (3 500 m) jusqu'au Silbersattel, \u00e0 plus de 4 100 m\u00e8tres, point d'appui glaciaire entre la Dufourspitze et le Nordend. De l\u00e0, une longue et inoubliable descente \u00e0 travers des paysages majestueux vous m\u00e8nera jusqu'au fond de la vall\u00e9e de Zermatt, pour ensuite revenir confortablement avec les remont\u00e9es m\u00e9caniques.<\/p>\n","protected":false},"excerpt":{"rendered":"<p>Une exp\u00e9rience de ski exclusive en haute altitude, entre 4 000 m\u00e8tres et les glaciers du Mont Rose. Vivez l'\u00e9motion pure de l'h\u00e9liski aux pieds de la Pointe Dufour (4 634 m), au c\u0153ur du massif du Mont Rose, accompagn\u00e9 par les Guides du Cervin avec l'h\u00e9licopt\u00e8re Air Zermatt. Un vol spectaculaire du Plateau Rosa [&hellip;]<\/p>\n","protected":false},"featured_media":11759,"template":"","meta":{"_acf_changed":false},"product_brand":[],"product_cat":[115],"product_tag":[204],"class_list":{"0":"post-13295","1":"product","2":"type-product","3":"status-publish","4":"has-post-thumbnail","6":"product_cat-ski-et-snowboard-hors-piste","7":"product_tag-hiver","9":"first","10":"instock","11":"shipping-taxable","12":"product-type-simple"},"acf":[],"_links":{"self":[{"href":"https:\/\/www.guidedelcervino.com\/fr\/wp-json\/wp\/v2\/product\/13295","targetHints":{"allow":["GET"]}}],"collection":[{"href":"https:\/\/www.guidedelcervino.com\/fr\/wp-json\/wp\/v2\/product"}],"about":[{"href":"https:\/\/www.guidedelcervino.com\/fr\/wp-json\/wp\/v2\/types\/product"}],"wp:featuredmedia":[{"embeddable":true,"href":"https:\/\/www.guidedelcervino.com\/fr\/wp-json\/wp\/v2\/media\/11759"}],"wp:attachment":[{"href":"https:\/\/www.guidedelcervino.com\/fr\/wp-json\/wp\/v2\/media?parent=13295"}],"wp:term":[{"taxonomy":"product_brand","embeddable":true,"href":"https:\/\/www.guidedelcervino.com\/fr\/wp-json\/wp\/v2\/product_brand?post=13295"},{"taxonomy":"product_cat","embeddable":true,"href":"https:\/\/www.guidedelcervino.com\/fr\/wp-json\/wp\/v2\/product_cat?post=13295"},{"taxonomy":"product_tag","embeddable":true,"href":"https:\/\/www.guidedelcervino.com\/fr\/wp-json\/wp\/v2\/product_tag?post=13295"}],"curies":[{"name":"wp","href":"https:\/\/api.w.org\/{rel}","templated":true}]}}