{"id":13297,"date":"2025-05-22T15:23:52","date_gmt":"2025-05-22T13:23:52","guid":{"rendered":"https:\/\/new.guidedelcervino.com\/attivita\/non%20class\u00e9\/giornata-freeride-nel-comprensorio-cervinia-zermatt\/"},"modified":"2026-02-16T09:10:09","modified_gmt":"2026-02-16T08:10:09","slug":"journee-freeride-dans-le-domaine-de-cervinia-zermatt","status":"publish","type":"product","link":"https:\/\/www.guidedelcervino.com\/fr\/attivita\/ski-et-snowboard-hors-piste\/journee-freeride-dans-le-domaine-de-cervinia-zermatt\/","title":{"rendered":"Journ\u00e9e Freeride dans le domaine de Cervinia-Zermatt"},"content":{"rendered":"<p><b>Une journ\u00e9e de ski hors-piste au c\u0153ur des Alpes avec les Guides du Cervin<\/b><\/p>\n<p>Bienvenue au paradis du freeride ! Le domaine international de Cervinia\u2013Zermatt, domin\u00e9 par la pr\u00e9sence majestueuse du Cervin (Matterhorn), offre l'un des terrains les plus spectaculaires et polyvalents des Alpes pour le ski hors-piste. Avec plus de 2 000 m\u00e8tres de d\u00e9nivel\u00e9 skiable, de larges vall\u00e9es, des couloirs cach\u00e9s et de longues pentes ouvertes, chaque descente est une d\u00e9couverte.<\/p>\n<p>Accompagn\u00e9 par les Guides du Cervin, vous pourrez vivre une journ\u00e9e de freeride inoubliable en toute <b>s\u00e9curit\u00e9<\/b>, en choisissant les meilleures lignes en fonction de la neige, du niveau technique et des conditions m\u00e9t\u00e9orologiques.<\/p>\n","protected":false},"excerpt":{"rendered":"<p>Une journ\u00e9e de ski hors-piste au c\u0153ur des Alpes avec les Guides du Cervin Bienvenue au paradis du freeride ! Le domaine international de Cervinia\u2013Zermatt, domin\u00e9 par la pr\u00e9sence majestueuse du Cervin (Matterhorn), offre l'un des terrains les plus spectaculaires et polyvalents des Alpes pour le ski hors-piste. Avec plus de 2 000 m\u00e8tres de [&hellip;]<\/p>\n","protected":false},"featured_media":11772,"template":"","meta":{"_acf_changed":false},"product_brand":[],"product_cat":[115],"product_tag":[204],"class_list":{"0":"post-13297","1":"product","2":"type-product","3":"status-publish","4":"has-post-thumbnail","6":"product_cat-ski-et-snowboard-hors-piste","7":"product_tag-hiver","9":"first","10":"outofstock","11":"shipping-taxable","12":"product-type-variable"},"acf":[],"_links":{"self":[{"href":"https:\/\/www.guidedelcervino.com\/fr\/wp-json\/wp\/v2\/product\/13297","targetHints":{"allow":["GET"]}}],"collection":[{"href":"https:\/\/www.guidedelcervino.com\/fr\/wp-json\/wp\/v2\/product"}],"about":[{"href":"https:\/\/www.guidedelcervino.com\/fr\/wp-json\/wp\/v2\/types\/product"}],"wp:featuredmedia":[{"embeddable":true,"href":"https:\/\/www.guidedelcervino.com\/fr\/wp-json\/wp\/v2\/media\/11772"}],"wp:attachment":[{"href":"https:\/\/www.guidedelcervino.com\/fr\/wp-json\/wp\/v2\/media?parent=13297"}],"wp:term":[{"taxonomy":"product_brand","embeddable":true,"href":"https:\/\/www.guidedelcervino.com\/fr\/wp-json\/wp\/v2\/product_brand?post=13297"},{"taxonomy":"product_cat","embeddable":true,"href":"https:\/\/www.guidedelcervino.com\/fr\/wp-json\/wp\/v2\/product_cat?post=13297"},{"taxonomy":"product_tag","embeddable":true,"href":"https:\/\/www.guidedelcervino.com\/fr\/wp-json\/wp\/v2\/product_tag?post=13297"}],"curies":[{"name":"wp","href":"https:\/\/api.w.org\/{rel}","templated":true}]}}