{"id":13299,"date":"2025-05-22T15:18:31","date_gmt":"2025-05-22T13:18:31","guid":{"rendered":"https:\/\/new.guidedelcervino.com\/attivita\/non%20class\u00e9\/discesa-dalla-vallee-blanche\/"},"modified":"2026-02-05T09:41:44","modified_gmt":"2026-02-05T08:41:44","slug":"descente-de-la-vallee-blanche","status":"publish","type":"product","link":"https:\/\/www.guidedelcervino.com\/fr\/attivita\/ski-et-snowboard-hors-piste\/descente-de-la-vallee-blanche\/","title":{"rendered":"Descente de la Vall\u00e9e Blanche"},"content":{"rendered":"<p>Un Classique du Ski Hors-Piste<\/p>\n<p><b>Accompagn\u00e9s par les Guides du Cervin<\/b><\/p>\n<p>Une exp\u00e9rience unique et inoubliable : la descente de la Vall\u00e9e Blanche, dans le massif du Mont Blanc, est l'une des travers\u00e9es \u00e0 ski les plus spectaculaires et c\u00e9l\u00e8bres au monde. Plus de <b>20 km de ski hors-piste<\/b> au c\u0153ur d'un environnement grandiose, entre s\u00e9racs, aiguilles de granite et glaciers \u00e9ternels, \u00e0 vivre en toute s\u00e9curit\u00e9 avec les Guides du Cervin.<\/p>\n<p>Depuis le sommet de la Pointe Helbronner, que l'on atteint en t\u00e9l\u00e9ph\u00e9rique depuis Courmayeur avec la Sky Way, on plonge imm\u00e9diatement dans un monde glaciaire fait de neige, de lumi\u00e8re et de silence, en glissant \u00e0 travers la Mer de Glace jusqu'au fond de la vall\u00e9e, pr\u00e8s de Chamonix, avec plusieurs variantes possibles selon les conditions.<\/p>\n","protected":false},"excerpt":{"rendered":"<p>Un Classique du Ski Hors-Piste Accompagn\u00e9s par les Guides du Cervin Une exp\u00e9rience unique et inoubliable : la descente de la Vall\u00e9e Blanche, dans le massif du Mont Blanc, est l'une des travers\u00e9es \u00e0 ski les plus spectaculaires et c\u00e9l\u00e8bres au monde. Plus de 20 km de ski hors-piste au c\u0153ur d'un environnement grandiose, entre [&hellip;]<\/p>\n","protected":false},"featured_media":11769,"template":"","meta":{"_acf_changed":false},"product_brand":[],"product_cat":[115],"product_tag":[204],"class_list":{"0":"post-13299","1":"product","2":"type-product","3":"status-publish","4":"has-post-thumbnail","6":"product_cat-ski-et-snowboard-hors-piste","7":"product_tag-hiver","9":"first","10":"instock","11":"shipping-taxable","12":"product-type-simple"},"acf":[],"_links":{"self":[{"href":"https:\/\/www.guidedelcervino.com\/fr\/wp-json\/wp\/v2\/product\/13299","targetHints":{"allow":["GET"]}}],"collection":[{"href":"https:\/\/www.guidedelcervino.com\/fr\/wp-json\/wp\/v2\/product"}],"about":[{"href":"https:\/\/www.guidedelcervino.com\/fr\/wp-json\/wp\/v2\/types\/product"}],"wp:featuredmedia":[{"embeddable":true,"href":"https:\/\/www.guidedelcervino.com\/fr\/wp-json\/wp\/v2\/media\/11769"}],"wp:attachment":[{"href":"https:\/\/www.guidedelcervino.com\/fr\/wp-json\/wp\/v2\/media?parent=13299"}],"wp:term":[{"taxonomy":"product_brand","embeddable":true,"href":"https:\/\/www.guidedelcervino.com\/fr\/wp-json\/wp\/v2\/product_brand?post=13299"},{"taxonomy":"product_cat","embeddable":true,"href":"https:\/\/www.guidedelcervino.com\/fr\/wp-json\/wp\/v2\/product_cat?post=13299"},{"taxonomy":"product_tag","embeddable":true,"href":"https:\/\/www.guidedelcervino.com\/fr\/wp-json\/wp\/v2\/product_tag?post=13299"}],"curies":[{"name":"wp","href":"https:\/\/api.w.org\/{rel}","templated":true}]}}