{"id":13303,"date":"2025-05-22T15:08:14","date_gmt":"2025-05-22T13:08:14","guid":{"rendered":"https:\/\/new.guidedelcervino.com\/attivita\/non%20class\u00e9\/via-ferrata-traversata-del-furggen\/"},"modified":"2025-11-18T10:20:52","modified_gmt":"2025-11-18T09:20:52","slug":"via-ferrata-traversee-du-furggen","status":"publish","type":"product","link":"https:\/\/www.guidedelcervino.com\/fr\/attivita\/vie-ferrate-fr\/via-ferrata-traversee-du-furggen\/","title":{"rendered":"Via ferrata travers\u00e9e du Furggen"},"content":{"rendered":"<p><strong>Une grande aventure panoramique entre Cervinia et Zermatt<\/strong><\/p>\n<p>La Travers\u00e9e du Furggen est l'une des randonn\u00e9es les plus <b>spectaculaires et sauvages<\/b> que l'on puisse vivre dans la r\u00e9gion du Cervin.<\/p>\n<p>En partant du <b>Plateau Rosa (3 480 m)<\/b>, on s'aventure sur un itin\u00e9raire vari\u00e9 et panoramique : passages sur neige et rocher, un bref tron\u00e7on de via ferrata \u00e9quip\u00e9e, des cr\u00eates effil\u00e9es et des vues extraordinaires s'\u00e9tendant du Mont Rose au Mont Blanc.<\/p>\n<p>Avec l'accompagnement des <b>Guides du Cervin<\/b>, cette exp\u00e9rience devient accessible m\u00eame \u00e0 ceux qui ont une bonne pr\u00e9paration \u00e0 la randonn\u00e9e et qui souhaitent se lancer dans une v\u00e9ritable aventure alpine estivale, toujours en toute s\u00e9curit\u00e9.<\/p>\n","protected":false},"excerpt":{"rendered":"<p>Une grande aventure panoramique entre Cervinia et Zermatt La Travers\u00e9e du Furggen est l'une des randonn\u00e9es les plus spectaculaires et sauvages que l'on puisse vivre dans la r\u00e9gion du Cervin. En partant du Plateau Rosa (3 480 m), on s'aventure sur un itin\u00e9raire vari\u00e9 et panoramique : passages sur neige et rocher, un bref tron\u00e7on [&hellip;]<\/p>\n","protected":false},"featured_media":11787,"template":"","meta":{"_acf_changed":false},"product_brand":[],"product_cat":[135],"product_tag":[202],"class_list":{"0":"post-13303","1":"product","2":"type-product","3":"status-publish","4":"has-post-thumbnail","6":"product_cat-vie-ferrate-fr","7":"product_tag-ete","9":"first","10":"instock","11":"shipping-taxable","12":"product-type-simple"},"acf":[],"_links":{"self":[{"href":"https:\/\/www.guidedelcervino.com\/fr\/wp-json\/wp\/v2\/product\/13303","targetHints":{"allow":["GET"]}}],"collection":[{"href":"https:\/\/www.guidedelcervino.com\/fr\/wp-json\/wp\/v2\/product"}],"about":[{"href":"https:\/\/www.guidedelcervino.com\/fr\/wp-json\/wp\/v2\/types\/product"}],"wp:featuredmedia":[{"embeddable":true,"href":"https:\/\/www.guidedelcervino.com\/fr\/wp-json\/wp\/v2\/media\/11787"}],"wp:attachment":[{"href":"https:\/\/www.guidedelcervino.com\/fr\/wp-json\/wp\/v2\/media?parent=13303"}],"wp:term":[{"taxonomy":"product_brand","embeddable":true,"href":"https:\/\/www.guidedelcervino.com\/fr\/wp-json\/wp\/v2\/product_brand?post=13303"},{"taxonomy":"product_cat","embeddable":true,"href":"https:\/\/www.guidedelcervino.com\/fr\/wp-json\/wp\/v2\/product_cat?post=13303"},{"taxonomy":"product_tag","embeddable":true,"href":"https:\/\/www.guidedelcervino.com\/fr\/wp-json\/wp\/v2\/product_tag?post=13303"}],"curies":[{"name":"wp","href":"https:\/\/api.w.org\/{rel}","templated":true}]}}