{"id":13305,"date":"2025-05-22T15:05:04","date_gmt":"2025-05-22T13:05:04","guid":{"rendered":"https:\/\/new.guidedelcervino.com\/attivita\/non%20class\u00e9\/via-ferrata-di-vofrede-cervinia\/"},"modified":"2025-11-18T10:43:25","modified_gmt":"2025-11-18T09:43:25","slug":"via-ferrata-de-vofrede-cervinia","status":"publish","type":"product","link":"https:\/\/www.guidedelcervino.com\/fr\/attivita\/vie-ferrate-fr\/via-ferrata-de-vofrede-cervinia\/","title":{"rendered":"Via ferrata de Vofrede (Cervinia)"},"content":{"rendered":"<p><strong>Aventure alpine entre panoramas \u00e9poustouflants et haute montagne<\/strong><\/p>\n<p>La <b>Via Ferrata de Vofr\u00e8de<\/b> est une ascension palpitante qui se d\u00e9veloppe sur une cr\u00eate a\u00e9rienne et panoramique, entre la Valtournenche et la haute vall\u00e9e de Cignana.<\/p>\n<p>L'itin\u00e9raire offre une v\u00e9ritable exp\u00e9rience de montagne : des tron\u00e7ons de roche \u00e9quip\u00e9s, des passages a\u00e9riens et une vue spectaculaire sur le <b>Cervin<\/b> (Matterhorn) et le bassin de Cignana.<\/p>\n<ul>\n<li><b>Adapt\u00e9e<\/b> \u00e0 ceux qui ont d\u00e9j\u00e0 un minimum d'exp\u00e9rience ou qui souhaitent vivre une aventure plus exigeante que les via ferrata plus simples, cette ascension est parfaite avec l'accompagnement des <b>Guides du Cervin<\/b>, qui garantiront la s\u00e9curit\u00e9 et une gestion optimale de la journ\u00e9e.<\/li>\n<\/ul>\n","protected":false},"excerpt":{"rendered":"<p>Aventure alpine entre panoramas \u00e9poustouflants et haute montagne La Via Ferrata de Vofr\u00e8de est une ascension palpitante qui se d\u00e9veloppe sur une cr\u00eate a\u00e9rienne et panoramique, entre la Valtournenche et la haute vall\u00e9e de Cignana. L'itin\u00e9raire offre une v\u00e9ritable exp\u00e9rience de montagne : des tron\u00e7ons de roche \u00e9quip\u00e9s, des passages a\u00e9riens et une vue spectaculaire [&hellip;]<\/p>\n","protected":false},"featured_media":11796,"template":"","meta":{"_acf_changed":false},"product_brand":[],"product_cat":[135],"product_tag":[202],"class_list":{"0":"post-13305","1":"product","2":"type-product","3":"status-publish","4":"has-post-thumbnail","6":"product_cat-vie-ferrate-fr","7":"product_tag-ete","9":"first","10":"instock","11":"shipping-taxable","12":"product-type-simple"},"acf":[],"_links":{"self":[{"href":"https:\/\/www.guidedelcervino.com\/fr\/wp-json\/wp\/v2\/product\/13305","targetHints":{"allow":["GET"]}}],"collection":[{"href":"https:\/\/www.guidedelcervino.com\/fr\/wp-json\/wp\/v2\/product"}],"about":[{"href":"https:\/\/www.guidedelcervino.com\/fr\/wp-json\/wp\/v2\/types\/product"}],"wp:featuredmedia":[{"embeddable":true,"href":"https:\/\/www.guidedelcervino.com\/fr\/wp-json\/wp\/v2\/media\/11796"}],"wp:attachment":[{"href":"https:\/\/www.guidedelcervino.com\/fr\/wp-json\/wp\/v2\/media?parent=13305"}],"wp:term":[{"taxonomy":"product_brand","embeddable":true,"href":"https:\/\/www.guidedelcervino.com\/fr\/wp-json\/wp\/v2\/product_brand?post=13305"},{"taxonomy":"product_cat","embeddable":true,"href":"https:\/\/www.guidedelcervino.com\/fr\/wp-json\/wp\/v2\/product_cat?post=13305"},{"taxonomy":"product_tag","embeddable":true,"href":"https:\/\/www.guidedelcervino.com\/fr\/wp-json\/wp\/v2\/product_tag?post=13305"}],"curies":[{"name":"wp","href":"https:\/\/api.w.org\/{rel}","templated":true}]}}