{"id":13320,"date":"2025-05-22T15:02:15","date_gmt":"2025-05-22T13:02:15","guid":{"rendered":"https:\/\/new.guidedelcervino.com\/attivita\/non%20class\u00e9\/via-ferrata-del-gorbeillon-valtournenche\/"},"modified":"2026-04-11T16:25:48","modified_gmt":"2026-04-11T14:25:48","slug":"via-ferrata-du-gorbeillon-valtournenche","status":"publish","type":"product","link":"https:\/\/www.guidedelcervino.com\/fr\/attivita\/vie-ferrate-fr\/via-ferrata-du-gorbeillon-valtournenche\/","title":{"rendered":"Via ferrata du Gorbeillon (Valtournenche)"},"content":{"rendered":"<p><strong>Une aventure \u00e0 la port\u00e9e de tous, immerg\u00e9s dans la nature du Valtournenche<\/strong><\/p>\n<p>La Via Ferrata du Gorbeillon, situ\u00e9e dans le magnifique Valtournenche, est le parcours parfait pour ceux qui souhaitent vivre une premi\u00e8re exp\u00e9rience verticale en montagne, en toute <b>s\u00e9curit\u00e9 et plaisir<\/b>.<\/p>\n<p>Facilement accessible, courte et tr\u00e8s panoramique, cette via ferrata est id\u00e9ale pour les <b>enfants, les familles et les adultes<\/b> qui d\u00e9sirent \u00e9prouver l'\u00e9motion de grimper sur la roche prot\u00e9g\u00e9s par un c\u00e2ble fixe, toujours accompagn\u00e9s par les Guides du Cervin.<\/p>\n<p>Pendant la mont\u00e9e, on traverse des \u00e9chelles, des ponts suspendus et des passages rocheux faciles, entour\u00e9s de prairies vertes et de <b>vues spectaculaires<\/b> sur la vall\u00e9e.<\/p>\n","protected":false},"excerpt":{"rendered":"<p>Une aventure \u00e0 la port\u00e9e de tous, immerg\u00e9s dans la nature du Valtournenche La Via Ferrata du Gorbeillon, situ\u00e9e dans le magnifique Valtournenche, est le parcours parfait pour ceux qui souhaitent vivre une premi\u00e8re exp\u00e9rience verticale en montagne, en toute s\u00e9curit\u00e9 et plaisir. Facilement accessible, courte et tr\u00e8s panoramique, cette via ferrata est id\u00e9ale pour [&hellip;]<\/p>\n","protected":false},"featured_media":11802,"template":"","meta":{"_acf_changed":false},"product_brand":[],"product_cat":[135],"product_tag":[202],"class_list":{"0":"post-13320","1":"product","2":"type-product","3":"status-publish","4":"has-post-thumbnail","6":"product_cat-vie-ferrate-fr","7":"product_tag-ete","9":"first","10":"instock","11":"shipping-taxable","12":"purchasable","13":"product-type-variable"},"acf":[],"_links":{"self":[{"href":"https:\/\/www.guidedelcervino.com\/fr\/wp-json\/wp\/v2\/product\/13320","targetHints":{"allow":["GET"]}}],"collection":[{"href":"https:\/\/www.guidedelcervino.com\/fr\/wp-json\/wp\/v2\/product"}],"about":[{"href":"https:\/\/www.guidedelcervino.com\/fr\/wp-json\/wp\/v2\/types\/product"}],"wp:featuredmedia":[{"embeddable":true,"href":"https:\/\/www.guidedelcervino.com\/fr\/wp-json\/wp\/v2\/media\/11802"}],"wp:attachment":[{"href":"https:\/\/www.guidedelcervino.com\/fr\/wp-json\/wp\/v2\/media?parent=13320"}],"wp:term":[{"taxonomy":"product_brand","embeddable":true,"href":"https:\/\/www.guidedelcervino.com\/fr\/wp-json\/wp\/v2\/product_brand?post=13320"},{"taxonomy":"product_cat","embeddable":true,"href":"https:\/\/www.guidedelcervino.com\/fr\/wp-json\/wp\/v2\/product_cat?post=13320"},{"taxonomy":"product_tag","embeddable":true,"href":"https:\/\/www.guidedelcervino.com\/fr\/wp-json\/wp\/v2\/product_tag?post=13320"}],"curies":[{"name":"wp","href":"https:\/\/api.w.org\/{rel}","templated":true}]}}