{"id":13335,"date":"2025-05-22T14:45:04","date_gmt":"2025-05-22T12:45:04","guid":{"rendered":"https:\/\/new.guidedelcervino.com\/attivita\/non%20class\u00e9\/ciaspolate-con-guida-privata\/"},"modified":"2025-12-01T16:10:07","modified_gmt":"2025-12-01T15:10:07","slug":"randonnees-en-raquettes-avec-un-guide-prive","status":"publish","type":"product","link":"https:\/\/www.guidedelcervino.com\/fr\/attivita\/raquette-a-neige\/randonnees-en-raquettes-avec-un-guide-prive\/","title":{"rendered":"Randonn\u00e9es en raquettes avec un guide priv\u00e9"},"content":{"rendered":"<p>Partez \u00e0 la d\u00e9couverte de la Valtournenche avec un <b>guide alpin du Cervin<\/b>, en raquettes \u00e0 travers les bois et les magnifiques montagnes.<\/p>\n<p>De la simple excursion de 2 heures, parfaite pour les d\u00e9butants, \u00e0 la sortie plus exigeante, nous vous offrons diff\u00e9rentes possibilit\u00e9s de faire de belles randonn\u00e9es sous le Cervin !<\/p>\n","protected":false},"excerpt":{"rendered":"<p>Partez \u00e0 la d\u00e9couverte de la Valtournenche avec un guide alpin du Cervin, en raquettes \u00e0 travers les bois et les magnifiques montagnes. De la simple excursion de 2 heures, parfaite pour les d\u00e9butants, \u00e0 la sortie plus exigeante, nous vous offrons diff\u00e9rentes possibilit\u00e9s de faire de belles randonn\u00e9es sous le Cervin !<\/p>\n","protected":false},"featured_media":11811,"template":"","meta":{"_acf_changed":false},"product_brand":[],"product_cat":[113],"product_tag":[204],"class_list":{"0":"post-13335","1":"product","2":"type-product","3":"status-publish","4":"has-post-thumbnail","6":"product_cat-raquette-a-neige","7":"product_tag-hiver","9":"first","10":"outofstock","11":"shipping-taxable","12":"purchasable","13":"product-type-variable"},"acf":[],"_links":{"self":[{"href":"https:\/\/www.guidedelcervino.com\/fr\/wp-json\/wp\/v2\/product\/13335","targetHints":{"allow":["GET"]}}],"collection":[{"href":"https:\/\/www.guidedelcervino.com\/fr\/wp-json\/wp\/v2\/product"}],"about":[{"href":"https:\/\/www.guidedelcervino.com\/fr\/wp-json\/wp\/v2\/types\/product"}],"wp:featuredmedia":[{"embeddable":true,"href":"https:\/\/www.guidedelcervino.com\/fr\/wp-json\/wp\/v2\/media\/11811"}],"wp:attachment":[{"href":"https:\/\/www.guidedelcervino.com\/fr\/wp-json\/wp\/v2\/media?parent=13335"}],"wp:term":[{"taxonomy":"product_brand","embeddable":true,"href":"https:\/\/www.guidedelcervino.com\/fr\/wp-json\/wp\/v2\/product_brand?post=13335"},{"taxonomy":"product_cat","embeddable":true,"href":"https:\/\/www.guidedelcervino.com\/fr\/wp-json\/wp\/v2\/product_cat?post=13335"},{"taxonomy":"product_tag","embeddable":true,"href":"https:\/\/www.guidedelcervino.com\/fr\/wp-json\/wp\/v2\/product_tag?post=13335"}],"curies":[{"name":"wp","href":"https:\/\/api.w.org\/{rel}","templated":true}]}}