{"id":13337,"date":"2025-05-22T14:41:15","date_gmt":"2025-05-22T12:41:15","guid":{"rendered":"https:\/\/new.guidedelcervino.com\/attivita\/non%20class\u00e9\/ciaspolata-di-gruppo\/"},"modified":"2026-04-04T18:12:20","modified_gmt":"2026-04-04T16:12:20","slug":"randonnee-en-raquettes-en-groupe","status":"publish","type":"product","link":"https:\/\/www.guidedelcervino.com\/fr\/attivita\/raquette-a-neige\/randonnee-en-raquettes-en-groupe\/","title":{"rendered":"Randonn\u00e9e en raquettes en groupe"},"content":{"rendered":"<p><strong>\u00c0 la d\u00e9couverte de la nature hivernale au pied du Cervin<\/strong><br \/>\nVivez l'hiver de mani\u00e8re authentique avec une randonn\u00e9e guid\u00e9e en raquettes dans les bois et sur les pentes enneig\u00e9es autour de Breuil-Cervinia, accompagn\u00e9s par les guides experts du Cervin.<\/p>\n<p>Une excursion adapt\u00e9e \u00e0 tous, parfaite pour ceux qui souhaitent s'immerger dans le silence de la montagne, marcher sur la neige loin des pistes et profiter de panoramas spectaculaires avec vue sur le Cervin et les sommets du Valtournenche.<\/p>\n","protected":false},"excerpt":{"rendered":"<p>\u00c0 la d\u00e9couverte de la nature hivernale au pied du Cervin Vivez l'hiver de mani\u00e8re authentique avec une randonn\u00e9e guid\u00e9e en raquettes dans les bois et sur les pentes enneig\u00e9es autour de Breuil-Cervinia, accompagn\u00e9s par les guides experts du Cervin. Une excursion adapt\u00e9e \u00e0 tous, parfaite pour ceux qui souhaitent s'immerger dans le silence de [&hellip;]<\/p>\n","protected":false},"featured_media":11820,"template":"","meta":{"_acf_changed":false},"product_brand":[],"product_cat":[113],"product_tag":[204],"class_list":{"0":"post-13337","1":"product","2":"type-product","3":"status-publish","4":"has-post-thumbnail","6":"product_cat-raquette-a-neige","7":"product_tag-hiver","9":"first","10":"instock","11":"shipping-taxable","12":"purchasable","13":"product-type-variable"},"acf":[],"_links":{"self":[{"href":"https:\/\/www.guidedelcervino.com\/fr\/wp-json\/wp\/v2\/product\/13337","targetHints":{"allow":["GET"]}}],"collection":[{"href":"https:\/\/www.guidedelcervino.com\/fr\/wp-json\/wp\/v2\/product"}],"about":[{"href":"https:\/\/www.guidedelcervino.com\/fr\/wp-json\/wp\/v2\/types\/product"}],"wp:featuredmedia":[{"embeddable":true,"href":"https:\/\/www.guidedelcervino.com\/fr\/wp-json\/wp\/v2\/media\/11820"}],"wp:attachment":[{"href":"https:\/\/www.guidedelcervino.com\/fr\/wp-json\/wp\/v2\/media?parent=13337"}],"wp:term":[{"taxonomy":"product_brand","embeddable":true,"href":"https:\/\/www.guidedelcervino.com\/fr\/wp-json\/wp\/v2\/product_brand?post=13337"},{"taxonomy":"product_cat","embeddable":true,"href":"https:\/\/www.guidedelcervino.com\/fr\/wp-json\/wp\/v2\/product_cat?post=13337"},{"taxonomy":"product_tag","embeddable":true,"href":"https:\/\/www.guidedelcervino.com\/fr\/wp-json\/wp\/v2\/product_tag?post=13337"}],"curies":[{"name":"wp","href":"https:\/\/api.w.org\/{rel}","templated":true}]}}