{"id":13339,"date":"2025-05-22T14:35:35","date_gmt":"2025-05-22T12:35:35","guid":{"rendered":"https:\/\/new.guidedelcervino.com\/attivita\/non%20class\u00e9\/ciaspolata-notturna-con-vin-brule\/"},"modified":"2025-12-29T16:52:02","modified_gmt":"2025-12-29T15:52:02","slug":"randonnee-nocturne-en-raquettes-avec-degustation-de-vin-chaud","status":"publish","type":"product","link":"https:\/\/www.guidedelcervino.com\/fr\/attivita\/raquette-a-neige\/randonnee-nocturne-en-raquettes-avec-degustation-de-vin-chaud\/","title":{"rendered":"Randonn\u00e9e nocturne en raquettes avec d\u00e9gustation de vin chaud"},"content":{"rendered":"<p><b>Vivez la magie de la montagne sous les \u00e9toiles avec les Guides du Cervin!<\/b><\/p>\n<p>Une excursion en soir\u00e9e avec des raquettes, plong\u00e9s dans le silence feutr\u00e9 de la neige et \u00e9clair\u00e9s seulement par la lune et les lampes frontales. Une exp\u00e9rience unique pour d\u00e9couvrir la beaut\u00e9 nocturne de Cervinia et profiter de l'atmosph\u00e8re enchant\u00e9e de l'hiver au pied du Cervin.<\/p>\n<p>Accompagn\u00e9s par des guides experts, nous marcherons le long de parcours adapt\u00e9s \u00e0 tous, entre for\u00eats enneig\u00e9es et panoramas \u00e0 couper le souffle. \u00c0 mi-parcours, nous nous arr\u00eaterons pour un moment convivial et ressour\u00e7ant : une pause chaleureuse avec du vin chaud fumant et de petites gourmandises locales \u00e0 partager en bonne compagnie.<\/p>\n<p>Une activit\u00e9 adapt\u00e9e aussi aux d\u00e9butants, id\u00e9ale pour les familles ou simplement entre amis \u00e0 la recherche d'\u00e9motions dans la nature.<\/p>\n<p>&nbsp;<\/p>\n<p>&nbsp;<\/p>\n","protected":false},"excerpt":{"rendered":"<p>Vivez la magie de la montagne sous les \u00e9toiles avec les Guides du Cervin! Une excursion en soir\u00e9e avec des raquettes, plong\u00e9s dans le silence feutr\u00e9 de la neige et \u00e9clair\u00e9s seulement par la lune et les lampes frontales. Une exp\u00e9rience unique pour d\u00e9couvrir la beaut\u00e9 nocturne de Cervinia et profiter de l'atmosph\u00e8re enchant\u00e9e de [&hellip;]<\/p>\n","protected":false},"featured_media":11829,"template":"","meta":{"_acf_changed":false},"product_brand":[],"product_cat":[113],"product_tag":[204],"class_list":{"0":"post-13339","1":"product","2":"type-product","3":"status-publish","4":"has-post-thumbnail","6":"product_cat-raquette-a-neige","7":"product_tag-hiver","9":"first","10":"instock","11":"shipping-taxable","12":"purchasable","13":"product-type-variable"},"acf":[],"_links":{"self":[{"href":"https:\/\/www.guidedelcervino.com\/fr\/wp-json\/wp\/v2\/product\/13339","targetHints":{"allow":["GET"]}}],"collection":[{"href":"https:\/\/www.guidedelcervino.com\/fr\/wp-json\/wp\/v2\/product"}],"about":[{"href":"https:\/\/www.guidedelcervino.com\/fr\/wp-json\/wp\/v2\/types\/product"}],"wp:featuredmedia":[{"embeddable":true,"href":"https:\/\/www.guidedelcervino.com\/fr\/wp-json\/wp\/v2\/media\/11829"}],"wp:attachment":[{"href":"https:\/\/www.guidedelcervino.com\/fr\/wp-json\/wp\/v2\/media?parent=13339"}],"wp:term":[{"taxonomy":"product_brand","embeddable":true,"href":"https:\/\/www.guidedelcervino.com\/fr\/wp-json\/wp\/v2\/product_brand?post=13339"},{"taxonomy":"product_cat","embeddable":true,"href":"https:\/\/www.guidedelcervino.com\/fr\/wp-json\/wp\/v2\/product_cat?post=13339"},{"taxonomy":"product_tag","embeddable":true,"href":"https:\/\/www.guidedelcervino.com\/fr\/wp-json\/wp\/v2\/product_tag?post=13339"}],"curies":[{"name":"wp","href":"https:\/\/api.w.org\/{rel}","templated":true}]}}