{"id":13423,"date":"2025-05-22T14:16:23","date_gmt":"2025-05-22T12:16:23","guid":{"rendered":"https:\/\/new.guidedelcervino.com\/attivita\/non%20class\u00e9\/breithorn-salita-con-guida-privata\/"},"modified":"2026-04-30T15:13:04","modified_gmt":"2026-04-30T13:13:04","slug":"breithorn-ascension-avec-un-guide-prive","status":"publish","type":"product","link":"https:\/\/www.guidedelcervino.com\/fr\/attivita\/breithorn-fr\/breithorn-ascension-avec-un-guide-prive\/","title":{"rendered":"Breithorn: ascension avec un guide priv\u00e9"},"content":{"rendered":"<p><strong>Breithorn Occidental (4 165 m) avec les Guides du Cervin<\/strong><\/p>\n<p><b>La porte d'entr\u00e9e aux 4 000 : une grande \u00e9motion \u00e0 port\u00e9e de main<\/b><\/p>\n<p>Le Breithorn Occidental, gr\u00e2ce \u00e0 sa position et son accessibilit\u00e9, est consid\u00e9r\u00e9 comme le quatre mille id\u00e9al pour ceux qui souhaitent vivre l'\u00e9motion de la <b>haute altitude en toute s\u00e9curit\u00e9<\/b>, accompagn\u00e9s par les Guides exp\u00e9riment\u00e9s du Cervin.<\/p>\n<p>L'ascension se d\u00e9roule dans un environnement majestueux, entour\u00e9 de certains des g\u00e9ants des Alpes comme le <b>Cervin<\/b> et le massif du <b>Mont Rose<\/b>.<\/p>\n<p>C'est facile, mais cela n\u00e9cessite tout de m\u00eame un <b>bon entra\u00eenement<\/b>. Avec nous, cette ascension devient une exp\u00e9rience s\u00fbre, excitante et inoubliable.<\/p>\n","protected":false},"excerpt":{"rendered":"<p>Breithorn Occidental (4 165 m) avec les Guides du Cervin La porte d'entr\u00e9e aux 4 000 : une grande \u00e9motion \u00e0 port\u00e9e de main Le Breithorn Occidental, gr\u00e2ce \u00e0 sa position et son accessibilit\u00e9, est consid\u00e9r\u00e9 comme le quatre mille id\u00e9al pour ceux qui souhaitent vivre l'\u00e9motion de la haute altitude en toute s\u00e9curit\u00e9, accompagn\u00e9s [&hellip;]<\/p>\n","protected":false},"featured_media":11841,"template":"","meta":{"_acf_changed":false},"product_brand":[],"product_cat":[208],"product_tag":[202,204],"class_list":{"0":"post-13423","1":"product","2":"type-product","3":"status-publish","4":"has-post-thumbnail","6":"product_cat-breithorn-fr","7":"product_tag-ete","8":"product_tag-hiver","10":"first","11":"outofstock","12":"shipping-taxable","13":"product-type-variable"},"acf":[],"_links":{"self":[{"href":"https:\/\/www.guidedelcervino.com\/fr\/wp-json\/wp\/v2\/product\/13423","targetHints":{"allow":["GET"]}}],"collection":[{"href":"https:\/\/www.guidedelcervino.com\/fr\/wp-json\/wp\/v2\/product"}],"about":[{"href":"https:\/\/www.guidedelcervino.com\/fr\/wp-json\/wp\/v2\/types\/product"}],"wp:featuredmedia":[{"embeddable":true,"href":"https:\/\/www.guidedelcervino.com\/fr\/wp-json\/wp\/v2\/media\/11841"}],"wp:attachment":[{"href":"https:\/\/www.guidedelcervino.com\/fr\/wp-json\/wp\/v2\/media?parent=13423"}],"wp:term":[{"taxonomy":"product_brand","embeddable":true,"href":"https:\/\/www.guidedelcervino.com\/fr\/wp-json\/wp\/v2\/product_brand?post=13423"},{"taxonomy":"product_cat","embeddable":true,"href":"https:\/\/www.guidedelcervino.com\/fr\/wp-json\/wp\/v2\/product_cat?post=13423"},{"taxonomy":"product_tag","embeddable":true,"href":"https:\/\/www.guidedelcervino.com\/fr\/wp-json\/wp\/v2\/product_tag?post=13423"}],"curies":[{"name":"wp","href":"https:\/\/api.w.org\/{rel}","templated":true}]}}