{"id":13427,"date":"2025-05-22T14:06:16","date_gmt":"2025-05-22T12:06:16","guid":{"rendered":"https:\/\/new.guidedelcervino.com\/attivita\/non%20class\u00e9\/ice-park-di-perreres-battesimo-del-ghiaccio\/"},"modified":"2025-12-30T16:06:44","modified_gmt":"2025-12-30T15:06:44","slug":"ice-park-de-perreres-bapteme-de-glace","status":"publish","type":"product","link":"https:\/\/www.guidedelcervino.com\/fr\/attivita\/escalade-sur-glace\/ice-park-de-perreres-bapteme-de-glace\/","title":{"rendered":"Ice Park de Perr\u00e8res : bapt\u00eame de glace"},"content":{"rendered":"<p><strong>Ice Park de Perr\u00e8res \u2013 Escalade sur glace pour tous<\/strong><\/p>\n<p>Passez une\u00a0 demi-journ\u00e9e pour vivre l'aventure de la glace en toute <b>s\u00e9curit\u00e9<\/b>, avec les Guides du Cervin.<\/p>\n<p>Avez-vous d\u00e9j\u00e0 r\u00eav\u00e9 de toucher de vos mains un mur de glace et de ressentir l'\u00e9motion de l'escalader, en s\u00e9curit\u00e9 et avec l'aide de v\u00e9ritables professionnels ?<\/p>\n<p>L'Ice Park de Perr\u00e8res, \u00e0 deux pas de Valtournenche, est l'endroit parfait pour d\u00e9couvrir l'escalade sur glace dans un environnement contr\u00f4l\u00e9 et fascinant, accompagn\u00e9 par les <b>Guides du Cervin<\/b>.<\/p>\n<p>Cette activit\u00e9 est <b>adapt\u00e9e \u00e0 tous<\/b> : adultes, jeunes, familles et curieux de tout niveau, m\u00eame sans aucune exp\u00e9rience. En quelques heures, vous pourrez apprendre les bases, vous amuser et vivre une v\u00e9ritable exp\u00e9rience de montagne !<\/p>\n","protected":false},"excerpt":{"rendered":"<p>Ice Park de Perr\u00e8res \u2013 Escalade sur glace pour tous Passez une\u00a0 demi-journ\u00e9e pour vivre l'aventure de la glace en toute s\u00e9curit\u00e9, avec les Guides du Cervin. Avez-vous d\u00e9j\u00e0 r\u00eav\u00e9 de toucher de vos mains un mur de glace et de ressentir l'\u00e9motion de l'escalader, en s\u00e9curit\u00e9 et avec l'aide de v\u00e9ritables professionnels ? L'Ice [&hellip;]<\/p>\n","protected":false},"featured_media":11853,"template":"","meta":{"_acf_changed":false},"product_brand":[],"product_cat":[109],"product_tag":[204],"class_list":{"0":"post-13427","1":"product","2":"type-product","3":"status-publish","4":"has-post-thumbnail","6":"product_cat-escalade-sur-glace","7":"product_tag-hiver","9":"first","10":"instock","11":"shipping-taxable","12":"purchasable","13":"product-type-variable"},"acf":[],"_links":{"self":[{"href":"https:\/\/www.guidedelcervino.com\/fr\/wp-json\/wp\/v2\/product\/13427","targetHints":{"allow":["GET"]}}],"collection":[{"href":"https:\/\/www.guidedelcervino.com\/fr\/wp-json\/wp\/v2\/product"}],"about":[{"href":"https:\/\/www.guidedelcervino.com\/fr\/wp-json\/wp\/v2\/types\/product"}],"wp:featuredmedia":[{"embeddable":true,"href":"https:\/\/www.guidedelcervino.com\/fr\/wp-json\/wp\/v2\/media\/11853"}],"wp:attachment":[{"href":"https:\/\/www.guidedelcervino.com\/fr\/wp-json\/wp\/v2\/media?parent=13427"}],"wp:term":[{"taxonomy":"product_brand","embeddable":true,"href":"https:\/\/www.guidedelcervino.com\/fr\/wp-json\/wp\/v2\/product_brand?post=13427"},{"taxonomy":"product_cat","embeddable":true,"href":"https:\/\/www.guidedelcervino.com\/fr\/wp-json\/wp\/v2\/product_cat?post=13427"},{"taxonomy":"product_tag","embeddable":true,"href":"https:\/\/www.guidedelcervino.com\/fr\/wp-json\/wp\/v2\/product_tag?post=13427"}],"curies":[{"name":"wp","href":"https:\/\/api.w.org\/{rel}","templated":true}]}}