{"id":13431,"date":"2025-05-09T13:43:43","date_gmt":"2025-05-09T11:43:43","guid":{"rendered":"https:\/\/new.guidedelcervino.com\/attivita\/non%20class\u00e9\/traversata-dei-liskamm\/"},"modified":"2025-12-14T15:12:04","modified_gmt":"2025-12-14T14:12:04","slug":"traversee-de-liskamm","status":"publish","type":"product","link":"https:\/\/www.guidedelcervino.com\/fr\/attivita\/lalpinisme-a-4000\/traversee-de-liskamm\/","title":{"rendered":"Travers\u00e9e de Liskamm"},"content":{"rendered":"<p><strong>Une des aventures alpinistiques les plus spectaculaires des Alpes<\/strong><\/p>\n<p>La <b>Travers\u00e9e de Lyskamm<\/b> est l'une des plus belles et \u00e9l\u00e9gantes ar\u00eates des Alpes : effil\u00e9e, a\u00e9rienne et continue, elle serpente au-dessus des 4 000 m\u00e8tres entre le Lyskamm Oriental et le Lyskamm Occidental, offrant des panoramas \u00e0 couper le souffle et un alpinisme authentique et exigeant.<\/p>\n<p>Accompagn\u00e9 par les <b>Guides du Cervin<\/b>, experts connaisseurs de ces environnements de haute altitude, vous vivrez une exp\u00e9rience unique : un d\u00e9fi technique et \u00e9motionnel, o\u00f9 la gestion s\u00e9curis\u00e9e du terrain glaciaire et des corniches a\u00e9riennes est fondamentale.<\/p>\n","protected":false},"excerpt":{"rendered":"<p>Une des aventures alpinistiques les plus spectaculaires des Alpes La Travers\u00e9e de Lyskamm est l'une des plus belles et \u00e9l\u00e9gantes ar\u00eates des Alpes : effil\u00e9e, a\u00e9rienne et continue, elle serpente au-dessus des 4 000 m\u00e8tres entre le Lyskamm Oriental et le Lyskamm Occidental, offrant des panoramas \u00e0 couper le souffle et un alpinisme authentique et [&hellip;]<\/p>\n","protected":false},"featured_media":11872,"template":"","meta":{"_acf_changed":false},"product_brand":[],"product_cat":[105],"product_tag":[202],"class_list":{"0":"post-13431","1":"product","2":"type-product","3":"status-publish","4":"has-post-thumbnail","6":"product_cat-lalpinisme-a-4000","7":"product_tag-ete","9":"first","10":"instock","11":"shipping-taxable","12":"product-type-simple"},"acf":[],"_links":{"self":[{"href":"https:\/\/www.guidedelcervino.com\/fr\/wp-json\/wp\/v2\/product\/13431","targetHints":{"allow":["GET"]}}],"collection":[{"href":"https:\/\/www.guidedelcervino.com\/fr\/wp-json\/wp\/v2\/product"}],"about":[{"href":"https:\/\/www.guidedelcervino.com\/fr\/wp-json\/wp\/v2\/types\/product"}],"wp:featuredmedia":[{"embeddable":true,"href":"https:\/\/www.guidedelcervino.com\/fr\/wp-json\/wp\/v2\/media\/11872"}],"wp:attachment":[{"href":"https:\/\/www.guidedelcervino.com\/fr\/wp-json\/wp\/v2\/media?parent=13431"}],"wp:term":[{"taxonomy":"product_brand","embeddable":true,"href":"https:\/\/www.guidedelcervino.com\/fr\/wp-json\/wp\/v2\/product_brand?post=13431"},{"taxonomy":"product_cat","embeddable":true,"href":"https:\/\/www.guidedelcervino.com\/fr\/wp-json\/wp\/v2\/product_cat?post=13431"},{"taxonomy":"product_tag","embeddable":true,"href":"https:\/\/www.guidedelcervino.com\/fr\/wp-json\/wp\/v2\/product_tag?post=13431"}],"curies":[{"name":"wp","href":"https:\/\/api.w.org\/{rel}","templated":true}]}}