{"id":13433,"date":"2025-05-09T13:40:09","date_gmt":"2025-05-09T11:40:09","guid":{"rendered":"https:\/\/new.guidedelcervino.com\/attivita\/non%20class\u00e9\/traversata-dei-breithorn\/"},"modified":"2025-12-02T17:47:18","modified_gmt":"2025-12-02T16:47:18","slug":"traversee-du-breithorn","status":"publish","type":"product","link":"https:\/\/www.guidedelcervino.com\/fr\/attivita\/lalpinisme-a-4000\/traversee-du-breithorn\/","title":{"rendered":"Travers\u00e9e du Breithorn"},"content":{"rendered":"<p><strong>Une grande travers\u00e9e en haute altitude entre l'Italie et la Suisse.<\/strong><\/p>\n<p>La Travers\u00e9e des Breithorn est l'une des cr\u00eates les plus fascinantes et panoramiques des Alpes.<\/p>\n<p>Suspendu entre ciel et glaciers, vous parcourez les sommets du <b>Breithorn Occidental (4 165 m)<\/b>, du <b>Breithorn Central (4 159 m)<\/b>, du <b>Breithorn Oriental (4 100 m)<\/b> et du <b>Roccia Nera (4 075 m)<\/b>, le long d'une ligne \u00e9l\u00e9gante et spectaculaire.<\/p>\n<p>Accompagn\u00e9 par les <b>Guides du Cervin<\/b>, la travers\u00e9e devient une exp\u00e9rience inoubliable : des panoramas uniques, une progression s\u00fbre et la joie de vivre la haute montagne dans l'un des plus beaux d\u00e9cors du monde, entre le Cervin, le Mont Rose et le Valais.<\/p>\n","protected":false},"excerpt":{"rendered":"<p>Une grande travers\u00e9e en haute altitude entre l'Italie et la Suisse. La Travers\u00e9e des Breithorn est l'une des cr\u00eates les plus fascinantes et panoramiques des Alpes. Suspendu entre ciel et glaciers, vous parcourez les sommets du Breithorn Occidental (4 165 m), du Breithorn Central (4 159 m), du Breithorn Oriental (4 100 m) et du [&hellip;]<\/p>\n","protected":false},"featured_media":13534,"template":"","meta":{"_acf_changed":false},"product_brand":[],"product_cat":[105],"product_tag":[202],"class_list":{"0":"post-13433","1":"product","2":"type-product","3":"status-publish","4":"has-post-thumbnail","6":"product_cat-lalpinisme-a-4000","7":"product_tag-ete","9":"first","10":"instock","11":"shipping-taxable","12":"product-type-simple"},"acf":[],"_links":{"self":[{"href":"https:\/\/www.guidedelcervino.com\/fr\/wp-json\/wp\/v2\/product\/13433","targetHints":{"allow":["GET"]}}],"collection":[{"href":"https:\/\/www.guidedelcervino.com\/fr\/wp-json\/wp\/v2\/product"}],"about":[{"href":"https:\/\/www.guidedelcervino.com\/fr\/wp-json\/wp\/v2\/types\/product"}],"wp:featuredmedia":[{"embeddable":true,"href":"https:\/\/www.guidedelcervino.com\/fr\/wp-json\/wp\/v2\/media\/13534"}],"wp:attachment":[{"href":"https:\/\/www.guidedelcervino.com\/fr\/wp-json\/wp\/v2\/media?parent=13433"}],"wp:term":[{"taxonomy":"product_brand","embeddable":true,"href":"https:\/\/www.guidedelcervino.com\/fr\/wp-json\/wp\/v2\/product_brand?post=13433"},{"taxonomy":"product_cat","embeddable":true,"href":"https:\/\/www.guidedelcervino.com\/fr\/wp-json\/wp\/v2\/product_cat?post=13433"},{"taxonomy":"product_tag","embeddable":true,"href":"https:\/\/www.guidedelcervino.com\/fr\/wp-json\/wp\/v2\/product_tag?post=13433"}],"curies":[{"name":"wp","href":"https:\/\/api.w.org\/{rel}","templated":true}]}}