{"id":13435,"date":"2025-05-09T13:33:04","date_gmt":"2025-05-09T11:33:04","guid":{"rendered":"https:\/\/new.guidedelcervino.com\/attivita\/non%20class\u00e9\/tour-del-monte-rosa-spaghetti-tour\/"},"modified":"2026-02-26T15:58:50","modified_gmt":"2026-02-26T14:58:50","slug":"tour-du-mont-rose-spaghetti-tour","status":"publish","type":"product","link":"https:\/\/www.guidedelcervino.com\/fr\/attivita\/lalpinisme-a-4000\/tour-du-mont-rose-spaghetti-tour\/","title":{"rendered":"Tour du Mont Rose (Spaghetti tour)"},"content":{"rendered":"<p><b>Un r\u00eave en haute altitude avec les guides du Cervin<\/b><\/p>\n<p>Le Tour du Mont Rose, \u00e9galement connu sous le nom de Spaghetti Tour, est l'un des itin\u00e9raires d'alpinisme les plus fascinants et les plus complets des Alpes.<\/p>\n<p>Cinq jours de pure aventure \u00e0 travers les glaciers et les cr\u00eates du massif du Mont Rose, avec la possibilit\u00e9 de gravir de nombreux sommets de plus de 4 000 m\u00e8tres, et de passer la nuit dans des refuges alpins caract\u00e9ristiques.<\/p>\n<p>Avec les Guides du Cervin, vous vivrez cette exp\u00e9rience en toute s\u00e9curit\u00e9, \u00e0 la d\u00e9couverte de paysages extraordinaires et de l'\u00e9motion unique de traverser certains des lieux les plus embl\u00e9matiques de l'arc alpin.<\/p>\n","protected":false},"excerpt":{"rendered":"<p>Un r\u00eave en haute altitude avec les guides du Cervin Le Tour du Mont Rose, \u00e9galement connu sous le nom de Spaghetti Tour, est l'un des itin\u00e9raires d'alpinisme les plus fascinants et les plus complets des Alpes. Cinq jours de pure aventure \u00e0 travers les glaciers et les cr\u00eates du massif du Mont Rose, avec [&hellip;]<\/p>\n","protected":false},"featured_media":11887,"template":"","meta":{"_acf_changed":false},"product_brand":[],"product_cat":[105],"product_tag":[202],"class_list":{"0":"post-13435","1":"product","2":"type-product","3":"status-publish","4":"has-post-thumbnail","6":"product_cat-lalpinisme-a-4000","7":"product_tag-ete","9":"first","10":"instock","11":"shipping-taxable","12":"product-type-simple"},"acf":[],"_links":{"self":[{"href":"https:\/\/www.guidedelcervino.com\/fr\/wp-json\/wp\/v2\/product\/13435","targetHints":{"allow":["GET"]}}],"collection":[{"href":"https:\/\/www.guidedelcervino.com\/fr\/wp-json\/wp\/v2\/product"}],"about":[{"href":"https:\/\/www.guidedelcervino.com\/fr\/wp-json\/wp\/v2\/types\/product"}],"wp:featuredmedia":[{"embeddable":true,"href":"https:\/\/www.guidedelcervino.com\/fr\/wp-json\/wp\/v2\/media\/11887"}],"wp:attachment":[{"href":"https:\/\/www.guidedelcervino.com\/fr\/wp-json\/wp\/v2\/media?parent=13435"}],"wp:term":[{"taxonomy":"product_brand","embeddable":true,"href":"https:\/\/www.guidedelcervino.com\/fr\/wp-json\/wp\/v2\/product_brand?post=13435"},{"taxonomy":"product_cat","embeddable":true,"href":"https:\/\/www.guidedelcervino.com\/fr\/wp-json\/wp\/v2\/product_cat?post=13435"},{"taxonomy":"product_tag","embeddable":true,"href":"https:\/\/www.guidedelcervino.com\/fr\/wp-json\/wp\/v2\/product_tag?post=13435"}],"curies":[{"name":"wp","href":"https:\/\/api.w.org\/{rel}","templated":true}]}}