{"id":13437,"date":"2025-05-09T13:28:01","date_gmt":"2025-05-09T11:28:01","guid":{"rendered":"https:\/\/new.guidedelcervino.com\/attivita\/non%20class\u00e9\/punta-dufour-4634m\/"},"modified":"2026-01-17T11:04:52","modified_gmt":"2026-01-17T10:04:52","slug":"pointe-dufour-4634m","status":"publish","type":"product","link":"https:\/\/www.guidedelcervino.com\/fr\/attivita\/lalpinisme-a-4000\/pointe-dufour-4634m\/","title":{"rendered":"Pointe Dufour (4634m)"},"content":{"rendered":"<p><strong>Le plus haut sommet de Suisse avec les guides du Cervin<\/strong><\/p>\n<p>La <b>Pointe Dufour<\/b>, dans le massif du Mont Rose, est le <b>plus haut sommet de Suisse<\/b> et le deuxi\u00e8me des Alpes.<\/p>\n<p>Gravir la Dufour est une exp\u00e9rience d'alpinisme intense et enrichissante : un voyage en haute altitude qui exige un bon entra\u00eenement, de la technique et de la motivation, accompagn\u00e9 par la s\u00e9curit\u00e9 et les connaissances des Guides du Cervin.<\/p>\n<p>Nous proposons deux itin\u00e9raires diff\u00e9rents pour atteindre ce sommet prestigieux : un par le versant italien via Gressoney et un par le versant suisse avec d\u00e9part et retour \u00e0 Cervinia.<\/p>\n<p>&nbsp;<\/p>\n<p>&nbsp;<\/p>\n","protected":false},"excerpt":{"rendered":"<p>Le plus haut sommet de Suisse avec les guides du Cervin La Pointe Dufour, dans le massif du Mont Rose, est le plus haut sommet de Suisse et le deuxi\u00e8me des Alpes. Gravir la Dufour est une exp\u00e9rience d'alpinisme intense et enrichissante : un voyage en haute altitude qui exige un bon entra\u00eenement, de la [&hellip;]<\/p>\n","protected":false},"featured_media":13537,"template":"","meta":{"_acf_changed":false},"product_brand":[],"product_cat":[105],"product_tag":[202],"class_list":{"0":"post-13437","1":"product","2":"type-product","3":"status-publish","4":"has-post-thumbnail","6":"product_cat-lalpinisme-a-4000","7":"product_tag-ete","9":"first","10":"instock","11":"shipping-taxable","12":"product-type-simple"},"acf":[],"_links":{"self":[{"href":"https:\/\/www.guidedelcervino.com\/fr\/wp-json\/wp\/v2\/product\/13437","targetHints":{"allow":["GET"]}}],"collection":[{"href":"https:\/\/www.guidedelcervino.com\/fr\/wp-json\/wp\/v2\/product"}],"about":[{"href":"https:\/\/www.guidedelcervino.com\/fr\/wp-json\/wp\/v2\/types\/product"}],"wp:featuredmedia":[{"embeddable":true,"href":"https:\/\/www.guidedelcervino.com\/fr\/wp-json\/wp\/v2\/media\/13537"}],"wp:attachment":[{"href":"https:\/\/www.guidedelcervino.com\/fr\/wp-json\/wp\/v2\/media?parent=13437"}],"wp:term":[{"taxonomy":"product_brand","embeddable":true,"href":"https:\/\/www.guidedelcervino.com\/fr\/wp-json\/wp\/v2\/product_brand?post=13437"},{"taxonomy":"product_cat","embeddable":true,"href":"https:\/\/www.guidedelcervino.com\/fr\/wp-json\/wp\/v2\/product_cat?post=13437"},{"taxonomy":"product_tag","embeddable":true,"href":"https:\/\/www.guidedelcervino.com\/fr\/wp-json\/wp\/v2\/product_tag?post=13437"}],"curies":[{"name":"wp","href":"https:\/\/api.w.org\/{rel}","templated":true}]}}