{"id":13439,"date":"2025-05-09T11:56:14","date_gmt":"2025-05-09T09:56:14","guid":{"rendered":"https:\/\/new.guidedelcervino.com\/attivita\/non%20class\u00e9\/dent-dherens-4-171-m-via-normale-o-cresta-albertini\/"},"modified":"2025-12-14T17:17:01","modified_gmt":"2025-12-14T16:17:01","slug":"dent-dherens-4-171m-voie-normale-ou-larrete-albertini","status":"publish","type":"product","link":"https:\/\/www.guidedelcervino.com\/fr\/attivita\/lalpinisme-a-4000\/dent-dherens-4-171m-voie-normale-ou-larrete-albertini\/","title":{"rendered":"Dent d\u2019H\u00e9rens (4.171m) voie normale ou l'arr\u00e8te Albertini"},"content":{"rendered":"<p><strong>Dent d\u2019H\u00e9rens : deux itin\u00e9raires sur mesure<\/strong><\/p>\n<p>La Dent d\u2019H\u00e9rens, imposante \u00e9paule occidentale du Cervin, est un sommet d'une grande \u00e9l\u00e9gance et personnalit\u00e9. Moins fr\u00e9quent\u00e9e que sa c\u00e9l\u00e8bre \"s\u0153ur\", elle offre des ascensions dans un environnement s\u00e9v\u00e8re mais extraordinairement panoramique.<\/p>\n<p><b>Deux options d'ascension :<\/b><\/p>\n<ol start=\"1\">\n<li><b>La Voie Normale<\/b> avec nuit au Refuge Aosta.<\/li>\n<li><b>L'ascension par Breuil-Cervinia<\/b> via l'Ar\u00eate Albertini.<\/li>\n<\/ol>\n<p><strong>1. Voie Normale \u2013 Ar\u00eate de Tiefenmatten<\/strong><\/p>\n<p>Un parcours classique sur glacier, avec nuit\u00e9e au Refuge Aosta, mont\u00e9e sur le glacier des Grandes Murailles et l'ar\u00eate de Tiefenmatten, un environnement spectaculaire.<\/p>\n<p><strong>2. Ar\u00eate Albertini \u2013 Depuis Cervinia, pour les plus ambitieux<\/strong><\/p>\n<p>Une ligne audacieuse et peu fr\u00e9quent\u00e9e, qui part directement de la vall\u00e9e et se d\u00e9roule enti\u00e8rement sur l'ar\u00eate. Possibilit\u00e9 de monter \u00e0 la journ\u00e9e ou en deux \u00e0 trois jours. Ascension sur demande et n\u00e9gociation priv\u00e9e avec le guide.<\/p>\n","protected":false},"excerpt":{"rendered":"<p>Dent d\u2019H\u00e9rens : deux itin\u00e9raires sur mesure La Dent d\u2019H\u00e9rens, imposante \u00e9paule occidentale du Cervin, est un sommet d'une grande \u00e9l\u00e9gance et personnalit\u00e9. Moins fr\u00e9quent\u00e9e que sa c\u00e9l\u00e8bre \"s\u0153ur\", elle offre des ascensions dans un environnement s\u00e9v\u00e8re mais extraordinairement panoramique. Deux options d'ascension : La Voie Normale avec nuit au Refuge Aosta. L'ascension par Breuil-Cervinia [&hellip;]<\/p>\n","protected":false},"featured_media":11905,"template":"","meta":{"_acf_changed":false},"product_brand":[],"product_cat":[105],"product_tag":[202],"class_list":{"0":"post-13439","1":"product","2":"type-product","3":"status-publish","4":"has-post-thumbnail","6":"product_cat-lalpinisme-a-4000","7":"product_tag-ete","9":"first","10":"instock","11":"shipping-taxable","12":"product-type-simple"},"acf":[],"_links":{"self":[{"href":"https:\/\/www.guidedelcervino.com\/fr\/wp-json\/wp\/v2\/product\/13439","targetHints":{"allow":["GET"]}}],"collection":[{"href":"https:\/\/www.guidedelcervino.com\/fr\/wp-json\/wp\/v2\/product"}],"about":[{"href":"https:\/\/www.guidedelcervino.com\/fr\/wp-json\/wp\/v2\/types\/product"}],"wp:featuredmedia":[{"embeddable":true,"href":"https:\/\/www.guidedelcervino.com\/fr\/wp-json\/wp\/v2\/media\/11905"}],"wp:attachment":[{"href":"https:\/\/www.guidedelcervino.com\/fr\/wp-json\/wp\/v2\/media?parent=13439"}],"wp:term":[{"taxonomy":"product_brand","embeddable":true,"href":"https:\/\/www.guidedelcervino.com\/fr\/wp-json\/wp\/v2\/product_brand?post=13439"},{"taxonomy":"product_cat","embeddable":true,"href":"https:\/\/www.guidedelcervino.com\/fr\/wp-json\/wp\/v2\/product_cat?post=13439"},{"taxonomy":"product_tag","embeddable":true,"href":"https:\/\/www.guidedelcervino.com\/fr\/wp-json\/wp\/v2\/product_tag?post=13439"}],"curies":[{"name":"wp","href":"https:\/\/api.w.org\/{rel}","templated":true}]}}