{"id":13441,"date":"2025-05-09T11:43:28","date_gmt":"2025-05-09T09:43:28","guid":{"rendered":"https:\/\/new.guidedelcervino.com\/attivita\/non%20class\u00e9\/polluce-4092m-e-castore-4228m\/"},"modified":"2025-12-14T15:20:51","modified_gmt":"2025-12-14T14:20:51","slug":"pollux-4092m-et-castor-4228m","status":"publish","type":"product","link":"https:\/\/www.guidedelcervino.com\/fr\/attivita\/lalpinisme-a-4000\/pollux-4092m-et-castor-4228m\/","title":{"rendered":"Pollux (4092m) et Castor (4228m)"},"content":{"rendered":"<p><strong>Pollux (4092m) et Castor (4228m) avec les guides du Cervin.<\/strong><\/p>\n<p>Deux noms de la mythologie classique qui symbolisent l'amiti\u00e9, tout comme ces deux beaux sommets li\u00e9s par une proximit\u00e9 \u00e9ternelle. L'ascension vers ces deux cimes permet la vision de quelques-uns des plus beaux paysages des Alpes, dans un sc\u00e9nario de glaciers et de cr\u00eates enneig\u00e9es qui regarde vers le Cervin. Les Guides du Cervin vous offrent deux formules, en fonction de votre entra\u00eenement et de votre envie d'aventure :<\/p>\n<p><b>Petits groupes ou formules priv\u00e9es pour une exp\u00e9rience personnelle et de qualit\u00e9<\/b><\/p>\n","protected":false},"excerpt":{"rendered":"<p>Pollux (4092m) et Castor (4228m) avec les guides du Cervin. Deux noms de la mythologie classique qui symbolisent l'amiti\u00e9, tout comme ces deux beaux sommets li\u00e9s par une proximit\u00e9 \u00e9ternelle. L'ascension vers ces deux cimes permet la vision de quelques-uns des plus beaux paysages des Alpes, dans un sc\u00e9nario de glaciers et de cr\u00eates enneig\u00e9es [&hellip;]<\/p>\n","protected":false},"featured_media":11920,"template":"","meta":{"_acf_changed":false},"product_brand":[],"product_cat":[105],"product_tag":[202],"class_list":{"0":"post-13441","1":"product","2":"type-product","3":"status-publish","4":"has-post-thumbnail","6":"product_cat-lalpinisme-a-4000","7":"product_tag-ete","9":"first","10":"instock","11":"shipping-taxable","12":"product-type-simple"},"acf":[],"_links":{"self":[{"href":"https:\/\/www.guidedelcervino.com\/fr\/wp-json\/wp\/v2\/product\/13441","targetHints":{"allow":["GET"]}}],"collection":[{"href":"https:\/\/www.guidedelcervino.com\/fr\/wp-json\/wp\/v2\/product"}],"about":[{"href":"https:\/\/www.guidedelcervino.com\/fr\/wp-json\/wp\/v2\/types\/product"}],"wp:featuredmedia":[{"embeddable":true,"href":"https:\/\/www.guidedelcervino.com\/fr\/wp-json\/wp\/v2\/media\/11920"}],"wp:attachment":[{"href":"https:\/\/www.guidedelcervino.com\/fr\/wp-json\/wp\/v2\/media?parent=13441"}],"wp:term":[{"taxonomy":"product_brand","embeddable":true,"href":"https:\/\/www.guidedelcervino.com\/fr\/wp-json\/wp\/v2\/product_brand?post=13441"},{"taxonomy":"product_cat","embeddable":true,"href":"https:\/\/www.guidedelcervino.com\/fr\/wp-json\/wp\/v2\/product_cat?post=13441"},{"taxonomy":"product_tag","embeddable":true,"href":"https:\/\/www.guidedelcervino.com\/fr\/wp-json\/wp\/v2\/product_tag?post=13441"}],"curies":[{"name":"wp","href":"https:\/\/api.w.org\/{rel}","templated":true}]}}