{"id":13443,"date":"2025-05-09T11:35:56","date_gmt":"2025-05-09T09:35:56","guid":{"rendered":"https:\/\/new.guidedelcervino.com\/attivita\/non%20class\u00e9\/monte-bianco\/"},"modified":"2026-02-03T15:47:45","modified_gmt":"2026-02-03T14:47:45","slug":"mont-blanc-4810m","status":"publish","type":"product","link":"https:\/\/www.guidedelcervino.com\/fr\/attivita\/lalpinisme-a-4000\/mont-blanc-4810m\/","title":{"rendered":"Mont Blanc (4810m)"},"content":{"rendered":"<p><strong>Le plus haut sommet d\u2019Europe, avec les guides du Cervin<\/strong><\/p>\n<p>Gravir le <b>Mont Blanc<\/b> est un r\u00eave pour tout alpiniste. Avec ses <b>4 810 m\u00e8tres<\/b>, c'est la reine des Alpes et de l'Europe occidentale, un objectif qui allie effort, \u00e9motion et beaut\u00e9 absolue.<\/p>\n<p>Avec les Guides du Cervin, vous pourrez vivre cette exp\u00e9rience unique en choisissant l'itin\u00e9raire qui vous convient le mieux, en toute s\u00e9curit\u00e9, avec la garantie d'un accompagnement expert et professionnel.<\/p>\n<p><strong>Voie Normale Italienne \u2013 par le Refuge Gonella<\/strong><\/p>\n<p>Une ascension plus solitaire, fascinante et moins fr\u00e9quent\u00e9e que la voie fran\u00e7aise, qui traverse le majestueux <b>Glacier du D\u00f4me<\/b> et la cr\u00eate finale des <b>Bosses<\/b>. Un itin\u00e9raire physiquement exigeant et tr\u00e8s suggestif, loin des foules, qui demande une bonne condition physique et une bonne acclimatation.<\/p>\n<p><strong>Autres options d'ascension avec les Guides du Cervin<\/strong><\/p>\n<ul>\n<li><b>Voie Normale Fran\u00e7aise<\/b> (Go\u00fbter \u2013 D\u00f4me du Go\u00fbter \u2013 Vallot \u2013 Bosses) : la voie la plus fr\u00e9quent\u00e9e, avec un d\u00e9part des Houches et une ascension en deux jours avec nuit au Refuge du Go\u00fbter. Elle n\u00e9cessite une bonne acclimatation et de l'endurance.<\/li>\n<li><b>Voies d'alpinisme plus techniques<\/b> : pour les alpinistes exp\u00e9riment\u00e9s, nous proposons des ascensions plus exigeantes sur demande.<\/li>\n<\/ul>\n","protected":false},"excerpt":{"rendered":"<p>Le plus haut sommet d\u2019Europe, avec les guides du Cervin Gravir le Mont Blanc est un r\u00eave pour tout alpiniste. Avec ses 4 810 m\u00e8tres, c'est la reine des Alpes et de l'Europe occidentale, un objectif qui allie effort, \u00e9motion et beaut\u00e9 absolue. Avec les Guides du Cervin, vous pourrez vivre cette exp\u00e9rience unique en [&hellip;]<\/p>\n","protected":false},"featured_media":11932,"template":"","meta":{"_acf_changed":false},"product_brand":[],"product_cat":[105],"product_tag":[202],"class_list":{"0":"post-13443","1":"product","2":"type-product","3":"status-publish","4":"has-post-thumbnail","6":"product_cat-lalpinisme-a-4000","7":"product_tag-ete","9":"first","10":"instock","11":"shipping-taxable","12":"product-type-simple"},"acf":[],"_links":{"self":[{"href":"https:\/\/www.guidedelcervino.com\/fr\/wp-json\/wp\/v2\/product\/13443","targetHints":{"allow":["GET"]}}],"collection":[{"href":"https:\/\/www.guidedelcervino.com\/fr\/wp-json\/wp\/v2\/product"}],"about":[{"href":"https:\/\/www.guidedelcervino.com\/fr\/wp-json\/wp\/v2\/types\/product"}],"wp:featuredmedia":[{"embeddable":true,"href":"https:\/\/www.guidedelcervino.com\/fr\/wp-json\/wp\/v2\/media\/11932"}],"wp:attachment":[{"href":"https:\/\/www.guidedelcervino.com\/fr\/wp-json\/wp\/v2\/media?parent=13443"}],"wp:term":[{"taxonomy":"product_brand","embeddable":true,"href":"https:\/\/www.guidedelcervino.com\/fr\/wp-json\/wp\/v2\/product_brand?post=13443"},{"taxonomy":"product_cat","embeddable":true,"href":"https:\/\/www.guidedelcervino.com\/fr\/wp-json\/wp\/v2\/product_cat?post=13443"},{"taxonomy":"product_tag","embeddable":true,"href":"https:\/\/www.guidedelcervino.com\/fr\/wp-json\/wp\/v2\/product_tag?post=13443"}],"curies":[{"name":"wp","href":"https:\/\/api.w.org\/{rel}","templated":true}]}}