{"id":13445,"date":"2025-05-09T11:23:58","date_gmt":"2025-05-09T09:23:58","guid":{"rendered":"https:\/\/new.guidedelcervino.com\/attivita\/non%20class\u00e9\/gran-paradiso\/"},"modified":"2025-12-14T15:25:08","modified_gmt":"2025-12-14T14:25:08","slug":"grand-paradis-4061m","status":"publish","type":"product","link":"https:\/\/www.guidedelcervino.com\/fr\/attivita\/lalpinisme-a-4000\/grand-paradis-4061m\/","title":{"rendered":"Grand Paradis (4061m)"},"content":{"rendered":"<p><strong>Le 4000 parfait pour commencer, avec les guides du Cervin<\/strong><\/p>\n<p>Le Grand Paradis est un sommet sp\u00e9cial : le <b>seul 4000 enti\u00e8rement en territoire italien<\/b>, entour\u00e9 de paysages \u00e0 couper le souffle et nich\u00e9 au c\u0153ur du Parc National du m\u00eame nom.<\/p>\n<p>C'est une montagne id\u00e9ale pour ceux qui souhaitent s'initier \u00e0 la <b>haute altitude<\/b>, mais aussi pour ceux qui recherchent une <b>aventure authentique<\/b>, avec des passages sur glacier, des cr\u00eates panoramiques et l'\u00e9motion de conqu\u00e9rir un v\u00e9ritable sommet.<\/p>\n<p>Avec les Guides du Cervin, l'ascension devient une <b>exp\u00e9rience s\u00e9curis\u00e9e, fascinante et accessible<\/b>, parfaite m\u00eame comme premi\u00e8re approche des 4000 des Alpes.<\/p>\n<ul>\n<li>Id\u00e9al comme premi\u00e8re exp\u00e9rience sur un 4000<\/li>\n<li>Assistance compl\u00e8te avec <b>location d'\u00e9quipement technique disponible<\/b><\/li>\n<li>Exp\u00e9rience immersive dans un environnement naturel unique.<\/li>\n<\/ul>\n","protected":false},"excerpt":{"rendered":"<p>Le 4000 parfait pour commencer, avec les guides du Cervin Le Grand Paradis est un sommet sp\u00e9cial : le seul 4000 enti\u00e8rement en territoire italien, entour\u00e9 de paysages \u00e0 couper le souffle et nich\u00e9 au c\u0153ur du Parc National du m\u00eame nom. C'est une montagne id\u00e9ale pour ceux qui souhaitent s'initier \u00e0 la haute altitude, [&hellip;]<\/p>\n","protected":false},"featured_media":11938,"template":"","meta":{"_acf_changed":false},"product_brand":[],"product_cat":[105],"product_tag":[202],"class_list":{"0":"post-13445","1":"product","2":"type-product","3":"status-publish","4":"has-post-thumbnail","6":"product_cat-lalpinisme-a-4000","7":"product_tag-ete","9":"first","10":"instock","11":"shipping-taxable","12":"product-type-simple"},"acf":[],"_links":{"self":[{"href":"https:\/\/www.guidedelcervino.com\/fr\/wp-json\/wp\/v2\/product\/13445","targetHints":{"allow":["GET"]}}],"collection":[{"href":"https:\/\/www.guidedelcervino.com\/fr\/wp-json\/wp\/v2\/product"}],"about":[{"href":"https:\/\/www.guidedelcervino.com\/fr\/wp-json\/wp\/v2\/types\/product"}],"wp:featuredmedia":[{"embeddable":true,"href":"https:\/\/www.guidedelcervino.com\/fr\/wp-json\/wp\/v2\/media\/11938"}],"wp:attachment":[{"href":"https:\/\/www.guidedelcervino.com\/fr\/wp-json\/wp\/v2\/media?parent=13445"}],"wp:term":[{"taxonomy":"product_brand","embeddable":true,"href":"https:\/\/www.guidedelcervino.com\/fr\/wp-json\/wp\/v2\/product_brand?post=13445"},{"taxonomy":"product_cat","embeddable":true,"href":"https:\/\/www.guidedelcervino.com\/fr\/wp-json\/wp\/v2\/product_cat?post=13445"},{"taxonomy":"product_tag","embeddable":true,"href":"https:\/\/www.guidedelcervino.com\/fr\/wp-json\/wp\/v2\/product_tag?post=13445"}],"curies":[{"name":"wp","href":"https:\/\/api.w.org\/{rel}","templated":true}]}}