{"id":13447,"date":"2025-05-09T11:15:39","date_gmt":"2025-05-09T09:15:39","guid":{"rendered":"https:\/\/new.guidedelcervino.com\/attivita\/non%20class\u00e9\/capanna-margherita-4554m-il-rifugio-piu-alto-deuropa\/"},"modified":"2025-11-18T09:15:07","modified_gmt":"2025-11-18T08:15:07","slug":"capanna-margherita-4554m-le-refuge-de-plus-haut-deurope","status":"publish","type":"product","link":"https:\/\/www.guidedelcervino.com\/fr\/attivita\/lalpinisme-a-4000\/capanna-margherita-4554m-le-refuge-de-plus-haut-deurope\/","title":{"rendered":"Capanna Margherita (4554m) le refuge de plus haut d'Europe"},"content":{"rendered":"<p><strong>Le refuge le plus haut d\u2019Europe, avec les guides du Cervin<\/strong><\/p>\n<p>Une exp\u00e9rience extraordinaire en haute altitude : la <b>Cabane Reine Marguerite (Capanna Regina Margherita)<\/b>, construite sur le point le plus \u00e9lev\u00e9 de la <b>Punta Gnifetti (4 554 m)<\/b>, est le refuge le plus haut d\u2019Europe. L\u2019atteindre signifie vivre une v\u00e9ritable aventure alpine, plong\u00e9 dans le spectacle des glaciers du Mont Rose et entour\u00e9 de sommets l\u00e9gendaires.<\/p>\n<p>Les <b>Guides du Cervin<\/b> vous accompagneront en toute s\u00e9curit\u00e9 le long du Glacier du Lys, \u00e0 travers un environnement fascinant et majestueux, jusqu\u2019\u00e0 la conqu\u00eate de ce sommet unique et panoramique.<\/p>\n","protected":false},"excerpt":{"rendered":"<p>Le refuge le plus haut d\u2019Europe, avec les guides du Cervin Une exp\u00e9rience extraordinaire en haute altitude : la Cabane Reine Marguerite (Capanna Regina Margherita), construite sur le point le plus \u00e9lev\u00e9 de la Punta Gnifetti (4 554 m), est le refuge le plus haut d\u2019Europe. L\u2019atteindre signifie vivre une v\u00e9ritable aventure alpine, plong\u00e9 dans [&hellip;]<\/p>\n","protected":false},"featured_media":11941,"template":"","meta":{"_acf_changed":false},"product_brand":[],"product_cat":[105],"product_tag":[202],"class_list":{"0":"post-13447","1":"product","2":"type-product","3":"status-publish","4":"has-post-thumbnail","6":"product_cat-lalpinisme-a-4000","7":"product_tag-ete","9":"first","10":"instock","11":"shipping-taxable","12":"product-type-simple"},"acf":[],"_links":{"self":[{"href":"https:\/\/www.guidedelcervino.com\/fr\/wp-json\/wp\/v2\/product\/13447","targetHints":{"allow":["GET"]}}],"collection":[{"href":"https:\/\/www.guidedelcervino.com\/fr\/wp-json\/wp\/v2\/product"}],"about":[{"href":"https:\/\/www.guidedelcervino.com\/fr\/wp-json\/wp\/v2\/types\/product"}],"wp:featuredmedia":[{"embeddable":true,"href":"https:\/\/www.guidedelcervino.com\/fr\/wp-json\/wp\/v2\/media\/11941"}],"wp:attachment":[{"href":"https:\/\/www.guidedelcervino.com\/fr\/wp-json\/wp\/v2\/media?parent=13447"}],"wp:term":[{"taxonomy":"product_brand","embeddable":true,"href":"https:\/\/www.guidedelcervino.com\/fr\/wp-json\/wp\/v2\/product_brand?post=13447"},{"taxonomy":"product_cat","embeddable":true,"href":"https:\/\/www.guidedelcervino.com\/fr\/wp-json\/wp\/v2\/product_cat?post=13447"},{"taxonomy":"product_tag","embeddable":true,"href":"https:\/\/www.guidedelcervino.com\/fr\/wp-json\/wp\/v2\/product_tag?post=13447"}],"curies":[{"name":"wp","href":"https:\/\/api.w.org\/{rel}","templated":true}]}}