{"id":13449,"date":"2025-05-09T11:09:28","date_gmt":"2025-05-09T09:09:28","guid":{"rendered":"https:\/\/new.guidedelcervino.com\/attivita\/non%20class\u00e9\/4000-del-vallese\/"},"modified":"2025-11-19T13:10:23","modified_gmt":"2025-11-19T12:10:23","slug":"les-4000-du-valais","status":"publish","type":"product","link":"https:\/\/www.guidedelcervino.com\/fr\/attivita\/lalpinisme-a-4000\/les-4000-du-valais\/","title":{"rendered":"Les \"4000\" du Valais"},"content":{"rendered":"<p>Le Valais suisse abrite quelques-uns des sommets les plus embl\u00e9matiques et spectaculaires des Alpes. Les Guides du Cervin vous accompagnent \u00e0 la d\u00e9couverte de six magnifiques \"4000\", entre esth\u00e9tique alpine, d\u00e9fis techniques et panoramas \u00e9poustouflants.<\/p>\n<ul>\n<li><b>Dent Blanche (4 357 m)<\/b> Montagne \u00e9l\u00e9gante et majestueuse, la Dent Blanche domine le Val d\u2019H\u00e9rens avec sa pyramide inimitable. Une ascension r\u00e9serv\u00e9e aux alpinistes bien pr\u00e9par\u00e9s, elle offre des \u00e9motions authentiques dans un environnement solitaire et grandiose.<\/li>\n<li><b>Zinalrothorn (4 221 m)<\/b> C\u00e9l\u00e8bre pour son ar\u00eate effil\u00e9e et son escalade sur excellent granite, ce sommet est l'une des plus belles exp\u00e9riences en haute altitude des Alpes. Technique, amusant et panoramique, il est l'un des favoris de nos guides.<\/li>\n<li><b>Obergabelhorn (4 063 m)<\/b> Un sommet \u00e9l\u00e9gant et complet, avec des ascensions qui alternent neige, glace et rocher dans des environnements de haute montagne. L'ar\u00eate d'Arbengrat, en particulier, offre un itin\u00e9raire sauvage et peu fr\u00e9quent\u00e9, le tout avec une vue spectaculaire sur le versant suisse du Cervin.<\/li>\n<li><b>Weisshorn (4 506 m)<\/b> Consid\u00e9r\u00e9 comme l'une des plus belles montagnes de l'ensemble de l'arc alpin, le Weisshorn exige une excellente condition physique et de l'exp\u00e9rience. Une des ascensions les plus convoit\u00e9es, r\u00e9serv\u00e9e aux alpinistes les plus d\u00e9termin\u00e9s.<\/li>\n<li><b>Alphubel (4 206 m)<\/b> Un sommet plus accessible et parfait pour commencer \u00e0 se familiariser avec l'environnement des 4000. L'ascension depuis T\u00e4sch est id\u00e9ale pour ceux qui recherchent une premi\u00e8re exp\u00e9rience en toute s\u00e9curit\u00e9, accompagn\u00e9s de guides exp\u00e9riment\u00e9s.<\/li>\n<li><b>Rimpfischhorn (4 199 m)<\/b> Loin des itin\u00e9raires les plus fr\u00e9quent\u00e9s, le Rimpfischhorn offre une aventure alpine compl\u00e8te. La vue depuis le sommet s'\u00e9tend sur tout le massif du Mont Rose et les sommets environnants, pour une satisfaction inestimable.<\/li>\n<\/ul>\n","protected":false},"excerpt":{"rendered":"<p>Le Valais suisse abrite quelques-uns des sommets les plus embl\u00e9matiques et spectaculaires des Alpes. Les Guides du Cervin vous accompagnent \u00e0 la d\u00e9couverte de six magnifiques \"4000\", entre esth\u00e9tique alpine, d\u00e9fis techniques et panoramas \u00e9poustouflants. Dent Blanche (4 357 m) Montagne \u00e9l\u00e9gante et majestueuse, la Dent Blanche domine le Val d\u2019H\u00e9rens avec sa pyramide inimitable. [&hellip;]<\/p>\n","protected":false},"featured_media":15283,"template":"","meta":{"_acf_changed":false},"product_brand":[],"product_cat":[105],"product_tag":[202],"class_list":{"0":"post-13449","1":"product","2":"type-product","3":"status-publish","4":"has-post-thumbnail","6":"product_cat-lalpinisme-a-4000","7":"product_tag-ete","9":"first","10":"instock","11":"shipping-taxable","12":"product-type-simple"},"acf":[],"_links":{"self":[{"href":"https:\/\/www.guidedelcervino.com\/fr\/wp-json\/wp\/v2\/product\/13449","targetHints":{"allow":["GET"]}}],"collection":[{"href":"https:\/\/www.guidedelcervino.com\/fr\/wp-json\/wp\/v2\/product"}],"about":[{"href":"https:\/\/www.guidedelcervino.com\/fr\/wp-json\/wp\/v2\/types\/product"}],"wp:featuredmedia":[{"embeddable":true,"href":"https:\/\/www.guidedelcervino.com\/fr\/wp-json\/wp\/v2\/media\/15283"}],"wp:attachment":[{"href":"https:\/\/www.guidedelcervino.com\/fr\/wp-json\/wp\/v2\/media?parent=13449"}],"wp:term":[{"taxonomy":"product_brand","embeddable":true,"href":"https:\/\/www.guidedelcervino.com\/fr\/wp-json\/wp\/v2\/product_brand?post=13449"},{"taxonomy":"product_cat","embeddable":true,"href":"https:\/\/www.guidedelcervino.com\/fr\/wp-json\/wp\/v2\/product_cat?post=13449"},{"taxonomy":"product_tag","embeddable":true,"href":"https:\/\/www.guidedelcervino.com\/fr\/wp-json\/wp\/v2\/product_tag?post=13449"}],"curies":[{"name":"wp","href":"https:\/\/api.w.org\/{rel}","templated":true}]}}