{"id":13451,"date":"2025-05-08T10:52:58","date_gmt":"2025-05-08T08:52:58","guid":{"rendered":"https:\/\/new.guidedelcervino.com\/attivita\/non%20class\u00e9\/accompagnamento-in-pista-nel-comprensorio-cervinia-zermatt\/"},"modified":"2025-12-16T10:54:54","modified_gmt":"2025-12-16T09:54:54","slug":"accompagnement-sur-les-pistes-sur-le-domaine-skiable-cervinia-zermatt","status":"publish","type":"product","link":"https:\/\/www.guidedelcervino.com\/fr\/attivita\/accompagnement-sur-la-piste\/accompagnement-sur-les-pistes-sur-le-domaine-skiable-cervinia-zermatt\/","title":{"rendered":"Accompagnement sur les pistes sur le Domaine Skiable Cervinia Zermatt"},"content":{"rendered":"<p><strong>\u00c0 la d\u00e9couverte du domaine Cervinia\u2013Zermatt avec les guides du Cervin<\/strong><\/p>\n<p><b>Ski accompagn\u00e9 sur piste entre l'Italie et la Suisse, avec ceux qui connaissent vraiment la montagne<\/b><\/p>\n<p>Souhaitez-vous d\u00e9couvrir tout le meilleur du domaine de Cervinia et Zermatt, sans souci et avec la valeur ajout\u00e9e de l'exp\u00e9rience d'un guide de montagne local ?<\/p>\n<p>Faites confiance aux <b>Guides du Cervin<\/b> pour une journ\u00e9e de ski accompagn\u00e9 entre paysages spectaculaires, pistes parfaitement dam\u00e9es et les meilleurs coins cach\u00e9s de l'un des plus beaux domaines skiables au monde.<\/p>\n<p>Des larges descentes de Cervinia aux passages frontaliers vers Zermatt, en passant sous les parois imposantes du Cervin et du Mont Rose, nous vous guiderons le long d'un itin\u00e9raire <b>sur mesure<\/b>, adapt\u00e9 \u00e0 votre niveau technique et \u00e0 vos d\u00e9sirs.<\/p>\n<ul>\n<li><b>Pas de files d'attente<\/b>,<\/li>\n<li><b>Pas de carte \u00e0 \u00e9tudier<\/b> :<\/li>\n<\/ul>\n<p>Seulement du ski, du plaisir et des panoramas \u00e0 couper le souffle.<\/p>\n<p>Une journ\u00e9e de ski qui n'est pas seulement du sport, mais de la <b>d\u00e9couverte<\/b>, de la <b>beaut\u00e9<\/b> et de la <b>passion<\/b> pour la montagne.<\/p>\n","protected":false},"excerpt":{"rendered":"<p>\u00c0 la d\u00e9couverte du domaine Cervinia\u2013Zermatt avec les guides du Cervin Ski accompagn\u00e9 sur piste entre l'Italie et la Suisse, avec ceux qui connaissent vraiment la montagne Souhaitez-vous d\u00e9couvrir tout le meilleur du domaine de Cervinia et Zermatt, sans souci et avec la valeur ajout\u00e9e de l'exp\u00e9rience d'un guide de montagne local ? Faites confiance [&hellip;]<\/p>\n","protected":false},"featured_media":11959,"template":"","meta":{"_acf_changed":false},"product_brand":[],"product_cat":[206],"product_tag":[204],"class_list":{"0":"post-13451","1":"product","2":"type-product","3":"status-publish","4":"has-post-thumbnail","6":"product_cat-accompagnement-sur-la-piste","7":"product_tag-hiver","9":"first","10":"outofstock","11":"shipping-taxable","12":"product-type-variable"},"acf":[],"_links":{"self":[{"href":"https:\/\/www.guidedelcervino.com\/fr\/wp-json\/wp\/v2\/product\/13451","targetHints":{"allow":["GET"]}}],"collection":[{"href":"https:\/\/www.guidedelcervino.com\/fr\/wp-json\/wp\/v2\/product"}],"about":[{"href":"https:\/\/www.guidedelcervino.com\/fr\/wp-json\/wp\/v2\/types\/product"}],"wp:featuredmedia":[{"embeddable":true,"href":"https:\/\/www.guidedelcervino.com\/fr\/wp-json\/wp\/v2\/media\/11959"}],"wp:attachment":[{"href":"https:\/\/www.guidedelcervino.com\/fr\/wp-json\/wp\/v2\/media?parent=13451"}],"wp:term":[{"taxonomy":"product_brand","embeddable":true,"href":"https:\/\/www.guidedelcervino.com\/fr\/wp-json\/wp\/v2\/product_brand?post=13451"},{"taxonomy":"product_cat","embeddable":true,"href":"https:\/\/www.guidedelcervino.com\/fr\/wp-json\/wp\/v2\/product_cat?post=13451"},{"taxonomy":"product_tag","embeddable":true,"href":"https:\/\/www.guidedelcervino.com\/fr\/wp-json\/wp\/v2\/product_tag?post=13451"}],"curies":[{"name":"wp","href":"https:\/\/api.w.org\/{rel}","templated":true}]}}