{"id":13490,"date":"2025-09-17T18:15:03","date_gmt":"2025-09-17T16:15:03","guid":{"rendered":"https:\/\/new.guidedelcervino.com\/attivita\/non%20class\u00e9\/tour-del-monte-rosa-con-gli-sci\/"},"modified":"2025-11-30T17:09:25","modified_gmt":"2025-11-30T16:09:25","slug":"tour-du-mont-rose-a-ski","status":"publish","type":"product","link":"https:\/\/www.guidedelcervino.com\/fr\/attivita\/ski-de-randonnee\/tour-du-mont-rose-a-ski\/","title":{"rendered":"Tour du Mont Rose \u00e0 ski"},"content":{"rendered":"<p><b>Un voyage unique au milieu des g\u00e9ants des Alpes<\/b><\/p>\n<p>Une aventure de <b>ski de randonn\u00e9e<\/b> entre l'Italie et la Suisse, plongez au c\u0153ur du massif du <b>Mont Rose<\/b>, avec l'expertise des <b>Guides du Cervin<\/b>. Un itin\u00e9raire spectaculaire qui relie <b>Cervinia, Champoluc, Gressoney et Zermatt<\/b>, traversant des environnements glaciaires majestueux et des refuges historiques, avec la possibilit\u00e9 de conqu\u00e9rir des sommets de plus de <b>4 000 m\u00e8tres<\/b>, ou simplement de profiter des plus belles descentes de <b>freeride<\/b> des Alpes.<\/p>\n<p>Un tour con\u00e7u pour les <b>skieurs-alpinistes de niveau interm\u00e9diaire<\/b> \u00e0 la recherche d'une exp\u00e9rience compl\u00e8te : mont\u00e9es en peaux de phoque, descentes palpitantes, panoramas grandioses et un accueil chaleureux dans les refuges de haute altitude.<\/p>\n","protected":false},"excerpt":{"rendered":"<p>Un voyage unique au milieu des g\u00e9ants des Alpes Une aventure de ski de randonn\u00e9e entre l'Italie et la Suisse, plongez au c\u0153ur du massif du Mont Rose, avec l'expertise des Guides du Cervin. Un itin\u00e9raire spectaculaire qui relie Cervinia, Champoluc, Gressoney et Zermatt, traversant des environnements glaciaires majestueux et des refuges historiques, avec la [&hellip;]<\/p>\n","protected":false},"featured_media":11750,"template":"","meta":{"_acf_changed":false},"product_brand":[],"product_cat":[123,115],"product_tag":[204],"class_list":{"0":"post-13490","1":"product","2":"type-product","3":"status-publish","4":"has-post-thumbnail","6":"product_cat-ski-de-randonnee","7":"product_cat-ski-et-snowboard-hors-piste","8":"product_tag-hiver","10":"first","11":"instock","12":"shipping-taxable","13":"product-type-simple"},"acf":[],"_links":{"self":[{"href":"https:\/\/www.guidedelcervino.com\/fr\/wp-json\/wp\/v2\/product\/13490","targetHints":{"allow":["GET"]}}],"collection":[{"href":"https:\/\/www.guidedelcervino.com\/fr\/wp-json\/wp\/v2\/product"}],"about":[{"href":"https:\/\/www.guidedelcervino.com\/fr\/wp-json\/wp\/v2\/types\/product"}],"wp:featuredmedia":[{"embeddable":true,"href":"https:\/\/www.guidedelcervino.com\/fr\/wp-json\/wp\/v2\/media\/11750"}],"wp:attachment":[{"href":"https:\/\/www.guidedelcervino.com\/fr\/wp-json\/wp\/v2\/media?parent=13490"}],"wp:term":[{"taxonomy":"product_brand","embeddable":true,"href":"https:\/\/www.guidedelcervino.com\/fr\/wp-json\/wp\/v2\/product_brand?post=13490"},{"taxonomy":"product_cat","embeddable":true,"href":"https:\/\/www.guidedelcervino.com\/fr\/wp-json\/wp\/v2\/product_cat?post=13490"},{"taxonomy":"product_tag","embeddable":true,"href":"https:\/\/www.guidedelcervino.com\/fr\/wp-json\/wp\/v2\/product_tag?post=13490"}],"curies":[{"name":"wp","href":"https:\/\/api.w.org\/{rel}","templated":true}]}}