{"id":13505,"date":"2025-09-18T09:05:33","date_gmt":"2025-09-18T07:05:33","guid":{"rendered":"https:\/\/new.guidedelcervino.com\/attivita\/non%20class\u00e9\/corso-di-arrampicata-su-ghiaccio\/"},"modified":"2025-11-30T18:31:21","modified_gmt":"2025-11-30T17:31:21","slug":"stage-descalade-sur-glace","status":"publish","type":"product","link":"https:\/\/www.guidedelcervino.com\/fr\/attivita\/cours\/stage-descalade-sur-glace\/","title":{"rendered":"Stage d'escalade sur glace"},"content":{"rendered":"<p><b>2 jours pour d\u00e9couvrir et vivre la magie des cascades de glace<\/b><\/p>\n<p>Un cours immersif, destin\u00e9 \u00e0 ceux qui souhaitent s'initier \u00e0 l'<b>escalade sur glace<\/b> ou perfectionner leur technique en environnement hivernal. Au cours de trois journ\u00e9es intenses et captivantes, les <b>Guides du Cervin<\/b> vous accompagneront pas \u00e0 pas dans l'apprentissage des techniques fondamentales de progression sur glace, de l'utilisation correcte du mat\u00e9riel et des r\u00e8gles de s\u00e9curit\u00e9 en milieu alpin.<\/p>\n<p>Les journ\u00e9es se d\u00e9rouleront \u00e0 l'<b>Ice Park de Perr\u00e8res<\/b>, un environnement id\u00e9al et contr\u00f4l\u00e9 pour acqu\u00e9rir de l'assurance et de la confiance avec les <b>crampons<\/b> et les <b>piolets<\/b>.<\/p>\n","protected":false},"excerpt":{"rendered":"<p>2 jours pour d\u00e9couvrir et vivre la magie des cascades de glace Un cours immersif, destin\u00e9 \u00e0 ceux qui souhaitent s'initier \u00e0 l'escalade sur glace ou perfectionner leur technique en environnement hivernal. Au cours de trois journ\u00e9es intenses et captivantes, les Guides du Cervin vous accompagneront pas \u00e0 pas dans l'apprentissage des techniques fondamentales de [&hellip;]<\/p>\n","protected":false},"featured_media":11853,"template":"","meta":{"_acf_changed":false},"product_brand":[],"product_cat":[210],"product_tag":[200],"class_list":{"0":"post-13505","1":"product","2":"type-product","3":"status-publish","4":"has-post-thumbnail","6":"product_cat-cours","7":"product_tag-cours","9":"first","10":"instock","11":"shipping-taxable","12":"product-type-variable"},"acf":[],"_links":{"self":[{"href":"https:\/\/www.guidedelcervino.com\/fr\/wp-json\/wp\/v2\/product\/13505","targetHints":{"allow":["GET"]}}],"collection":[{"href":"https:\/\/www.guidedelcervino.com\/fr\/wp-json\/wp\/v2\/product"}],"about":[{"href":"https:\/\/www.guidedelcervino.com\/fr\/wp-json\/wp\/v2\/types\/product"}],"wp:featuredmedia":[{"embeddable":true,"href":"https:\/\/www.guidedelcervino.com\/fr\/wp-json\/wp\/v2\/media\/11853"}],"wp:attachment":[{"href":"https:\/\/www.guidedelcervino.com\/fr\/wp-json\/wp\/v2\/media?parent=13505"}],"wp:term":[{"taxonomy":"product_brand","embeddable":true,"href":"https:\/\/www.guidedelcervino.com\/fr\/wp-json\/wp\/v2\/product_brand?post=13505"},{"taxonomy":"product_cat","embeddable":true,"href":"https:\/\/www.guidedelcervino.com\/fr\/wp-json\/wp\/v2\/product_cat?post=13505"},{"taxonomy":"product_tag","embeddable":true,"href":"https:\/\/www.guidedelcervino.com\/fr\/wp-json\/wp\/v2\/product_tag?post=13505"}],"curies":[{"name":"wp","href":"https:\/\/api.w.org\/{rel}","templated":true}]}}