{"id":13720,"date":"2025-05-22T14:20:28","date_gmt":"2025-05-22T12:20:28","guid":{"rendered":"https:\/\/new.guidedelcervino.com\/attivita\/non%20class\u00e9\/breithorn-4165m-salita-di-gruppo\/"},"modified":"2026-04-14T09:29:03","modified_gmt":"2026-04-14T07:29:03","slug":"breithorn-4165m-ascension-en-groupe","status":"publish","type":"product","link":"https:\/\/www.guidedelcervino.com\/fr\/attivita\/breithorn-fr\/breithorn-4165m-ascension-en-groupe\/","title":{"rendered":"Breithorn (4165m) - Ascension en groupe"},"content":{"rendered":"<p><b>Breithorn Occidental (4165 m) avec les guides du Cervin<\/b><\/p>\n<p><b>La porte d'entr\u00e9e des 4000 : une grande \u00e9motion \u00e0 port\u00e9e de main<\/b><\/p>\n<p>Le Breithorn Occidental, gr\u00e2ce \u00e0 sa position et son accessibilit\u00e9, est consid\u00e9r\u00e9 comme le sommet de quatre mille m\u00e8tres id\u00e9al pour ceux qui souhaitent vivre l'\u00e9motion de la haute altitude en toute s\u00e9curit\u00e9, accompagn\u00e9s par les Guides experts du Cervin.<\/p>\n<p>L'ascension se d\u00e9roule dans un environnement majestueux, entour\u00e9 de certains des g\u00e9ants des Alpes comme le Cervin et le massif du Mont Rose.<\/p>\n<p>Facile, mais elle n\u00e9cessite tout de m\u00eame un <b>bon entra\u00eenement<\/b>. Avec nous, cette ascension devient une exp\u00e9rience s\u00fbre, passionnante et inoubliable.<\/p>\n<p>Vivez votre premier 4000 ou perfectionnez votre technique en haute altitude !<\/p>\n<p>Avec les Guides du Cervin, le Breithorn vous offrira une exp\u00e9rience unique et excitante, \u00e0 la d\u00e9couverte de la grande montagne.<\/p>\n","protected":false},"excerpt":{"rendered":"<p>Breithorn Occidental (4165 m) avec les guides du Cervin La porte d'entr\u00e9e des 4000 : une grande \u00e9motion \u00e0 port\u00e9e de main Le Breithorn Occidental, gr\u00e2ce \u00e0 sa position et son accessibilit\u00e9, est consid\u00e9r\u00e9 comme le sommet de quatre mille m\u00e8tres id\u00e9al pour ceux qui souhaitent vivre l'\u00e9motion de la haute altitude en toute s\u00e9curit\u00e9, [&hellip;]<\/p>\n","protected":false},"featured_media":11835,"template":"","meta":{"_acf_changed":false},"product_brand":[],"product_cat":[208],"product_tag":[202,204],"class_list":{"0":"post-13720","1":"product","2":"type-product","3":"status-publish","4":"has-post-thumbnail","6":"product_cat-breithorn-fr","7":"product_tag-ete","8":"product_tag-hiver","10":"first","11":"outofstock","12":"shipping-taxable","13":"product-type-variable"},"acf":[],"_links":{"self":[{"href":"https:\/\/www.guidedelcervino.com\/fr\/wp-json\/wp\/v2\/product\/13720","targetHints":{"allow":["GET"]}}],"collection":[{"href":"https:\/\/www.guidedelcervino.com\/fr\/wp-json\/wp\/v2\/product"}],"about":[{"href":"https:\/\/www.guidedelcervino.com\/fr\/wp-json\/wp\/v2\/types\/product"}],"wp:featuredmedia":[{"embeddable":true,"href":"https:\/\/www.guidedelcervino.com\/fr\/wp-json\/wp\/v2\/media\/11835"}],"wp:attachment":[{"href":"https:\/\/www.guidedelcervino.com\/fr\/wp-json\/wp\/v2\/media?parent=13720"}],"wp:term":[{"taxonomy":"product_brand","embeddable":true,"href":"https:\/\/www.guidedelcervino.com\/fr\/wp-json\/wp\/v2\/product_brand?post=13720"},{"taxonomy":"product_cat","embeddable":true,"href":"https:\/\/www.guidedelcervino.com\/fr\/wp-json\/wp\/v2\/product_cat?post=13720"},{"taxonomy":"product_tag","embeddable":true,"href":"https:\/\/www.guidedelcervino.com\/fr\/wp-json\/wp\/v2\/product_tag?post=13720"}],"curies":[{"name":"wp","href":"https:\/\/api.w.org\/{rel}","templated":true}]}}